{"id":9423,"date":"2018-09-23T16:57:51","date_gmt":"2018-09-23T14:57:51","guid":{"rendered":"http:\/\/utrera.salesianos.edu\/centrojuvenil\/centro-juvenil\/"},"modified":"2026-02-23T14:14:16","modified_gmt":"2026-02-23T13:14:16","slug":"saludo-coordinadora","status":"publish","type":"page","link":"https:\/\/utrera.salesianos.edu\/centrojuvenil\/saludo-coordinadora\/","title":{"rendered":"Saludo de la Coordinadora de Pastoral"},"content":{"rendered":"<div id=\"fb-root\"><\/div>\n<p>[et_pb_section fb_built=\u00bb1&#8243; fullwidth=\u00bbon\u00bb _builder_version=\u00bb4.16&#8243; global_colors_info=\u00bb{}\u00bb][et_pb_fullwidth_header title=\u00bbSaludo de la Coordinadora \u00bb title_font_color=\u00bb#ffffff\u00bb module_class=\u00bbpagina-imagen-cabecera\u00bb _builder_version=\u00bb4.23.1&#8243; title_font=\u00bbAmatic SC||||||||\u00bb title_text_color=\u00bb#ffffff\u00bb title_font_size=\u00bb40px\u00bb background_color=\u00bbrgba(255, 255, 255, 0)\u00bb background_image=\u00bbhttps:\/\/inspectoria.salesianos.edu\/wp-content\/uploads\/2017\/09\/ImagenPAGINA.jpg\u00bb max_width_tablet=\u00bb50px\u00bb text_shadow_style=\u00bbpreset3&#8243; background_url=\u00bbhttps:\/\/alicante.salesianos.edu\/colegio\/wp-content\/uploads\/sites\/2\/2017\/03\/Captura-de-pantalla-2017-03-21-a-las-17.25.56.png\u00bb saved_tabs=\u00bball\u00bb global_colors_info=\u00bb{}\u00bb button_one_text_size__hover_enabled=\u00bboff\u00bb button_one_text_size__hover=\u00bbnull\u00bb button_two_text_size__hover_enabled=\u00bboff\u00bb button_two_text_size__hover=\u00bbnull\u00bb button_one_text_color__hover_enabled=\u00bboff\u00bb button_one_text_color__hover=\u00bbnull\u00bb button_two_text_color__hover_enabled=\u00bboff\u00bb button_two_text_color__hover=\u00bbnull\u00bb button_one_border_width__hover_enabled=\u00bboff\u00bb button_one_border_width__hover=\u00bbnull\u00bb button_two_border_width__hover_enabled=\u00bboff\u00bb button_two_border_width__hover=\u00bbnull\u00bb button_one_border_color__hover_enabled=\u00bboff\u00bb button_one_border_color__hover=\u00bbnull\u00bb button_two_border_color__hover_enabled=\u00bboff\u00bb button_two_border_color__hover=\u00bbnull\u00bb button_one_border_radius__hover_enabled=\u00bboff\u00bb button_one_border_radius__hover=\u00bbnull\u00bb button_two_border_radius__hover_enabled=\u00bboff\u00bb button_two_border_radius__hover=\u00bbnull\u00bb button_one_letter_spacing__hover_enabled=\u00bboff\u00bb button_one_letter_spacing__hover=\u00bbnull\u00bb button_two_letter_spacing__hover_enabled=\u00bboff\u00bb button_two_letter_spacing__hover=\u00bbnull\u00bb button_one_bg_color__hover_enabled=\u00bboff\u00bb button_one_bg_color__hover=\u00bbnull\u00bb button_two_bg_color__hover_enabled=\u00bboff\u00bb button_two_bg_color__hover=\u00bbnull\u00bb][\/et_pb_fullwidth_header][\/et_pb_section][et_pb_section fb_built=\u00bb1&#8243; module_class=\u00bbpagina-seccion-contenido\u00bb _builder_version=\u00bb4.16&#8243; custom_padding=\u00bb0%|||\u00bb global_colors_info=\u00bb{}\u00bb][et_pb_row module_class=\u00bbpagina-texto\u00bb _builder_version=\u00bb4.16&#8243; background_size=\u00bbinitial\u00bb background_position=\u00bbtop_left\u00bb background_repeat=\u00bbrepeat\u00bb custom_margin=\u00bb25px|||\u00bb custom_padding=\u00bb25px|||\u00bb global_colors_info=\u00bb{}\u00bb][et_pb_column type=\u00bb4_4&#8243; _builder_version=\u00bb4.16&#8243; custom_padding=\u00bb|||\u00bb global_colors_info=\u00bb{}\u00bb custom_padding__hover=\u00bb|||\u00bb][et_pb_text _builder_version=\u00bb4.23.1&#8243; text_font=\u00bbAmatic SC||||||||\u00bb header_font=\u00bbAmatic SC||||||||\u00bb header_font_size=\u00bb36px\u00bb background_size=\u00bbinitial\u00bb background_position=\u00bbtop_left\u00bb background_repeat=\u00bbrepeat\u00bb global_colors_info=\u00bb{}\u00bb]<\/p>\n<h1>Centro Juvenil<\/h1>\n<p>[\/et_pb_text][et_pb_text _builder_version=\u00bb4.23.1&#8243; global_colors_info=\u00bb{}\u00bb]<\/p>\n<p>Los Centros Juveniles Salesianos, inspir\u00e1ndose en la experiencia educativa de Don Bosco y en su Sistema Preventivo, se configuran en la sociedad actual como oferta a los j\u00f3venes de una zona determinada, con una propuesta educativa integral en el tiempo libre.<\/p>\n<p>Responden, con medios concretos de tipo personal, cultural o social, a los\u00a0<strong>intereses<\/strong>,\u00a0<strong>inquietudes<\/strong>\u00a0y\u00a0<strong>necesidades<\/strong>\u00a0m\u00e1s profundas de los j\u00f3venes, en clima de libertad, responsabilidad y respeto.<\/p>\n<p>Hace una\u00a0<strong>propuesta de valores<\/strong>\u00a0de inspiraci\u00f3n evang\u00e9lica, y posibilita su experiencia concreta y favorecen la\u00a0<strong>creaci\u00f3n de una comunidad educativa<\/strong>\u00a0juvenil en la que j\u00f3venes y animadores viven una misma experiencia y descubren una vida con sentido.<\/p>\n<p>Los CENTROS JUVENILES SALESIANOS son ambientes educativos de vida joven y de experiencia cristiana. Se presentan como espacios de animaci\u00f3n de la cultura representativa de los j\u00f3venes, y de proyecci\u00f3n para un mayor compromiso en la vida personal, familiar, social y eclesial de sus miembros, junto a todos los grupos y movimientos que, en una zona trabajan con y para los j\u00f3venes.<\/p>\n<p>[\/et_pb_text][et_pb_testimonial author=\u00bbD\u00aa. M\u00aa del Carmen \u00c1vila Rodr\u00edguez (pj.utrera@salesianos.edu)\u00bb job_title=\u00bbCoordinadora de Pastoral de la Obra\u00bb url=\u00bbmailto:pj.utrera@salesianos.edu\u00bb _builder_version=\u00bb4.23.1&#8243; body_text_align=\u00bbjustify\u00bb background_size=\u00bbinitial\u00bb background_position=\u00bbtop_left\u00bb background_repeat=\u00bbrepeat\u00bb custom_margin=\u00bb35px|||\u00bb hover_enabled=\u00bb0&#8243; border_style=\u00bbsolid\u00bb global_colors_info=\u00bb{}\u00bb sticky_enabled=\u00bb0&#8243; custom_padding=\u00bb|||7px||\u00bb]<\/p>\n<p>Mi nombre es Mar\u00eda del Carmen \u00c1vila Rodr\u00edguez y, con alegr\u00eda y esp\u00edritu de servicio, asumo de nuevo la coordinaci\u00f3n de la pastoral en nuestra casa salesiana de Utrera.<\/p>\n<p>Como Salesiana Cooperadora y profesora de Ciencias en ESO y Bachillerato, vivo con ilusi\u00f3n la misi\u00f3n de educar y acompa\u00f1ar a los j\u00f3venes, ayud\u00e1ndoles a descubrir el sue\u00f1o que Dios tiene para cada uno de ellos.<\/p>\n<p>El lema que nos gu\u00eda este curso, \u201cProtagonistas de la historia\u201d, nos recuerda que no somos simples espectadores, sino que cada uno de nosotros est\u00e1 llamado a escribir con su vida p\u00e1ginas de esperanza, fraternidad y fe. Los j\u00f3venes, en especial, est\u00e1n invitados a descubrir que son protagonistas del proyecto de Dios y que su historia tiene un valor \u00fanico e irrepetible.<\/p>\n<p>Se nos presenta un a\u00f1o cargado de momentos para crecer, celebrar y compartir. Ojal\u00e1 sepamos vivir cada experiencia como una oportunidad para construir juntos una comunidad m\u00e1s abierta, alegre y comprometida, donde cada persona pueda sentirse acogida y llamada a transformar el mundo.<\/p>\n<p>Que Mar\u00eda Auxiliadora y Don Bosco nos acompa\u00f1en siempre en este camino y nos animen a so\u00f1ar y trabajar con pasi\u00f3n por los j\u00f3venes.<\/p>\n<p>Os deseo un curso lleno de ilusi\u00f3n, de historias compartidas y de protagonistas que, con sus gestos, hagan presente el Reino de Dios en nuestra casa.<\/p>\n<p>[\/et_pb_testimonial][\/et_pb_column][\/et_pb_row][et_pb_row _builder_version=\u00bb4.16&#8243; background_size=\u00bbinitial\u00bb background_position=\u00bbtop_left\u00bb background_repeat=\u00bbrepeat\u00bb global_colors_info=\u00bb{}\u00bb][et_pb_column type=\u00bb4_4&#8243; _builder_version=\u00bb4.16&#8243; custom_padding=\u00bb|||\u00bb global_colors_info=\u00bb{}\u00bb custom_padding__hover=\u00bb|||\u00bb][et_pb_contact_form email=\u00bbpj.utrera@salesianos.edu\u00bb title=\u00bbContacta con la coordinadora de pastoral\u00bb custom_message=\u00bbEste es un mensaje recibido a trav\u00e9s de la web del colegio, del apartado de centro juvenil-contactar con la coordinadora de pastoral.||et_pb_line_break_holder||El nombre de la persona que contacta es:||et_pb_line_break_holder||%%name%%||et_pb_line_break_holder||Su email: ||et_pb_line_break_holder||%%email%%||et_pb_line_break_holder||Su mensaje: ||et_pb_line_break_holder||%%message%%\u00bb success_message=\u00bbGracias por contactar con la coordinadora de pastoral. Se pondr\u00e1 en contacto con usted en la mayor brevedad posible\u00bb submit_button_text=\u00bbEnviar\u00bb _builder_version=\u00bb4.16&#8243; _unique_id=\u00bb1a44a2fe-2b1a-4888-b675-ed59862688c3&#8243; global_colors_info=\u00bb{}\u00bb][et_pb_contact_field field_id=\u00bbName\u00bb field_title=\u00bbNombre\u00bb _builder_version=\u00bb4.16&#8243; global_colors_info=\u00bb{}\u00bb button_text_size__hover_enabled=\u00bboff\u00bb button_one_text_size__hover_enabled=\u00bboff\u00bb button_two_text_size__hover_enabled=\u00bboff\u00bb button_text_color__hover_enabled=\u00bboff\u00bb button_one_text_color__hover_enabled=\u00bboff\u00bb button_two_text_color__hover_enabled=\u00bboff\u00bb button_border_width__hover_enabled=\u00bboff\u00bb button_one_border_width__hover_enabled=\u00bboff\u00bb button_two_border_width__hover_enabled=\u00bboff\u00bb button_border_color__hover_enabled=\u00bboff\u00bb button_one_border_color__hover_enabled=\u00bboff\u00bb button_two_border_color__hover_enabled=\u00bboff\u00bb button_border_radius__hover_enabled=\u00bboff\u00bb button_one_border_radius__hover_enabled=\u00bboff\u00bb button_two_border_radius__hover_enabled=\u00bboff\u00bb button_letter_spacing__hover_enabled=\u00bboff\u00bb button_one_letter_spacing__hover_enabled=\u00bboff\u00bb button_two_letter_spacing__hover_enabled=\u00bboff\u00bb button_bg_color__hover_enabled=\u00bboff\u00bb button_one_bg_color__hover_enabled=\u00bboff\u00bb button_two_bg_color__hover_enabled=\u00bboff\u00bb][\/et_pb_contact_field][et_pb_contact_field field_id=\u00bbEmail\u00bb field_title=\u00bbDirecci\u00f3n de correo electr\u00f3nico\u00bb field_type=\u00bbemail\u00bb _builder_version=\u00bb4.16&#8243; global_colors_info=\u00bb{}\u00bb button_text_size__hover_enabled=\u00bboff\u00bb button_one_text_size__hover_enabled=\u00bboff\u00bb button_two_text_size__hover_enabled=\u00bboff\u00bb button_text_color__hover_enabled=\u00bboff\u00bb button_one_text_color__hover_enabled=\u00bboff\u00bb button_two_text_color__hover_enabled=\u00bboff\u00bb button_border_width__hover_enabled=\u00bboff\u00bb button_one_border_width__hover_enabled=\u00bboff\u00bb button_two_border_width__hover_enabled=\u00bboff\u00bb button_border_color__hover_enabled=\u00bboff\u00bb button_one_border_color__hover_enabled=\u00bboff\u00bb button_two_border_color__hover_enabled=\u00bboff\u00bb button_border_radius__hover_enabled=\u00bboff\u00bb button_one_border_radius__hover_enabled=\u00bboff\u00bb button_two_border_radius__hover_enabled=\u00bboff\u00bb button_letter_spacing__hover_enabled=\u00bboff\u00bb button_one_letter_spacing__hover_enabled=\u00bboff\u00bb button_two_letter_spacing__hover_enabled=\u00bboff\u00bb button_bg_color__hover_enabled=\u00bboff\u00bb button_one_bg_color__hover_enabled=\u00bboff\u00bb button_two_bg_color__hover_enabled=\u00bboff\u00bb][\/et_pb_contact_field][et_pb_contact_field field_id=\u00bbMessage\u00bb field_title=\u00bbMensaje\u00bb field_type=\u00bbtext\u00bb fullwidth_field=\u00bbon\u00bb _builder_version=\u00bb4.16&#8243; global_colors_info=\u00bb{}\u00bb button_text_size__hover_enabled=\u00bboff\u00bb button_one_text_size__hover_enabled=\u00bboff\u00bb button_two_text_size__hover_enabled=\u00bboff\u00bb button_text_color__hover_enabled=\u00bboff\u00bb button_one_text_color__hover_enabled=\u00bboff\u00bb button_two_text_color__hover_enabled=\u00bboff\u00bb button_border_width__hover_enabled=\u00bboff\u00bb button_one_border_width__hover_enabled=\u00bboff\u00bb button_two_border_width__hover_enabled=\u00bboff\u00bb button_border_color__hover_enabled=\u00bboff\u00bb button_one_border_color__hover_enabled=\u00bboff\u00bb button_two_border_color__hover_enabled=\u00bboff\u00bb button_border_radius__hover_enabled=\u00bboff\u00bb button_one_border_radius__hover_enabled=\u00bboff\u00bb button_two_border_radius__hover_enabled=\u00bboff\u00bb button_letter_spacing__hover_enabled=\u00bboff\u00bb button_one_letter_spacing__hover_enabled=\u00bboff\u00bb button_two_letter_spacing__hover_enabled=\u00bboff\u00bb button_bg_color__hover_enabled=\u00bboff\u00bb button_one_bg_color__hover_enabled=\u00bboff\u00bb button_two_bg_color__hover_enabled=\u00bboff\u00bb][\/et_pb_contact_field][\/et_pb_contact_form][\/et_pb_column][\/et_pb_row][\/et_pb_section]<\/p>\n","protected":false},"excerpt":{"rendered":"<p>Centro JuvenilLos Centros Juveniles Salesianos, inspir\u00e1ndose en la experiencia educativa de Don Bosco y en su Sistema Preventivo, se configuran en la sociedad actual como oferta a los j\u00f3venes de una zona determinada, con una propuesta educativa integral en el tiempo libre. Responden, con medios concretos de tipo personal, cultural o social, a los\u00a0intereses,\u00a0inquietudes\u00a0y\u00a0necesidades\u00a0m\u00e1s profundas [&hellip;]<\/p>\n","protected":false},"author":2,"featured_media":0,"parent":0,"menu_order":0,"comment_status":"closed","ping_status":"closed","template":"","meta":{"_et_pb_use_builder":"on","_et_pb_old_content":"<p>[et_pb_section bb_built=\"1\"][et_pb_row][\/et_pb_row][\/et_pb_section]<\/p>","_et_gb_content_width":"","footnotes":""},"class_list":["post-9423","page","type-page","status-publish","hentry"],"yoast_head":"<!-- This site is optimized with the Yoast SEO plugin v27.4 - https:\/\/yoast.com\/product\/yoast-seo-wordpress\/ -->\n<title>Saludo de la Coordinadora de Pastoral - Centro Juvenil<\/title>\n<meta name=\"robots\" content=\"index, follow, max-snippet:-1, max-image-preview:large, max-video-preview:-1\" \/>\n<link rel=\"canonical\" href=\"https:\/\/utrera.salesianos.edu\/centrojuvenil\/saludo-coordinadora\/\" \/>\n<meta property=\"og:locale\" content=\"es_ES\" \/>\n<meta property=\"og:type\" content=\"article\" \/>\n<meta property=\"og:title\" content=\"Saludo de la Coordinadora de Pastoral - Centro Juvenil\" \/>\n<meta property=\"og:description\" content=\"Centro JuvenilLos Centros Juveniles Salesianos, inspir\u00e1ndose en la experiencia educativa de Don Bosco y en su Sistema Preventivo, se configuran en la sociedad actual como oferta a los j\u00f3venes de una zona determinada, con una propuesta educativa integral en el tiempo libre. Responden, con medios concretos de tipo personal, cultural o social, a los\u00a0intereses,\u00a0inquietudes\u00a0y\u00a0necesidades\u00a0m\u00e1s profundas [&hellip;]\" \/>\n<meta property=\"og:url\" content=\"https:\/\/utrera.salesianos.edu\/centrojuvenil\/saludo-coordinadora\/\" \/>\n<meta property=\"og:site_name\" content=\"Centro Juvenil\" \/>\n<meta property=\"article:modified_time\" content=\"2026-02-23T13:14:16+00:00\" \/>\n<meta name=\"twitter:card\" content=\"summary_large_image\" \/>\n<meta name=\"twitter:label1\" content=\"Tiempo de lectura\" \/>\n\t<meta name=\"twitter:data1\" content=\"4 minutos\" \/>\n<script type=\"application\/ld+json\" class=\"yoast-schema-graph\">{\"@context\":\"https:\\\/\\\/schema.org\",\"@graph\":[{\"@type\":\"WebPage\",\"@id\":\"https:\\\/\\\/utrera.salesianos.edu\\\/centrojuvenil\\\/saludo-coordinadora\\\/\",\"url\":\"https:\\\/\\\/utrera.salesianos.edu\\\/centrojuvenil\\\/saludo-coordinadora\\\/\",\"name\":\"Saludo de la Coordinadora de Pastoral - Centro Juvenil\",\"isPartOf\":{\"@id\":\"https:\\\/\\\/utrera.salesianos.edu\\\/centrojuvenil\\\/#website\"},\"datePublished\":\"2018-09-23T14:57:51+00:00\",\"dateModified\":\"2026-02-23T13:14:16+00:00\",\"breadcrumb\":{\"@id\":\"https:\\\/\\\/utrera.salesianos.edu\\\/centrojuvenil\\\/saludo-coordinadora\\\/#breadcrumb\"},\"inLanguage\":\"es\",\"potentialAction\":[{\"@type\":\"ReadAction\",\"target\":[\"https:\\\/\\\/utrera.salesianos.edu\\\/centrojuvenil\\\/saludo-coordinadora\\\/\"]}]},{\"@type\":\"BreadcrumbList\",\"@id\":\"https:\\\/\\\/utrera.salesianos.edu\\\/centrojuvenil\\\/saludo-coordinadora\\\/#breadcrumb\",\"itemListElement\":[{\"@type\":\"ListItem\",\"position\":1,\"name\":\"Portada\",\"item\":\"https:\\\/\\\/utrera.salesianos.edu\\\/centrojuvenil\\\/\"},{\"@type\":\"ListItem\",\"position\":2,\"name\":\"Saludo de la Coordinadora de Pastoral\"}]},{\"@type\":\"WebSite\",\"@id\":\"https:\\\/\\\/utrera.salesianos.edu\\\/centrojuvenil\\\/#website\",\"url\":\"https:\\\/\\\/utrera.salesianos.edu\\\/centrojuvenil\\\/\",\"name\":\"Centro Juvenil\",\"description\":\"P\u00e1gina oficial Salesianos Utrera\",\"potentialAction\":[{\"@type\":\"SearchAction\",\"target\":{\"@type\":\"EntryPoint\",\"urlTemplate\":\"https:\\\/\\\/utrera.salesianos.edu\\\/centrojuvenil\\\/?s={search_term_string}\"},\"query-input\":{\"@type\":\"PropertyValueSpecification\",\"valueRequired\":true,\"valueName\":\"search_term_string\"}}],\"inLanguage\":\"es\"}]}<\/script>\n<!-- \/ Yoast SEO plugin. -->","yoast_head_json":{"title":"Saludo de la Coordinadora de Pastoral - Centro Juvenil","robots":{"index":"index","follow":"follow","max-snippet":"max-snippet:-1","max-image-preview":"max-image-preview:large","max-video-preview":"max-video-preview:-1"},"canonical":"https:\/\/utrera.salesianos.edu\/centrojuvenil\/saludo-coordinadora\/","og_locale":"es_ES","og_type":"article","og_title":"Saludo de la Coordinadora de Pastoral - Centro Juvenil","og_description":"Centro JuvenilLos Centros Juveniles Salesianos, inspir\u00e1ndose en la experiencia educativa de Don Bosco y en su Sistema Preventivo, se configuran en la sociedad actual como oferta a los j\u00f3venes de una zona determinada, con una propuesta educativa integral en el tiempo libre. Responden, con medios concretos de tipo personal, cultural o social, a los\u00a0intereses,\u00a0inquietudes\u00a0y\u00a0necesidades\u00a0m\u00e1s profundas [&hellip;]","og_url":"https:\/\/utrera.salesianos.edu\/centrojuvenil\/saludo-coordinadora\/","og_site_name":"Centro Juvenil","article_modified_time":"2026-02-23T13:14:16+00:00","twitter_card":"summary_large_image","twitter_misc":{"Tiempo de lectura":"4 minutos"},"schema":{"@context":"https:\/\/schema.org","@graph":[{"@type":"WebPage","@id":"https:\/\/utrera.salesianos.edu\/centrojuvenil\/saludo-coordinadora\/","url":"https:\/\/utrera.salesianos.edu\/centrojuvenil\/saludo-coordinadora\/","name":"Saludo de la Coordinadora de Pastoral - Centro Juvenil","isPartOf":{"@id":"https:\/\/utrera.salesianos.edu\/centrojuvenil\/#website"},"datePublished":"2018-09-23T14:57:51+00:00","dateModified":"2026-02-23T13:14:16+00:00","breadcrumb":{"@id":"https:\/\/utrera.salesianos.edu\/centrojuvenil\/saludo-coordinadora\/#breadcrumb"},"inLanguage":"es","potentialAction":[{"@type":"ReadAction","target":["https:\/\/utrera.salesianos.edu\/centrojuvenil\/saludo-coordinadora\/"]}]},{"@type":"BreadcrumbList","@id":"https:\/\/utrera.salesianos.edu\/centrojuvenil\/saludo-coordinadora\/#breadcrumb","itemListElement":[{"@type":"ListItem","position":1,"name":"Portada","item":"https:\/\/utrera.salesianos.edu\/centrojuvenil\/"},{"@type":"ListItem","position":2,"name":"Saludo de la Coordinadora de Pastoral"}]},{"@type":"WebSite","@id":"https:\/\/utrera.salesianos.edu\/centrojuvenil\/#website","url":"https:\/\/utrera.salesianos.edu\/centrojuvenil\/","name":"Centro Juvenil","description":"P\u00e1gina oficial Salesianos Utrera","potentialAction":[{"@type":"SearchAction","target":{"@type":"EntryPoint","urlTemplate":"https:\/\/utrera.salesianos.edu\/centrojuvenil\/?s={search_term_string}"},"query-input":{"@type":"PropertyValueSpecification","valueRequired":true,"valueName":"search_term_string"}}],"inLanguage":"es"}]}},"_links":{"self":[{"href":"https:\/\/utrera.salesianos.edu\/centrojuvenil\/wp-json\/wp\/v2\/pages\/9423","targetHints":{"allow":["GET"]}}],"collection":[{"href":"https:\/\/utrera.salesianos.edu\/centrojuvenil\/wp-json\/wp\/v2\/pages"}],"about":[{"href":"https:\/\/utrera.salesianos.edu\/centrojuvenil\/wp-json\/wp\/v2\/types\/page"}],"author":[{"embeddable":true,"href":"https:\/\/utrera.salesianos.edu\/centrojuvenil\/wp-json\/wp\/v2\/users\/2"}],"replies":[{"embeddable":true,"href":"https:\/\/utrera.salesianos.edu\/centrojuvenil\/wp-json\/wp\/v2\/comments?post=9423"}],"version-history":[{"count":9,"href":"https:\/\/utrera.salesianos.edu\/centrojuvenil\/wp-json\/wp\/v2\/pages\/9423\/revisions"}],"predecessor-version":[{"id":9502,"href":"https:\/\/utrera.salesianos.edu\/centrojuvenil\/wp-json\/wp\/v2\/pages\/9423\/revisions\/9502"}],"wp:attachment":[{"href":"https:\/\/utrera.salesianos.edu\/centrojuvenil\/wp-json\/wp\/v2\/media?parent=9423"}],"curies":[{"name":"wp","href":"https:\/\/api.w.org\/{rel}","templated":true}]}}