{"id":9452,"date":"2018-09-23T23:03:27","date_gmt":"2018-09-23T21:03:27","guid":{"rendered":"http:\/\/utrera.salesianos.edu\/centrojuvenil\/?page_id=9452"},"modified":"2019-07-13T19:54:05","modified_gmt":"2019-07-13T17:54:05","slug":"actividades","status":"publish","type":"page","link":"https:\/\/utrera.salesianos.edu\/centrojuvenil\/actividades\/","title":{"rendered":"Actividades"},"content":{"rendered":"<div id=\"fb-root\"><\/div>\n<p>[et_pb_section fb_built=\u00bb1&#8243; fullwidth=\u00bbon\u00bb _builder_version=\u00bb3.22.3&#8243;][et_pb_fullwidth_header title=\u00bbActividades\u00bb title_font_color=\u00bb#ffffff\u00bb module_class=\u00bbpagina-imagen-cabecera\u00bb _builder_version=\u00bb3.16&#8243; title_font=\u00bbGeorgia||||||||\u00bb title_text_color=\u00bb#ffffff\u00bb title_font_size=\u00bb40px\u00bb background_color=\u00bbrgba(255, 255, 255, 0)\u00bb background_image=\u00bbhttps:\/\/inspectoria.salesianos.edu\/wp-content\/uploads\/2017\/09\/ImagenPAGINA.jpg\u00bb max_width_tablet=\u00bb50px\u00bb text_shadow_style=\u00bbpreset3&#8243; background_url=\u00bbhttps:\/\/alicante.salesianos.edu\/colegio\/wp-content\/uploads\/sites\/2\/2017\/03\/Captura-de-pantalla-2017-03-21-a-las-17.25.56.png\u00bb saved_tabs=\u00bball\u00bb button_one_text_size__hover_enabled=\u00bboff\u00bb button_two_text_size__hover_enabled=\u00bboff\u00bb button_one_text_color__hover_enabled=\u00bboff\u00bb button_two_text_color__hover_enabled=\u00bboff\u00bb button_one_border_width__hover_enabled=\u00bboff\u00bb button_two_border_width__hover_enabled=\u00bboff\u00bb button_one_border_color__hover_enabled=\u00bboff\u00bb button_two_border_color__hover_enabled=\u00bboff\u00bb button_one_border_radius__hover_enabled=\u00bboff\u00bb button_two_border_radius__hover_enabled=\u00bboff\u00bb button_one_letter_spacing__hover_enabled=\u00bboff\u00bb button_two_letter_spacing__hover_enabled=\u00bboff\u00bb button_one_bg_color__hover_enabled=\u00bboff\u00bb button_two_bg_color__hover_enabled=\u00bboff\u00bb][\/et_pb_fullwidth_header][\/et_pb_section][et_pb_section fb_built=\u00bb1&#8243; module_class=\u00bbpagina-seccion-contenido\u00bb _builder_version=\u00bb3.22.3&#8243; custom_padding=\u00bb0%|||\u00bb][et_pb_row _builder_version=\u00bb3.22.3&#8243; background_size=\u00bbinitial\u00bb background_position=\u00bbtop_left\u00bb background_repeat=\u00bbrepeat\u00bb][et_pb_column type=\u00bb4_4&#8243; _builder_version=\u00bb3.0.47&#8243;][et_pb_text _builder_version=\u00bb3.7.1&#8243; text_font=\u00bbLato||||||||\u00bb text_text_color=\u00bb#e02b20&#8243; text_font_size=\u00bb27px\u00bb]Te ofrecemos&#8230;<br \/>\n[\/et_pb_text][\/et_pb_column][\/et_pb_row][et_pb_row _builder_version=\u00bb3.22.3&#8243;][et_pb_column type=\u00bb1_2&#8243; _builder_version=\u00bb3.0.47&#8243;][et_pb_cta title=\u00bbDeporte Educativo\u00bb _builder_version=\u00bb3.16&#8243; header_font=\u00bbLato||||\u00bb header_font_size=\u00bb24px\u00bb header_line_height=\u00bb1.2em\u00bb body_font_size=\u00bb16px\u00bb background_color=\u00bbrgba(247,247,247,0.8)\u00bb background_image=\u00bbhttp:\/\/utrera.salesianos.edu\/wp-content\/uploads\/2018\/09\/Aldaba3.jpg\u00bb background_blend=\u00bblighten\u00bb custom_button=\u00bbon\u00bb button_text_color=\u00bb#ffffff\u00bb button_bg_color=\u00bb#e02b20&#8243; button_border_width=\u00bb0px\u00bb box_shadow_style=\u00bbpreset3&#8243; text_orientation=\u00bbleft\u00bb background_layout=\u00bblight\u00bb custom_margin=\u00bb||25px|\u00bb custom_padding=\u00bb30px|30px|30px|30px\u00bb text_shadow_style=\u00bbpreset3&#8243; text_shadow_blur_strength=\u00bb1.01em\u00bb text_shadow_color=\u00bb#ffffff\u00bb saved_tabs=\u00bball\u00bb button_text_size__hover_enabled=\u00bboff\u00bb button_one_text_size__hover_enabled=\u00bboff\u00bb button_two_text_size__hover_enabled=\u00bboff\u00bb button_text_color__hover_enabled=\u00bboff\u00bb button_one_text_color__hover_enabled=\u00bboff\u00bb button_two_text_color__hover_enabled=\u00bboff\u00bb button_border_width__hover_enabled=\u00bboff\u00bb button_one_border_width__hover_enabled=\u00bboff\u00bb button_two_border_width__hover_enabled=\u00bboff\u00bb button_border_color__hover_enabled=\u00bboff\u00bb button_one_border_color__hover_enabled=\u00bboff\u00bb button_two_border_color__hover_enabled=\u00bboff\u00bb button_border_radius__hover_enabled=\u00bboff\u00bb button_one_border_radius__hover_enabled=\u00bboff\u00bb button_two_border_radius__hover_enabled=\u00bboff\u00bb button_letter_spacing__hover_enabled=\u00bboff\u00bb button_one_letter_spacing__hover_enabled=\u00bboff\u00bb button_two_letter_spacing__hover_enabled=\u00bboff\u00bb button_bg_color__hover_enabled=\u00bboff\u00bb button_one_bg_color__hover_enabled=\u00bboff\u00bb button_two_bg_color__hover_enabled=\u00bboff\u00bb]Donde destaca la fenomenal liga de Aldaba<br \/>\n[\/et_pb_cta][et_pb_cta title=\u00bbCampamentos de Verano\u00bb _builder_version=\u00bb3.16&#8243; header_font=\u00bbLato||||\u00bb header_font_size=\u00bb24px\u00bb header_line_height=\u00bb1.2em\u00bb body_font_size=\u00bb16px\u00bb background_color=\u00bbrgba(247,247,247,0.8)\u00bb background_image=\u00bbhttp:\/\/utrera.salesianos.edu\/wp-content\/uploads\/2018\/09\/Aldaba15.jpg\u00bb background_blend=\u00bblighten\u00bb custom_button=\u00bbon\u00bb button_text_color=\u00bb#ffffff\u00bb button_bg_color=\u00bb#e02b20&#8243; button_border_width=\u00bb0px\u00bb box_shadow_style=\u00bbpreset3&#8243; text_orientation=\u00bbleft\u00bb background_layout=\u00bblight\u00bb custom_margin=\u00bb||25px|\u00bb custom_padding=\u00bb30px|30px|30px|30px\u00bb text_shadow_style=\u00bbpreset3&#8243; text_shadow_blur_strength=\u00bb1.01em\u00bb text_shadow_color=\u00bb#ffffff\u00bb saved_tabs=\u00bball\u00bb button_text_size__hover_enabled=\u00bboff\u00bb button_one_text_size__hover_enabled=\u00bboff\u00bb button_two_text_size__hover_enabled=\u00bboff\u00bb button_text_color__hover_enabled=\u00bboff\u00bb button_one_text_color__hover_enabled=\u00bboff\u00bb button_two_text_color__hover_enabled=\u00bboff\u00bb button_border_width__hover_enabled=\u00bboff\u00bb button_one_border_width__hover_enabled=\u00bboff\u00bb button_two_border_width__hover_enabled=\u00bboff\u00bb button_border_color__hover_enabled=\u00bboff\u00bb button_one_border_color__hover_enabled=\u00bboff\u00bb button_two_border_color__hover_enabled=\u00bboff\u00bb button_border_radius__hover_enabled=\u00bboff\u00bb button_one_border_radius__hover_enabled=\u00bboff\u00bb button_two_border_radius__hover_enabled=\u00bboff\u00bb button_letter_spacing__hover_enabled=\u00bboff\u00bb button_one_letter_spacing__hover_enabled=\u00bboff\u00bb button_two_letter_spacing__hover_enabled=\u00bboff\u00bb button_bg_color__hover_enabled=\u00bboff\u00bb button_one_bg_color__hover_enabled=\u00bboff\u00bb button_two_bg_color__hover_enabled=\u00bboff\u00bb]Donde contin\u00faan la formaci\u00f3n durante el verano, divirti\u00e9ndose y viviendo una experiencia \u00fanica<br \/>\n[\/et_pb_cta][et_pb_cta title=\u00bbCelebraciones, retiros, oraci\u00f3n joven\u00bb _builder_version=\u00bb3.16&#8243; header_font=\u00bbLato||||\u00bb header_font_size=\u00bb24px\u00bb header_line_height=\u00bb1.2em\u00bb body_font_size=\u00bb16px\u00bb background_color=\u00bbrgba(247,247,247,0.8)\u00bb background_image=\u00bbhttp:\/\/utrera.salesianos.edu\/centrojuvenil\/wp-content\/uploads\/sites\/3\/2018\/09\/Aldaba5.jpg\u00bb background_blend=\u00bblighten\u00bb custom_button=\u00bbon\u00bb button_text_color=\u00bb#ffffff\u00bb button_bg_color=\u00bb#e02b20&#8243; button_border_width=\u00bb0px\u00bb box_shadow_style=\u00bbpreset3&#8243; text_orientation=\u00bbleft\u00bb background_layout=\u00bblight\u00bb custom_margin=\u00bb||25px|\u00bb custom_padding=\u00bb30px|30px|30px|30px\u00bb text_shadow_style=\u00bbpreset3&#8243; text_shadow_blur_strength=\u00bb1.01em\u00bb text_shadow_color=\u00bb#ffffff\u00bb saved_tabs=\u00bball\u00bb button_text_size__hover_enabled=\u00bboff\u00bb button_one_text_size__hover_enabled=\u00bboff\u00bb button_two_text_size__hover_enabled=\u00bboff\u00bb button_text_color__hover_enabled=\u00bboff\u00bb button_one_text_color__hover_enabled=\u00bboff\u00bb button_two_text_color__hover_enabled=\u00bboff\u00bb button_border_width__hover_enabled=\u00bboff\u00bb button_one_border_width__hover_enabled=\u00bboff\u00bb button_two_border_width__hover_enabled=\u00bboff\u00bb button_border_color__hover_enabled=\u00bboff\u00bb button_one_border_color__hover_enabled=\u00bboff\u00bb button_two_border_color__hover_enabled=\u00bboff\u00bb button_border_radius__hover_enabled=\u00bboff\u00bb button_one_border_radius__hover_enabled=\u00bboff\u00bb button_two_border_radius__hover_enabled=\u00bboff\u00bb button_letter_spacing__hover_enabled=\u00bboff\u00bb button_one_letter_spacing__hover_enabled=\u00bboff\u00bb button_two_letter_spacing__hover_enabled=\u00bboff\u00bb button_bg_color__hover_enabled=\u00bboff\u00bb button_one_bg_color__hover_enabled=\u00bboff\u00bb button_two_bg_color__hover_enabled=\u00bboff\u00bb][\/et_pb_cta][\/et_pb_column][et_pb_column type=\u00bb1_2&#8243; _builder_version=\u00bb3.0.47&#8243;][et_pb_cta title=\u00bbOratorio-Centro Juvenil\u00bb _builder_version=\u00bb3.16&#8243; header_font=\u00bbLato||||\u00bb header_font_size=\u00bb24px\u00bb header_line_height=\u00bb1.2em\u00bb body_font_size=\u00bb16px\u00bb background_color=\u00bbrgba(247,247,247,0.8)\u00bb background_image=\u00bbhttp:\/\/utrera.salesianos.edu\/wp-content\/uploads\/2018\/09\/Aldaba13.jpg\u00bb background_blend=\u00bblighten\u00bb custom_button=\u00bbon\u00bb button_text_color=\u00bb#ffffff\u00bb button_bg_color=\u00bb#e02b20&#8243; button_border_width=\u00bb0px\u00bb box_shadow_style=\u00bbpreset3&#8243; text_orientation=\u00bbleft\u00bb background_layout=\u00bblight\u00bb custom_margin=\u00bb||25px|\u00bb custom_padding=\u00bb30px|30px|30px|30px\u00bb text_shadow_style=\u00bbpreset3&#8243; text_shadow_blur_strength=\u00bb1.01em\u00bb text_shadow_color=\u00bb#ffffff\u00bb saved_tabs=\u00bball\u00bb button_text_size__hover_enabled=\u00bboff\u00bb button_one_text_size__hover_enabled=\u00bboff\u00bb button_two_text_size__hover_enabled=\u00bboff\u00bb button_text_color__hover_enabled=\u00bboff\u00bb button_one_text_color__hover_enabled=\u00bboff\u00bb button_two_text_color__hover_enabled=\u00bboff\u00bb button_border_width__hover_enabled=\u00bboff\u00bb button_one_border_width__hover_enabled=\u00bboff\u00bb button_two_border_width__hover_enabled=\u00bboff\u00bb button_border_color__hover_enabled=\u00bboff\u00bb button_one_border_color__hover_enabled=\u00bboff\u00bb button_two_border_color__hover_enabled=\u00bboff\u00bb button_border_radius__hover_enabled=\u00bboff\u00bb button_one_border_radius__hover_enabled=\u00bboff\u00bb button_two_border_radius__hover_enabled=\u00bboff\u00bb button_letter_spacing__hover_enabled=\u00bboff\u00bb button_one_letter_spacing__hover_enabled=\u00bboff\u00bb button_two_letter_spacing__hover_enabled=\u00bboff\u00bb button_bg_color__hover_enabled=\u00bboff\u00bb button_one_bg_color__hover_enabled=\u00bboff\u00bb button_two_bg_color__hover_enabled=\u00bboff\u00bb]Donde podr\u00e1s disfrutar de multitud de actividades los fines de semana<br \/>\n[\/et_pb_cta][et_pb_cta title=\u00bbItinerario de Educaci\u00f3n en la FE\u00bb _builder_version=\u00bb3.16&#8243; header_font=\u00bbLato||||\u00bb header_font_size=\u00bb24px\u00bb header_line_height=\u00bb1.2em\u00bb body_font_size=\u00bb16px\u00bb background_color=\u00bbrgba(247,247,247,0.8)\u00bb background_image=\u00bbhttp:\/\/utrera.salesianos.edu\/wp-content\/uploads\/2018\/09\/Aldaba9.jpg\u00bb background_blend=\u00bblighten\u00bb custom_button=\u00bbon\u00bb button_text_color=\u00bb#ffffff\u00bb button_bg_color=\u00bb#e02b20&#8243; button_border_width=\u00bb0px\u00bb box_shadow_style=\u00bbpreset3&#8243; text_orientation=\u00bbleft\u00bb background_layout=\u00bblight\u00bb custom_margin=\u00bb||25px|\u00bb custom_padding=\u00bb30px|30px|30px|30px\u00bb text_shadow_style=\u00bbpreset3&#8243; text_shadow_blur_strength=\u00bb1.01em\u00bb text_shadow_color=\u00bb#ffffff\u00bb saved_tabs=\u00bball\u00bb button_text_size__hover_enabled=\u00bboff\u00bb button_one_text_size__hover_enabled=\u00bboff\u00bb button_two_text_size__hover_enabled=\u00bboff\u00bb button_text_color__hover_enabled=\u00bboff\u00bb button_one_text_color__hover_enabled=\u00bboff\u00bb button_two_text_color__hover_enabled=\u00bboff\u00bb button_border_width__hover_enabled=\u00bboff\u00bb button_one_border_width__hover_enabled=\u00bboff\u00bb button_two_border_width__hover_enabled=\u00bboff\u00bb button_border_color__hover_enabled=\u00bboff\u00bb button_one_border_color__hover_enabled=\u00bboff\u00bb button_two_border_color__hover_enabled=\u00bboff\u00bb button_border_radius__hover_enabled=\u00bboff\u00bb button_one_border_radius__hover_enabled=\u00bboff\u00bb button_two_border_radius__hover_enabled=\u00bboff\u00bb button_letter_spacing__hover_enabled=\u00bboff\u00bb button_one_letter_spacing__hover_enabled=\u00bboff\u00bb button_two_letter_spacing__hover_enabled=\u00bboff\u00bb button_bg_color__hover_enabled=\u00bboff\u00bb button_one_bg_color__hover_enabled=\u00bboff\u00bb button_two_bg_color__hover_enabled=\u00bboff\u00bb]Desde 3\u00ba de primaria, puedes entrar a formar parte de nuestros grupos de fe<br \/>\n[\/et_pb_cta][et_pb_cta title=\u00bbConvivencias y encuentros\u00bb _builder_version=\u00bb3.16&#8243; header_font=\u00bbLato||||\u00bb header_font_size=\u00bb24px\u00bb header_line_height=\u00bb1.2em\u00bb body_font_size=\u00bb16px\u00bb background_color=\u00bbrgba(247,247,247,0.8)\u00bb background_image=\u00bbhttp:\/\/utrera.salesianos.edu\/centrojuvenil\/wp-content\/uploads\/sites\/3\/2018\/09\/Aldaba6.jpg\u00bb background_blend=\u00bblighten\u00bb custom_button=\u00bbon\u00bb button_text_color=\u00bb#ffffff\u00bb button_bg_color=\u00bb#e02b20&#8243; button_border_width=\u00bb0px\u00bb box_shadow_style=\u00bbpreset3&#8243; text_orientation=\u00bbleft\u00bb background_layout=\u00bblight\u00bb custom_margin=\u00bb||25px|\u00bb custom_padding=\u00bb30px|30px|30px|30px\u00bb text_shadow_style=\u00bbpreset3&#8243; text_shadow_blur_strength=\u00bb1.01em\u00bb text_shadow_color=\u00bb#ffffff\u00bb saved_tabs=\u00bball\u00bb button_text_size__hover_enabled=\u00bboff\u00bb button_one_text_size__hover_enabled=\u00bboff\u00bb button_two_text_size__hover_enabled=\u00bboff\u00bb button_text_color__hover_enabled=\u00bboff\u00bb button_one_text_color__hover_enabled=\u00bboff\u00bb button_two_text_color__hover_enabled=\u00bboff\u00bb button_border_width__hover_enabled=\u00bboff\u00bb button_one_border_width__hover_enabled=\u00bboff\u00bb button_two_border_width__hover_enabled=\u00bboff\u00bb button_border_color__hover_enabled=\u00bboff\u00bb button_one_border_color__hover_enabled=\u00bboff\u00bb button_two_border_color__hover_enabled=\u00bboff\u00bb button_border_radius__hover_enabled=\u00bboff\u00bb button_one_border_radius__hover_enabled=\u00bboff\u00bb button_two_border_radius__hover_enabled=\u00bboff\u00bb button_letter_spacing__hover_enabled=\u00bboff\u00bb button_one_letter_spacing__hover_enabled=\u00bboff\u00bb button_two_letter_spacing__hover_enabled=\u00bboff\u00bb button_bg_color__hover_enabled=\u00bboff\u00bb button_one_bg_color__hover_enabled=\u00bboff\u00bb button_two_bg_color__hover_enabled=\u00bboff\u00bb]Donde intercambian experiencias con j\u00f3venes de su misma edad pero de otros lugares de la inspector\u00eda<br \/>\n[\/et_pb_cta][\/et_pb_column][\/et_pb_row][\/et_pb_section]<\/p>\n","protected":false},"excerpt":{"rendered":"<p>Te ofrecemos&#8230; Donde destaca la fenomenal liga de Aldaba Donde contin\u00faan la formaci\u00f3n durante el verano, divirti\u00e9ndose y viviendo una experiencia \u00fanica Donde podr\u00e1s disfrutar de multitud de actividades los fines de semana Desde 3\u00ba de primaria, puedes entrar a formar parte de nuestros grupos de fe Donde intercambian experiencias con j\u00f3venes de su misma [&hellip;]<\/p>\n","protected":false},"author":2,"featured_media":0,"parent":0,"menu_order":0,"comment_status":"closed","ping_status":"closed","template":"","meta":{"_et_pb_use_builder":"on","_et_pb_old_content":"","_et_gb_content_width":"","footnotes":""},"class_list":["post-9452","page","type-page","status-publish","hentry"],"yoast_head":"<!-- This site is optimized with the Yoast SEO plugin v27.4 - https:\/\/yoast.com\/product\/yoast-seo-wordpress\/ -->\n<title>Actividades - Centro Juvenil<\/title>\n<meta name=\"robots\" content=\"index, follow, max-snippet:-1, max-image-preview:large, max-video-preview:-1\" \/>\n<link rel=\"canonical\" href=\"https:\/\/utrera.salesianos.edu\/centrojuvenil\/actividades\/\" \/>\n<meta property=\"og:locale\" content=\"es_ES\" \/>\n<meta property=\"og:type\" content=\"article\" \/>\n<meta property=\"og:title\" content=\"Actividades - Centro Juvenil\" \/>\n<meta property=\"og:description\" content=\"Te ofrecemos... Donde destaca la fenomenal liga de Aldaba Donde contin\u00faan la formaci\u00f3n durante el verano, divirti\u00e9ndose y viviendo una experiencia \u00fanica Donde podr\u00e1s disfrutar de multitud de actividades los fines de semana Desde 3\u00ba de primaria, puedes entrar a formar parte de nuestros grupos de fe Donde intercambian experiencias con j\u00f3venes de su misma [&hellip;]\" \/>\n<meta property=\"og:url\" content=\"https:\/\/utrera.salesianos.edu\/centrojuvenil\/actividades\/\" \/>\n<meta property=\"og:site_name\" content=\"Centro Juvenil\" \/>\n<meta property=\"article:modified_time\" content=\"2019-07-13T17:54:05+00:00\" \/>\n<meta name=\"twitter:card\" content=\"summary_large_image\" \/>\n<meta name=\"twitter:label1\" content=\"Tiempo de lectura\" \/>\n\t<meta name=\"twitter:data1\" content=\"9 minutos\" \/>\n<script type=\"application\/ld+json\" class=\"yoast-schema-graph\">{\"@context\":\"https:\\\/\\\/schema.org\",\"@graph\":[{\"@type\":\"WebPage\",\"@id\":\"https:\\\/\\\/utrera.salesianos.edu\\\/centrojuvenil\\\/actividades\\\/\",\"url\":\"https:\\\/\\\/utrera.salesianos.edu\\\/centrojuvenil\\\/actividades\\\/\",\"name\":\"Actividades - Centro Juvenil\",\"isPartOf\":{\"@id\":\"https:\\\/\\\/utrera.salesianos.edu\\\/centrojuvenil\\\/#website\"},\"datePublished\":\"2018-09-23T21:03:27+00:00\",\"dateModified\":\"2019-07-13T17:54:05+00:00\",\"breadcrumb\":{\"@id\":\"https:\\\/\\\/utrera.salesianos.edu\\\/centrojuvenil\\\/actividades\\\/#breadcrumb\"},\"inLanguage\":\"es\",\"potentialAction\":[{\"@type\":\"ReadAction\",\"target\":[\"https:\\\/\\\/utrera.salesianos.edu\\\/centrojuvenil\\\/actividades\\\/\"]}]},{\"@type\":\"BreadcrumbList\",\"@id\":\"https:\\\/\\\/utrera.salesianos.edu\\\/centrojuvenil\\\/actividades\\\/#breadcrumb\",\"itemListElement\":[{\"@type\":\"ListItem\",\"position\":1,\"name\":\"Portada\",\"item\":\"https:\\\/\\\/utrera.salesianos.edu\\\/centrojuvenil\\\/\"},{\"@type\":\"ListItem\",\"position\":2,\"name\":\"Actividades\"}]},{\"@type\":\"WebSite\",\"@id\":\"https:\\\/\\\/utrera.salesianos.edu\\\/centrojuvenil\\\/#website\",\"url\":\"https:\\\/\\\/utrera.salesianos.edu\\\/centrojuvenil\\\/\",\"name\":\"Centro Juvenil\",\"description\":\"P\u00e1gina oficial Salesianos Utrera\",\"potentialAction\":[{\"@type\":\"SearchAction\",\"target\":{\"@type\":\"EntryPoint\",\"urlTemplate\":\"https:\\\/\\\/utrera.salesianos.edu\\\/centrojuvenil\\\/?s={search_term_string}\"},\"query-input\":{\"@type\":\"PropertyValueSpecification\",\"valueRequired\":true,\"valueName\":\"search_term_string\"}}],\"inLanguage\":\"es\"}]}<\/script>\n<!-- \/ Yoast SEO plugin. -->","yoast_head_json":{"title":"Actividades - Centro Juvenil","robots":{"index":"index","follow":"follow","max-snippet":"max-snippet:-1","max-image-preview":"max-image-preview:large","max-video-preview":"max-video-preview:-1"},"canonical":"https:\/\/utrera.salesianos.edu\/centrojuvenil\/actividades\/","og_locale":"es_ES","og_type":"article","og_title":"Actividades - Centro Juvenil","og_description":"Te ofrecemos... Donde destaca la fenomenal liga de Aldaba Donde contin\u00faan la formaci\u00f3n durante el verano, divirti\u00e9ndose y viviendo una experiencia \u00fanica Donde podr\u00e1s disfrutar de multitud de actividades los fines de semana Desde 3\u00ba de primaria, puedes entrar a formar parte de nuestros grupos de fe Donde intercambian experiencias con j\u00f3venes de su misma [&hellip;]","og_url":"https:\/\/utrera.salesianos.edu\/centrojuvenil\/actividades\/","og_site_name":"Centro Juvenil","article_modified_time":"2019-07-13T17:54:05+00:00","twitter_card":"summary_large_image","twitter_misc":{"Tiempo de lectura":"9 minutos"},"schema":{"@context":"https:\/\/schema.org","@graph":[{"@type":"WebPage","@id":"https:\/\/utrera.salesianos.edu\/centrojuvenil\/actividades\/","url":"https:\/\/utrera.salesianos.edu\/centrojuvenil\/actividades\/","name":"Actividades - Centro Juvenil","isPartOf":{"@id":"https:\/\/utrera.salesianos.edu\/centrojuvenil\/#website"},"datePublished":"2018-09-23T21:03:27+00:00","dateModified":"2019-07-13T17:54:05+00:00","breadcrumb":{"@id":"https:\/\/utrera.salesianos.edu\/centrojuvenil\/actividades\/#breadcrumb"},"inLanguage":"es","potentialAction":[{"@type":"ReadAction","target":["https:\/\/utrera.salesianos.edu\/centrojuvenil\/actividades\/"]}]},{"@type":"BreadcrumbList","@id":"https:\/\/utrera.salesianos.edu\/centrojuvenil\/actividades\/#breadcrumb","itemListElement":[{"@type":"ListItem","position":1,"name":"Portada","item":"https:\/\/utrera.salesianos.edu\/centrojuvenil\/"},{"@type":"ListItem","position":2,"name":"Actividades"}]},{"@type":"WebSite","@id":"https:\/\/utrera.salesianos.edu\/centrojuvenil\/#website","url":"https:\/\/utrera.salesianos.edu\/centrojuvenil\/","name":"Centro Juvenil","description":"P\u00e1gina oficial Salesianos Utrera","potentialAction":[{"@type":"SearchAction","target":{"@type":"EntryPoint","urlTemplate":"https:\/\/utrera.salesianos.edu\/centrojuvenil\/?s={search_term_string}"},"query-input":{"@type":"PropertyValueSpecification","valueRequired":true,"valueName":"search_term_string"}}],"inLanguage":"es"}]}},"_links":{"self":[{"href":"https:\/\/utrera.salesianos.edu\/centrojuvenil\/wp-json\/wp\/v2\/pages\/9452","targetHints":{"allow":["GET"]}}],"collection":[{"href":"https:\/\/utrera.salesianos.edu\/centrojuvenil\/wp-json\/wp\/v2\/pages"}],"about":[{"href":"https:\/\/utrera.salesianos.edu\/centrojuvenil\/wp-json\/wp\/v2\/types\/page"}],"author":[{"embeddable":true,"href":"https:\/\/utrera.salesianos.edu\/centrojuvenil\/wp-json\/wp\/v2\/users\/2"}],"replies":[{"embeddable":true,"href":"https:\/\/utrera.salesianos.edu\/centrojuvenil\/wp-json\/wp\/v2\/comments?post=9452"}],"version-history":[{"count":3,"href":"https:\/\/utrera.salesianos.edu\/centrojuvenil\/wp-json\/wp\/v2\/pages\/9452\/revisions"}],"predecessor-version":[{"id":9486,"href":"https:\/\/utrera.salesianos.edu\/centrojuvenil\/wp-json\/wp\/v2\/pages\/9452\/revisions\/9486"}],"wp:attachment":[{"href":"https:\/\/utrera.salesianos.edu\/centrojuvenil\/wp-json\/wp\/v2\/media?parent=9452"}],"curies":[{"name":"wp","href":"https:\/\/api.w.org\/{rel}","templated":true}]}}