{"id":9454,"date":"2018-09-23T23:09:30","date_gmt":"2018-09-23T21:09:30","guid":{"rendered":"http:\/\/utrera.salesianos.edu\/centrojuvenil\/?page_id=9454"},"modified":"2018-09-24T13:25:01","modified_gmt":"2018-09-24T11:25:01","slug":"asociacion-juvenil-aldaba","status":"publish","type":"page","link":"https:\/\/utrera.salesianos.edu\/centrojuvenil\/asociacion-juvenil-aldaba\/","title":{"rendered":"Asociaci\u00f3n Juvenil Aldaba"},"content":{"rendered":"<div id=\"fb-root\"><\/div>\n<p>[et_pb_section bb_built=\u00bb1&#8243; fullwidth=\u00bbon\u00bb _builder_version=\u00bb3.0.47&#8243; next_background_color=\u00bb#000000&#8243;][et_pb_fullwidth_header title=\u00bbAsociaci\u00f3n Juvenil\u00bb title_font_color=\u00bb#ffffff\u00bb module_class=\u00bbpagina-imagen-cabecera\u00bb _builder_version=\u00bb3.7.1&#8243; title_font_size=\u00bb40px\u00bb background_image=\u00bbhttps:\/\/inspectoria.salesianos.edu\/wp-content\/uploads\/2017\/09\/ImagenPAGINA.jpg\u00bb background_url=\u00bbhttps:\/\/alicante.salesianos.edu\/colegio\/wp-content\/uploads\/sites\/2\/2017\/03\/Captura-de-pantalla-2017-03-21-a-las-17.25.56.png\u00bb max_width_tablet=\u00bb50px\u00bb title_text_color=\u00bb#ffffff\u00bb background_color=\u00bbrgba(255, 255, 255, 0)\u00bb title_font=\u00bbGeorgia||||||||\u00bb title_text_shadow_vertical_length=\u00bb0.1em\u00bb title_text_shadow_blur_strength=\u00bb0.1em\u00bb text_shadow_style=\u00bbpreset3&#8243; saved_tabs=\u00bball\u00bb \/][\/et_pb_section][et_pb_section bb_built=\u00bb1&#8243; custom_padding=\u00bb0%|||\u00bb module_class=\u00bbpagina-seccion-contenido\u00bb _builder_version=\u00bb3.0.47&#8243; prev_background_color=\u00bb#000000&#8243;][et_pb_row custom_padding=\u00bb25px|||\u00bb custom_margin=\u00bb25px|||\u00bb parallax_method_1=\u00bboff\u00bb module_class=\u00bbpagina-texto\u00bb _builder_version=\u00bb3.0.70&#8243; background_size=\u00bbinitial\u00bb background_position=\u00bbtop_left\u00bb background_repeat=\u00bbrepeat\u00bb][et_pb_column type=\u00bb2_3&#8243;][et_pb_text _builder_version=\u00bb3.7.1&#8243; background_size=\u00bbinitial\u00bb background_position=\u00bbtop_left\u00bb background_repeat=\u00bbrepeat\u00bb]<\/p>\n<h1>Asociaci\u00f3n Juvenil Aldaba<\/h1>\n<p>[\/et_pb_text][et_pb_text _builder_version=\u00bb3.7.1&#8243; text_orientation=\u00bbjustified\u00bb]<\/p>\n<p style=\"font-weight: 300;\">Con la denominaci\u00f3n de \u201cAsociaci\u00f3n Juvenil Aldaba\u201d, se constituye en Utrera, una asociaci\u00f3n juvenil de \u00e1mbito local, dotada de personalidad jur\u00eddica y capacidad de obrar de acuerdo con lo establecido en la Disposici\u00f3n Transitoria primera de la Ley Org\u00e1nica 1\/2002, de 22 de Marzo, reguladora del Derecho de Asociaci\u00f3n as\u00ed como en el Decreto 68\/86, de 9 de Abril, sobre constituci\u00f3n y funcionamiento de Asociaciones Juveniles de Andaluc\u00eda.<\/p>\n<p style=\"font-weight: 300;\">La Asociaci\u00f3n Juvenil Aldaba, inscrita en el Registro de Asociaciones 1271 de Andaluc\u00eda, secci\u00f3n tercera\u00a0<strong>se funda en el a\u00f1o 1985<\/strong>.<\/p>\n<p style=\"font-weight: 300;\">Con su sede en el colegio salesiano de Utrera,\u00a0<strong>durante m\u00e1s 30 a\u00f1o<\/strong>s lleva trabajando por los ni\u00f1os, adolescentes y j\u00f3venes de la localidad, siguiendo el esp\u00edritu incansable de Don Bosco de trabajar por los j\u00f3venes m\u00e1s necesitados, bajo el lema \u201cbuenos cristianos y honrados ciudadanos\u201d ofreci\u00e9ndoles una educaci\u00f3n integral en el ocio y tiempo libre.<\/p>\n<p style=\"font-weight: 300;\">Entre sus fines se encuentran:<\/p>\n<ul>\n<li>La formaci\u00f3n integral de todos los socios, estudio de la problem\u00e1tica profesional y ayuda a los asociados sobre los problemas que se les pueda presentar.<\/li>\n<li>Fomentar la uni\u00f3n, formaci\u00f3n, cultura, integraci\u00f3n social y entretenimiento de los trabajadores j\u00f3venes y de la juventud en Utrera<\/li>\n<\/ul>\n<p style=\"font-weight: 300;\"><strong>Colabora en red<\/strong>\u00a0con multitud de asociaciones y delegaciones municipales: Asociaci\u00f3n de Mujeres de Santiago de Utrera, delegaci\u00f3n de asuntos sociales, delegaci\u00f3n de juventud.<\/p>\n<p style=\"font-weight: 300;\">Ha pertenecido durante muchos a\u00f1os al\u00a0<strong>Consejo Municipal de la Juventud<\/strong>, as\u00ed como fue miembro fundador de la\u00a0<strong>plataforma solidaria V centenario de Utrera<\/strong>.<\/p>\n<p style=\"font-weight: 300;\">Desde hace ocho a\u00f1os, en colaboraci\u00f3n con el Ayuntamiento de Utrera, lleva a cabo un\u00a0<strong>proyecto con j\u00f3venes en dificultad de la Barriada de la Paz<\/strong>, y posteriormente desarrolla el\u00a0<strong>campamento de verano con los destinatarios de dicho proyecto<\/strong>.<\/p>\n<p>[\/et_pb_text][\/et_pb_column][et_pb_column type=\u00bb1_3&#8243;][et_pb_image _builder_version=\u00bb3.7.1&#8243; src=\u00bbhttp:\/\/utrera.salesianos.edu\/centrojuvenil\/wp-content\/uploads\/sites\/3\/2018\/09\/Aldaba15.jpg\u00bb \/][et_pb_image _builder_version=\u00bb3.7.1&#8243; src=\u00bbhttp:\/\/utrera.salesianos.edu\/centrojuvenil\/wp-content\/uploads\/sites\/3\/2018\/09\/Aldaba10.jpg\u00bb \/][\/et_pb_column][\/et_pb_row][et_pb_row][et_pb_column type=\u00bb4_4&#8243;][et_pb_text _builder_version=\u00bb3.7.1&#8243; text_font=\u00bbLato||||||||\u00bb text_text_color=\u00bb#e02b20&#8243; text_font_size=\u00bb27px\u00bb]<\/p>\n<p>Para saber m\u00e1s<\/p>\n<p>[\/et_pb_text][et_pb_tabs _builder_version=\u00bb3.7.1&#8243;][et_pb_tab _builder_version=\u00bb3.7.1&#8243; title=\u00bbObjetivos\u00bb use_background_color_gradient=\u00bboff\u00bb background_color_gradient_start=\u00bb#2b87da\u00bb background_color_gradient_end=\u00bb#29c4a9&#8243; background_color_gradient_type=\u00bblinear\u00bb background_color_gradient_direction=\u00bb180deg\u00bb background_color_gradient_direction_radial=\u00bbcenter\u00bb background_color_gradient_start_position=\u00bb0%\u00bb background_color_gradient_end_position=\u00bb100%\u00bb background_color_gradient_overlays_image=\u00bboff\u00bb parallax=\u00bboff\u00bb parallax_method=\u00bbon\u00bb background_size=\u00bbcover\u00bb background_position=\u00bbcenter\u00bb background_repeat=\u00bbno-repeat\u00bb background_blend=\u00bbnormal\u00bb allow_player_pause=\u00bboff\u00bb background_video_pause_outside_viewport=\u00bbon\u00bb tab_text_shadow_style=\u00bbnone\u00bb body_text_shadow_style=\u00bbnone\u00bb]<\/p>\n<ul>\n<li>Educar en valores a los j\u00f3venes ofreci\u00e9ndoles una alternativa en su ocio y tiempo libre.<\/li>\n<li>Socializar a los\/as j\u00f3venes a trav\u00e9s de una serie de habilidades sociales.<\/li>\n<li>Crear un ambiente de comunicaci\u00f3n entre los\/as j\u00f3venes.<\/li>\n<li>Fomentar el respeto por el medio ambiente.<\/li>\n<li>Ofrecer una alternativa a su carencia cultural.<\/li>\n<li>Prevenir posibles problemas sociales.<\/li>\n<li>Educar a los\/as j\u00f3venes en valores como la libertad, el respeto, la tolerancia, la democracia&#8230;<\/li>\n<\/ul>\n<p>[\/et_pb_tab][et_pb_tab _builder_version=\u00bb3.7.1&#8243; title=\u00bbDestinatarios\u00bb use_background_color_gradient=\u00bboff\u00bb background_color_gradient_start=\u00bb#2b87da\u00bb background_color_gradient_end=\u00bb#29c4a9&#8243; background_color_gradient_type=\u00bblinear\u00bb background_color_gradient_direction=\u00bb180deg\u00bb background_color_gradient_direction_radial=\u00bbcenter\u00bb background_color_gradient_start_position=\u00bb0%\u00bb background_color_gradient_end_position=\u00bb100%\u00bb background_color_gradient_overlays_image=\u00bboff\u00bb parallax=\u00bboff\u00bb parallax_method=\u00bbon\u00bb background_size=\u00bbcover\u00bb background_position=\u00bbcenter\u00bb background_repeat=\u00bbno-repeat\u00bb background_blend=\u00bbnormal\u00bb allow_player_pause=\u00bboff\u00bb background_video_pause_outside_viewport=\u00bbon\u00bb tab_text_shadow_style=\u00bbnone\u00bb body_text_shadow_style=\u00bbnone\u00bb]<\/p>\n<ul>\n<li>\n<p style=\"font-weight: 300;\">Durante todos estos a\u00f1os, ha trabajado por la\u00a0<strong>promoci\u00f3n de los j\u00f3venes de Utrera<\/strong>,\u00a0<strong>atendiendo a m\u00e1s de 10.000 ni\u00f1os, adolescentes y j\u00f3venes<\/strong>, abriendo sus puertas a todos ellos y ofreci\u00e9ndoles actividades formativas y l\u00fadicas seg\u00fan las necesidades de cada momento.<\/p>\n<p style=\"font-weight: 300;\"><strong>Actualmente atiende a m\u00e1s de 500<\/strong>\u00a0ni\u00f1os, adolescentes y j\u00f3venes todos los viernes por la tarde y domingos por la ma\u00f1ana,\u00a0<strong>ofreci\u00e9ndoles formaci\u00f3n humana y cristiana, y gestionada en sus totalidad por j\u00f3venes voluntarios.<\/strong><\/p>\n<\/li>\n<\/ul>\n<p>[\/et_pb_tab][et_pb_tab _builder_version=\u00bb3.7.1&#8243; title=\u00bbOtros datos de inter\u00e9s\u00bb use_background_color_gradient=\u00bboff\u00bb background_color_gradient_start=\u00bb#2b87da\u00bb background_color_gradient_end=\u00bb#29c4a9&#8243; background_color_gradient_type=\u00bblinear\u00bb background_color_gradient_direction=\u00bb180deg\u00bb background_color_gradient_direction_radial=\u00bbcenter\u00bb background_color_gradient_start_position=\u00bb0%\u00bb background_color_gradient_end_position=\u00bb100%\u00bb background_color_gradient_overlays_image=\u00bboff\u00bb parallax=\u00bboff\u00bb parallax_method=\u00bbon\u00bb background_size=\u00bbcover\u00bb background_position=\u00bbcenter\u00bb background_repeat=\u00bbno-repeat\u00bb background_blend=\u00bbnormal\u00bb allow_player_pause=\u00bboff\u00bb background_video_pause_outside_viewport=\u00bbon\u00bb tab_text_shadow_style=\u00bbnone\u00bb body_text_shadow_style=\u00bbnone\u00bb]<\/p>\n<ul>\n<li>\n<p style=\"font-weight: 300;\"><strong>Fue declarada de Utilidad p\u00fablica en el BOE n\u00famero 138, con fecha\u00a0 a 3 de junio de 2008, reconoci\u00e9ndose p\u00fablicamente, a nivel nacional, la labor social de la entidad.<\/strong><\/p>\n<p style=\"font-weight: 300;\">Pertenece a la\u00a0<strong>Federaci\u00f3n de Centros Juveniles \u201cEl Patio\u201d de Andaluc\u00eda<\/strong>\u00a0y a la\u00a0<strong>Confederaci\u00f3n nacional de centros juveniles \u201cDon Bosco\u201d, llevando el nombre de Utrera y la labor social que realiza a Andaluc\u00eda y a toda Espa\u00f1a<\/strong>, participando en proyectos de car\u00e1cter auton\u00f3mico y nacionales, especialmente\u00a0<strong>proyectos de j\u00f3venes en dificultad<\/strong>\u00a0y de concienciaci\u00f3n social en temas de prevenci\u00f3n de drogas y marginaci\u00f3n social.<\/p>\n<\/li>\n<\/ul>\n<p>[\/et_pb_tab][\/et_pb_tabs][\/et_pb_column][\/et_pb_row][\/et_pb_section]<\/p>\n","protected":false},"excerpt":{"rendered":"<p>Asociaci\u00f3n Juvenil Aldaba Con la denominaci\u00f3n de \u201cAsociaci\u00f3n Juvenil Aldaba\u201d, se constituye en Utrera, una asociaci\u00f3n juvenil de \u00e1mbito local, dotada de personalidad jur\u00eddica y capacidad de obrar de acuerdo con lo establecido en la Disposici\u00f3n Transitoria primera de la Ley Org\u00e1nica 1\/2002, de 22 de Marzo, reguladora del Derecho de Asociaci\u00f3n as\u00ed como en [&hellip;]<\/p>\n","protected":false},"author":2,"featured_media":0,"parent":0,"menu_order":0,"comment_status":"closed","ping_status":"closed","template":"","meta":{"_et_pb_use_builder":"on","_et_pb_old_content":"","_et_gb_content_width":"","footnotes":""},"class_list":["post-9454","page","type-page","status-publish","hentry"],"yoast_head":"<!-- This site is optimized with the Yoast SEO plugin v27.4 - https:\/\/yoast.com\/product\/yoast-seo-wordpress\/ -->\n<title>Asociaci\u00f3n Juvenil Aldaba - Centro Juvenil<\/title>\n<meta name=\"robots\" content=\"index, follow, max-snippet:-1, max-image-preview:large, max-video-preview:-1\" \/>\n<link rel=\"canonical\" href=\"https:\/\/utrera.salesianos.edu\/centrojuvenil\/asociacion-juvenil-aldaba\/\" \/>\n<meta property=\"og:locale\" content=\"es_ES\" \/>\n<meta property=\"og:type\" content=\"article\" \/>\n<meta property=\"og:title\" content=\"Asociaci\u00f3n Juvenil Aldaba - Centro Juvenil\" \/>\n<meta property=\"og:description\" content=\"Asociaci\u00f3n Juvenil Aldaba Con la denominaci\u00f3n de \u201cAsociaci\u00f3n Juvenil Aldaba\u201d, se constituye en Utrera, una asociaci\u00f3n juvenil de \u00e1mbito local, dotada de personalidad jur\u00eddica y capacidad de obrar de acuerdo con lo establecido en la Disposici\u00f3n Transitoria primera de la Ley Org\u00e1nica 1\/2002, de 22 de Marzo, reguladora del Derecho de Asociaci\u00f3n as\u00ed como en [&hellip;]\" \/>\n<meta property=\"og:url\" content=\"https:\/\/utrera.salesianos.edu\/centrojuvenil\/asociacion-juvenil-aldaba\/\" \/>\n<meta property=\"og:site_name\" content=\"Centro Juvenil\" \/>\n<meta property=\"article:modified_time\" content=\"2018-09-24T11:25:01+00:00\" \/>\n<meta name=\"twitter:card\" content=\"summary_large_image\" \/>\n<meta name=\"twitter:label1\" content=\"Tiempo de lectura\" \/>\n\t<meta name=\"twitter:data1\" content=\"6 minutos\" \/>\n<script type=\"application\/ld+json\" class=\"yoast-schema-graph\">{\"@context\":\"https:\\\/\\\/schema.org\",\"@graph\":[{\"@type\":\"WebPage\",\"@id\":\"https:\\\/\\\/utrera.salesianos.edu\\\/centrojuvenil\\\/asociacion-juvenil-aldaba\\\/\",\"url\":\"https:\\\/\\\/utrera.salesianos.edu\\\/centrojuvenil\\\/asociacion-juvenil-aldaba\\\/\",\"name\":\"Asociaci\u00f3n Juvenil Aldaba - Centro Juvenil\",\"isPartOf\":{\"@id\":\"https:\\\/\\\/utrera.salesianos.edu\\\/centrojuvenil\\\/#website\"},\"datePublished\":\"2018-09-23T21:09:30+00:00\",\"dateModified\":\"2018-09-24T11:25:01+00:00\",\"breadcrumb\":{\"@id\":\"https:\\\/\\\/utrera.salesianos.edu\\\/centrojuvenil\\\/asociacion-juvenil-aldaba\\\/#breadcrumb\"},\"inLanguage\":\"es\",\"potentialAction\":[{\"@type\":\"ReadAction\",\"target\":[\"https:\\\/\\\/utrera.salesianos.edu\\\/centrojuvenil\\\/asociacion-juvenil-aldaba\\\/\"]}]},{\"@type\":\"BreadcrumbList\",\"@id\":\"https:\\\/\\\/utrera.salesianos.edu\\\/centrojuvenil\\\/asociacion-juvenil-aldaba\\\/#breadcrumb\",\"itemListElement\":[{\"@type\":\"ListItem\",\"position\":1,\"name\":\"Portada\",\"item\":\"https:\\\/\\\/utrera.salesianos.edu\\\/centrojuvenil\\\/\"},{\"@type\":\"ListItem\",\"position\":2,\"name\":\"Asociaci\u00f3n Juvenil Aldaba\"}]},{\"@type\":\"WebSite\",\"@id\":\"https:\\\/\\\/utrera.salesianos.edu\\\/centrojuvenil\\\/#website\",\"url\":\"https:\\\/\\\/utrera.salesianos.edu\\\/centrojuvenil\\\/\",\"name\":\"Centro Juvenil\",\"description\":\"P\u00e1gina oficial Salesianos Utrera\",\"potentialAction\":[{\"@type\":\"SearchAction\",\"target\":{\"@type\":\"EntryPoint\",\"urlTemplate\":\"https:\\\/\\\/utrera.salesianos.edu\\\/centrojuvenil\\\/?s={search_term_string}\"},\"query-input\":{\"@type\":\"PropertyValueSpecification\",\"valueRequired\":true,\"valueName\":\"search_term_string\"}}],\"inLanguage\":\"es\"}]}<\/script>\n<!-- \/ Yoast SEO plugin. -->","yoast_head_json":{"title":"Asociaci\u00f3n Juvenil Aldaba - Centro Juvenil","robots":{"index":"index","follow":"follow","max-snippet":"max-snippet:-1","max-image-preview":"max-image-preview:large","max-video-preview":"max-video-preview:-1"},"canonical":"https:\/\/utrera.salesianos.edu\/centrojuvenil\/asociacion-juvenil-aldaba\/","og_locale":"es_ES","og_type":"article","og_title":"Asociaci\u00f3n Juvenil Aldaba - Centro Juvenil","og_description":"Asociaci\u00f3n Juvenil Aldaba Con la denominaci\u00f3n de \u201cAsociaci\u00f3n Juvenil Aldaba\u201d, se constituye en Utrera, una asociaci\u00f3n juvenil de \u00e1mbito local, dotada de personalidad jur\u00eddica y capacidad de obrar de acuerdo con lo establecido en la Disposici\u00f3n Transitoria primera de la Ley Org\u00e1nica 1\/2002, de 22 de Marzo, reguladora del Derecho de Asociaci\u00f3n as\u00ed como en [&hellip;]","og_url":"https:\/\/utrera.salesianos.edu\/centrojuvenil\/asociacion-juvenil-aldaba\/","og_site_name":"Centro Juvenil","article_modified_time":"2018-09-24T11:25:01+00:00","twitter_card":"summary_large_image","twitter_misc":{"Tiempo de lectura":"6 minutos"},"schema":{"@context":"https:\/\/schema.org","@graph":[{"@type":"WebPage","@id":"https:\/\/utrera.salesianos.edu\/centrojuvenil\/asociacion-juvenil-aldaba\/","url":"https:\/\/utrera.salesianos.edu\/centrojuvenil\/asociacion-juvenil-aldaba\/","name":"Asociaci\u00f3n Juvenil Aldaba - Centro Juvenil","isPartOf":{"@id":"https:\/\/utrera.salesianos.edu\/centrojuvenil\/#website"},"datePublished":"2018-09-23T21:09:30+00:00","dateModified":"2018-09-24T11:25:01+00:00","breadcrumb":{"@id":"https:\/\/utrera.salesianos.edu\/centrojuvenil\/asociacion-juvenil-aldaba\/#breadcrumb"},"inLanguage":"es","potentialAction":[{"@type":"ReadAction","target":["https:\/\/utrera.salesianos.edu\/centrojuvenil\/asociacion-juvenil-aldaba\/"]}]},{"@type":"BreadcrumbList","@id":"https:\/\/utrera.salesianos.edu\/centrojuvenil\/asociacion-juvenil-aldaba\/#breadcrumb","itemListElement":[{"@type":"ListItem","position":1,"name":"Portada","item":"https:\/\/utrera.salesianos.edu\/centrojuvenil\/"},{"@type":"ListItem","position":2,"name":"Asociaci\u00f3n Juvenil Aldaba"}]},{"@type":"WebSite","@id":"https:\/\/utrera.salesianos.edu\/centrojuvenil\/#website","url":"https:\/\/utrera.salesianos.edu\/centrojuvenil\/","name":"Centro Juvenil","description":"P\u00e1gina oficial Salesianos Utrera","potentialAction":[{"@type":"SearchAction","target":{"@type":"EntryPoint","urlTemplate":"https:\/\/utrera.salesianos.edu\/centrojuvenil\/?s={search_term_string}"},"query-input":{"@type":"PropertyValueSpecification","valueRequired":true,"valueName":"search_term_string"}}],"inLanguage":"es"}]}},"_links":{"self":[{"href":"https:\/\/utrera.salesianos.edu\/centrojuvenil\/wp-json\/wp\/v2\/pages\/9454","targetHints":{"allow":["GET"]}}],"collection":[{"href":"https:\/\/utrera.salesianos.edu\/centrojuvenil\/wp-json\/wp\/v2\/pages"}],"about":[{"href":"https:\/\/utrera.salesianos.edu\/centrojuvenil\/wp-json\/wp\/v2\/types\/page"}],"author":[{"embeddable":true,"href":"https:\/\/utrera.salesianos.edu\/centrojuvenil\/wp-json\/wp\/v2\/users\/2"}],"replies":[{"embeddable":true,"href":"https:\/\/utrera.salesianos.edu\/centrojuvenil\/wp-json\/wp\/v2\/comments?post=9454"}],"version-history":[{"count":2,"href":"https:\/\/utrera.salesianos.edu\/centrojuvenil\/wp-json\/wp\/v2\/pages\/9454\/revisions"}],"predecessor-version":[{"id":9465,"href":"https:\/\/utrera.salesianos.edu\/centrojuvenil\/wp-json\/wp\/v2\/pages\/9454\/revisions\/9465"}],"wp:attachment":[{"href":"https:\/\/utrera.salesianos.edu\/centrojuvenil\/wp-json\/wp\/v2\/media?parent=9454"}],"curies":[{"name":"wp","href":"https:\/\/api.w.org\/{rel}","templated":true}]}}