{"id":14730,"date":"2023-03-25T21:29:11","date_gmt":"2023-03-25T20:29:11","guid":{"rendered":"https:\/\/utrera.salesianos.edu\/colegio\/?page_id=14730"},"modified":"2023-03-25T21:41:01","modified_gmt":"2023-03-25T20:41:01","slug":"modelo-de-persona","status":"publish","type":"page","link":"https:\/\/utrera.salesianos.edu\/colegio\/modelo-de-persona\/","title":{"rendered":"Modelo de persona"},"content":{"rendered":"<div id=\"fb-root\"><\/div>\n<p>[et_pb_section fb_built=\u00bb1&#8243; admin_label=\u00bbsection\u00bb _builder_version=\u00bb4.16&#8243; global_colors_info=\u00bb{}\u00bb][et_pb_row admin_label=\u00bbrow\u00bb _builder_version=\u00bb4.16&#8243; background_size=\u00bbinitial\u00bb background_position=\u00bbtop_left\u00bb background_repeat=\u00bbrepeat\u00bb hover_enabled=\u00bb0&#8243; global_colors_info=\u00bb{}\u00bb sticky_enabled=\u00bb0&#8243;][et_pb_column type=\u00bb4_4&#8243; _builder_version=\u00bb4.16&#8243; custom_padding=\u00bb|||\u00bb global_colors_info=\u00bb{}\u00bb custom_padding__hover=\u00bb|||\u00bb][et_pb_image src=\u00bbhttps:\/\/utrera.salesianos.edu\/colegio\/wp-content\/uploads\/sites\/2\/2023\/03\/MODELODEPERSONA-copia-300&#215;96.png\u00bb title_text=\u00bbMODELODEPERSONA &#8211; copia\u00bb align=\u00bbright\u00bb _builder_version=\u00bb4.20.2&#8243; _module_preset=\u00bbdefault\u00bb global_colors_info=\u00bb{}\u00bb][\/et_pb_image][et_pb_text _builder_version=\u00bb4.20.2&#8243; _module_preset=\u00bbdefault\u00bb global_colors_info=\u00bb{}\u00bb]<\/p>\n<p style=\"text-align: center;\"><span style=\"color: #808080;\">Don Bosco respondi\u00f3 a las necesidades de la juventud de su \u00e9poca, desde la acogida, la presencia y la entrega. La escuela salesiana, quiere continuar dando respuesta actualizada a las necesidades de los j\u00f3venes, manteni\u00e9ndonos fieles a los elementos esenciales del Sistema Preventivo. Para ello, se opta por fortalecer elementos propios, como la apertura a la Fe, la creatividad y la capacidad de adaptaci\u00f3n, estos \u00faltimos puestos en valor desde distintas instituciones internacionales como\u00a0<strong>prioritarios para el desarrollo de la ciudadan\u00eda del siglo XXI.<\/strong><\/span><\/p>\n<p style=\"text-align: center;\"><span style=\"color: #808080;\">Hace ya algunos a\u00f1os, que las escuelas de la Inspector\u00eda Salesiana Mar\u00eda Auxiliadora est\u00e1n inmersas en un\u00a0<strong>proceso de actualizaci\u00f3n pedag\u00f3gico y pastoral,<\/strong>\u00a0para dar respuesta a los nuevos retos y necesidades del contexto actual: avances tecnol\u00f3gicos, cambios hacia econom\u00edas basadas en el conocimiento y el aumento de la necesidad de nuevas competencias para adaptarse a un mundo globalizado en r\u00e1pido y continuo cambio.<\/span><\/p>\n<p style=\"text-align: center;\"><span style=\"color: #808080;\">Este proceso de renovaci\u00f3n pedag\u00f3gica y pastoral tiene por finalidad actualizar nuestra propuesta educativa reforzando as\u00ed el compromiso como educadores con el Car\u00e1cter Propio de las Escuelas Salesianas, las dimensiones del Proyecto Educativo Pastoral Salesiano y el Modelo de Persona a educar. Con ello, pretendemos que nuestros j\u00f3venes tengan m\u00e1s y mejores oportunidades para llegar a ser buenos cristianos, ciudadanos comprometidos, aprendices potentes y trabajadores competentes.<\/span><\/p>\n<p style=\"text-align: center;\"><span style=\"color: #808080;\">Al mismo tiempo, la investigaci\u00f3n de las ciencias de la educaci\u00f3n sobre c\u00f3mo aprenden mejor las personas se ha desarrollado de manera significativa, demostrando nuevos principios psicopedag\u00f3gicos que invitan a las escuelas a repensar qu\u00e9 se ense\u00f1a, c\u00f3mo se ense\u00f1a y c\u00f3mo se eval\u00faa el aprendizaje. En nuestras escuelas, se inici\u00f3 pues, un proceso de transformaci\u00f3n para pasar de un paradigma centrado en la ense\u00f1anza a un paradigma centrado en el aprendizaje, en el que la alumna y el alumno sea el centro del proceso y cuya finalidad es su educaci\u00f3n en base a un modelo que describe su formaci\u00f3n integral.<\/span><\/p>\n<p>[\/et_pb_text][et_pb_image src=\u00bbhttps:\/\/utrera.salesianos.edu\/colegio\/wp-content\/uploads\/sites\/2\/2023\/03\/MODELODEPERSONA.png\u00bb title_text=\u00bbMODELODEPERSONA\u00bb _builder_version=\u00bb4.20.2&#8243; _module_preset=\u00bbdefault\u00bb transform_scale=\u00bb56%|56%\u00bb global_colors_info=\u00bb{}\u00bb][\/et_pb_image][et_pb_image src=\u00bbhttps:\/\/utrera.salesianos.edu\/colegio\/wp-content\/uploads\/sites\/2\/2023\/03\/Azul-Amarillo-Rojo-Colorido-Formas-Geometricas-Matematicas-Curso-Moodle-Miniatura-copia.jpg\u00bb title_text=\u00bbAzul Amarillo Rojo Colorido Formas Geom\u00e9tricas Matem\u00e1ticas Cur\u00bb align=\u00bbcenter\u00bb _builder_version=\u00bb4.20.2&#8243; _module_preset=\u00bbdefault\u00bb global_colors_info=\u00bb{}\u00bb][\/et_pb_image][\/et_pb_column][\/et_pb_row][\/et_pb_section]<\/p>\n","protected":false},"excerpt":{"rendered":"<p>Don Bosco respondi\u00f3 a las necesidades de la juventud de su \u00e9poca, desde la acogida, la presencia y la entrega. La escuela salesiana, quiere continuar dando respuesta actualizada a las necesidades de los j\u00f3venes, manteni\u00e9ndonos fieles a los elementos esenciales del Sistema Preventivo. Para ello, se opta por fortalecer elementos propios, como la apertura a [&hellip;]<\/p>\n","protected":false},"author":2,"featured_media":0,"parent":0,"menu_order":0,"comment_status":"closed","ping_status":"closed","template":"","meta":{"_et_pb_use_builder":"on","_et_pb_old_content":"","_et_gb_content_width":"","footnotes":""},"class_list":["post-14730","page","type-page","status-publish","hentry"],"yoast_head":"<!-- This site is optimized with the Yoast SEO plugin v27.4 - https:\/\/yoast.com\/product\/yoast-seo-wordpress\/ -->\n<title>Modelo de persona - Colegio<\/title>\n<meta name=\"robots\" content=\"index, follow, max-snippet:-1, max-image-preview:large, max-video-preview:-1\" \/>\n<link rel=\"canonical\" href=\"https:\/\/utrera.salesianos.edu\/colegio\/modelo-de-persona\/\" \/>\n<meta property=\"og:locale\" content=\"es_ES\" \/>\n<meta property=\"og:type\" content=\"article\" \/>\n<meta property=\"og:title\" content=\"Modelo de persona - Colegio\" \/>\n<meta property=\"og:description\" content=\"Don Bosco respondi\u00f3 a las necesidades de la juventud de su \u00e9poca, desde la acogida, la presencia y la entrega. La escuela salesiana, quiere continuar dando respuesta actualizada a las necesidades de los j\u00f3venes, manteni\u00e9ndonos fieles a los elementos esenciales del Sistema Preventivo. Para ello, se opta por fortalecer elementos propios, como la apertura a [&hellip;]\" \/>\n<meta property=\"og:url\" content=\"https:\/\/utrera.salesianos.edu\/colegio\/modelo-de-persona\/\" \/>\n<meta property=\"og:site_name\" content=\"Colegio\" \/>\n<meta property=\"article:modified_time\" content=\"2023-03-25T20:41:01+00:00\" \/>\n<meta name=\"twitter:card\" content=\"summary_large_image\" \/>\n<meta name=\"twitter:label1\" content=\"Tiempo de lectura\" \/>\n\t<meta name=\"twitter:data1\" content=\"2 minutos\" \/>\n<script type=\"application\/ld+json\" class=\"yoast-schema-graph\">{\"@context\":\"https:\\\/\\\/schema.org\",\"@graph\":[{\"@type\":\"WebPage\",\"@id\":\"https:\\\/\\\/utrera.salesianos.edu\\\/colegio\\\/modelo-de-persona\\\/\",\"url\":\"https:\\\/\\\/utrera.salesianos.edu\\\/colegio\\\/modelo-de-persona\\\/\",\"name\":\"Modelo de persona - Colegio\",\"isPartOf\":{\"@id\":\"https:\\\/\\\/utrera.salesianos.edu\\\/colegio\\\/#website\"},\"datePublished\":\"2023-03-25T20:29:11+00:00\",\"dateModified\":\"2023-03-25T20:41:01+00:00\",\"breadcrumb\":{\"@id\":\"https:\\\/\\\/utrera.salesianos.edu\\\/colegio\\\/modelo-de-persona\\\/#breadcrumb\"},\"inLanguage\":\"es\",\"potentialAction\":[{\"@type\":\"ReadAction\",\"target\":[\"https:\\\/\\\/utrera.salesianos.edu\\\/colegio\\\/modelo-de-persona\\\/\"]}]},{\"@type\":\"BreadcrumbList\",\"@id\":\"https:\\\/\\\/utrera.salesianos.edu\\\/colegio\\\/modelo-de-persona\\\/#breadcrumb\",\"itemListElement\":[{\"@type\":\"ListItem\",\"position\":1,\"name\":\"Portada\",\"item\":\"https:\\\/\\\/utrera.salesianos.edu\\\/colegio\\\/\"},{\"@type\":\"ListItem\",\"position\":2,\"name\":\"Modelo de persona\"}]},{\"@type\":\"WebSite\",\"@id\":\"https:\\\/\\\/utrera.salesianos.edu\\\/colegio\\\/#website\",\"url\":\"https:\\\/\\\/utrera.salesianos.edu\\\/colegio\\\/\",\"name\":\"Colegio\",\"description\":\"P\u00e1gina oficial Salesianos Utrera\",\"potentialAction\":[{\"@type\":\"SearchAction\",\"target\":{\"@type\":\"EntryPoint\",\"urlTemplate\":\"https:\\\/\\\/utrera.salesianos.edu\\\/colegio\\\/?s={search_term_string}\"},\"query-input\":{\"@type\":\"PropertyValueSpecification\",\"valueRequired\":true,\"valueName\":\"search_term_string\"}}],\"inLanguage\":\"es\"}]}<\/script>\n<!-- \/ Yoast SEO plugin. -->","yoast_head_json":{"title":"Modelo de persona - Colegio","robots":{"index":"index","follow":"follow","max-snippet":"max-snippet:-1","max-image-preview":"max-image-preview:large","max-video-preview":"max-video-preview:-1"},"canonical":"https:\/\/utrera.salesianos.edu\/colegio\/modelo-de-persona\/","og_locale":"es_ES","og_type":"article","og_title":"Modelo de persona - Colegio","og_description":"Don Bosco respondi\u00f3 a las necesidades de la juventud de su \u00e9poca, desde la acogida, la presencia y la entrega. La escuela salesiana, quiere continuar dando respuesta actualizada a las necesidades de los j\u00f3venes, manteni\u00e9ndonos fieles a los elementos esenciales del Sistema Preventivo. Para ello, se opta por fortalecer elementos propios, como la apertura a [&hellip;]","og_url":"https:\/\/utrera.salesianos.edu\/colegio\/modelo-de-persona\/","og_site_name":"Colegio","article_modified_time":"2023-03-25T20:41:01+00:00","twitter_card":"summary_large_image","twitter_misc":{"Tiempo de lectura":"2 minutos"},"schema":{"@context":"https:\/\/schema.org","@graph":[{"@type":"WebPage","@id":"https:\/\/utrera.salesianos.edu\/colegio\/modelo-de-persona\/","url":"https:\/\/utrera.salesianos.edu\/colegio\/modelo-de-persona\/","name":"Modelo de persona - Colegio","isPartOf":{"@id":"https:\/\/utrera.salesianos.edu\/colegio\/#website"},"datePublished":"2023-03-25T20:29:11+00:00","dateModified":"2023-03-25T20:41:01+00:00","breadcrumb":{"@id":"https:\/\/utrera.salesianos.edu\/colegio\/modelo-de-persona\/#breadcrumb"},"inLanguage":"es","potentialAction":[{"@type":"ReadAction","target":["https:\/\/utrera.salesianos.edu\/colegio\/modelo-de-persona\/"]}]},{"@type":"BreadcrumbList","@id":"https:\/\/utrera.salesianos.edu\/colegio\/modelo-de-persona\/#breadcrumb","itemListElement":[{"@type":"ListItem","position":1,"name":"Portada","item":"https:\/\/utrera.salesianos.edu\/colegio\/"},{"@type":"ListItem","position":2,"name":"Modelo de persona"}]},{"@type":"WebSite","@id":"https:\/\/utrera.salesianos.edu\/colegio\/#website","url":"https:\/\/utrera.salesianos.edu\/colegio\/","name":"Colegio","description":"P\u00e1gina oficial Salesianos Utrera","potentialAction":[{"@type":"SearchAction","target":{"@type":"EntryPoint","urlTemplate":"https:\/\/utrera.salesianos.edu\/colegio\/?s={search_term_string}"},"query-input":{"@type":"PropertyValueSpecification","valueRequired":true,"valueName":"search_term_string"}}],"inLanguage":"es"}]}},"_links":{"self":[{"href":"https:\/\/utrera.salesianos.edu\/colegio\/wp-json\/wp\/v2\/pages\/14730","targetHints":{"allow":["GET"]}}],"collection":[{"href":"https:\/\/utrera.salesianos.edu\/colegio\/wp-json\/wp\/v2\/pages"}],"about":[{"href":"https:\/\/utrera.salesianos.edu\/colegio\/wp-json\/wp\/v2\/types\/page"}],"author":[{"embeddable":true,"href":"https:\/\/utrera.salesianos.edu\/colegio\/wp-json\/wp\/v2\/users\/2"}],"replies":[{"embeddable":true,"href":"https:\/\/utrera.salesianos.edu\/colegio\/wp-json\/wp\/v2\/comments?post=14730"}],"version-history":[{"count":16,"href":"https:\/\/utrera.salesianos.edu\/colegio\/wp-json\/wp\/v2\/pages\/14730\/revisions"}],"predecessor-version":[{"id":14757,"href":"https:\/\/utrera.salesianos.edu\/colegio\/wp-json\/wp\/v2\/pages\/14730\/revisions\/14757"}],"wp:attachment":[{"href":"https:\/\/utrera.salesianos.edu\/colegio\/wp-json\/wp\/v2\/media?parent=14730"}],"curies":[{"name":"wp","href":"https:\/\/api.w.org\/{rel}","templated":true}]}}