{"id":9446,"date":"2018-06-14T14:39:39","date_gmt":"2018-06-14T12:39:39","guid":{"rendered":"http:\/\/utrera.salesianos.edu\/colegio\/?page_id=9446"},"modified":"2026-02-23T13:23:29","modified_gmt":"2026-02-23T12:23:29","slug":"administracion","status":"publish","type":"page","link":"https:\/\/utrera.salesianos.edu\/colegio\/administracion\/","title":{"rendered":"Administraci\u00f3n"},"content":{"rendered":"<div id=\"fb-root\"><\/div>\n<p>[et_pb_section fb_built=\u00bb1&#8243; fullwidth=\u00bbon\u00bb _builder_version=\u00bb4.16&#8243; global_colors_info=\u00bb{}\u00bb][et_pb_fullwidth_header title=\u00bbAdministraci\u00f3n\u00bb title_font_color=\u00bb#ffffff\u00bb module_class=\u00bbpagina-imagen-cabecera\u00bb _builder_version=\u00bb4.23.1&#8243; title_font=\u00bbAmatic SC||||||||\u00bb title_text_color=\u00bb#ffffff\u00bb title_font_size=\u00bb40px\u00bb background_color=\u00bbrgba(255, 255, 255, 0)\u00bb background_image=\u00bbhttps:\/\/inspectoria.salesianos.edu\/wp-content\/uploads\/2017\/09\/ImagenPAGINA.jpg\u00bb background_layout=\u00bblight\u00bb max_width_tablet=\u00bb50px\u00bb background_url=\u00bbhttps:\/\/alicante.salesianos.edu\/colegio\/wp-content\/uploads\/sites\/2\/2017\/04\/Captura-de-pantalla-2017-04-13-a-las-16.14.37.png\u00bb button_one_letter_spacing_hover=\u00bb0&#8243; button_two_letter_spacing_hover=\u00bb0&#8243; global_colors_info=\u00bb{}\u00bb button_one_text_size__hover_enabled=\u00bboff\u00bb button_one_text_size__hover=\u00bbnull\u00bb button_two_text_size__hover_enabled=\u00bboff\u00bb button_two_text_size__hover=\u00bbnull\u00bb button_one_text_color__hover_enabled=\u00bboff\u00bb button_one_text_color__hover=\u00bbnull\u00bb button_two_text_color__hover_enabled=\u00bboff\u00bb button_two_text_color__hover=\u00bbnull\u00bb button_one_border_width__hover_enabled=\u00bboff\u00bb button_one_border_width__hover=\u00bbnull\u00bb button_two_border_width__hover_enabled=\u00bboff\u00bb button_two_border_width__hover=\u00bbnull\u00bb button_one_border_color__hover_enabled=\u00bboff\u00bb button_one_border_color__hover=\u00bbnull\u00bb button_two_border_color__hover_enabled=\u00bboff\u00bb button_two_border_color__hover=\u00bbnull\u00bb button_one_border_radius__hover_enabled=\u00bboff\u00bb button_one_border_radius__hover=\u00bbnull\u00bb button_two_border_radius__hover_enabled=\u00bboff\u00bb button_two_border_radius__hover=\u00bbnull\u00bb button_one_letter_spacing__hover_enabled=\u00bbon\u00bb button_one_letter_spacing__hover=\u00bb0&#8243; button_two_letter_spacing__hover_enabled=\u00bbon\u00bb button_two_letter_spacing__hover=\u00bb0&#8243; button_one_bg_color__hover_enabled=\u00bboff\u00bb button_one_bg_color__hover=\u00bbnull\u00bb button_two_bg_color__hover_enabled=\u00bboff\u00bb button_two_bg_color__hover=\u00bbnull\u00bb][\/et_pb_fullwidth_header][\/et_pb_section][et_pb_section fb_built=\u00bb1&#8243; _builder_version=\u00bb4.16&#8243; global_colors_info=\u00bb{}\u00bb][et_pb_row column_structure=\u00bb1_3,2_3&#8243; _builder_version=\u00bb4.16&#8243; background_size=\u00bbinitial\u00bb background_position=\u00bbtop_left\u00bb background_repeat=\u00bbrepeat\u00bb global_colors_info=\u00bb{}\u00bb][et_pb_column type=\u00bb1_3&#8243; _builder_version=\u00bb4.16&#8243; custom_padding=\u00bb|||\u00bb global_colors_info=\u00bb{}\u00bb custom_padding__hover=\u00bb|||\u00bb][et_pb_blurb title=\u00bb667512804&#8243; use_icon=\u00bbon\u00bb font_icon=\u00bb&#xe090;||divi||400&#8243; _builder_version=\u00bb4.16&#8243; header_font_size=\u00bb28px\u00bb body_font_size=\u00bb16px\u00bb text_orientation=\u00bbcenter\u00bb max_width_tablet=\u00bb50px\u00bb custom_margin=\u00bb|||\u00bb global_colors_info=\u00bb{}\u00bb]Recepci\u00f3n (8:00 &#8211; 20:00)<br \/>\n[\/et_pb_blurb][et_pb_cta title=\u00bbAdministradora\u00bb _builder_version=\u00bb4.27.4&#8243; header_font=\u00bbAmatic SC||||\u00bb header_font_size=\u00bb32px\u00bb body_font=\u00bb||||\u00bb background_color=\u00bb#e02b20&#8243; background_blend=\u00bbdarken\u00bb hover_enabled=\u00bb0&#8243; global_colors_info=\u00bb{}\u00bb button_text_size__hover_enabled=\u00bboff\u00bb button_text_size__hover=\u00bbnull\u00bb button_one_text_size__hover_enabled=\u00bboff\u00bb button_one_text_size__hover=\u00bbnull\u00bb button_two_text_size__hover_enabled=\u00bboff\u00bb button_two_text_size__hover=\u00bbnull\u00bb button_text_color__hover_enabled=\u00bboff\u00bb button_text_color__hover=\u00bbnull\u00bb button_one_text_color__hover_enabled=\u00bboff\u00bb button_one_text_color__hover=\u00bbnull\u00bb button_two_text_color__hover_enabled=\u00bboff\u00bb button_two_text_color__hover=\u00bbnull\u00bb button_border_width__hover_enabled=\u00bboff\u00bb button_border_width__hover=\u00bbnull\u00bb button_one_border_width__hover_enabled=\u00bboff\u00bb button_one_border_width__hover=\u00bbnull\u00bb button_two_border_width__hover_enabled=\u00bboff\u00bb button_two_border_width__hover=\u00bbnull\u00bb button_border_color__hover_enabled=\u00bboff\u00bb button_border_color__hover=\u00bbnull\u00bb button_one_border_color__hover_enabled=\u00bboff\u00bb button_one_border_color__hover=\u00bbnull\u00bb button_two_border_color__hover_enabled=\u00bboff\u00bb button_two_border_color__hover=\u00bbnull\u00bb button_border_radius__hover_enabled=\u00bboff\u00bb button_border_radius__hover=\u00bbnull\u00bb button_one_border_radius__hover_enabled=\u00bboff\u00bb button_one_border_radius__hover=\u00bbnull\u00bb button_two_border_radius__hover_enabled=\u00bboff\u00bb button_two_border_radius__hover=\u00bbnull\u00bb button_letter_spacing__hover_enabled=\u00bboff\u00bb button_letter_spacing__hover=\u00bbnull\u00bb button_one_letter_spacing__hover_enabled=\u00bboff\u00bb button_one_letter_spacing__hover=\u00bbnull\u00bb button_two_letter_spacing__hover_enabled=\u00bboff\u00bb button_two_letter_spacing__hover=\u00bbnull\u00bb button_bg_color__hover_enabled=\u00bboff\u00bb button_bg_color__hover=\u00bbnull\u00bb button_one_bg_color__hover_enabled=\u00bboff\u00bb button_one_bg_color__hover=\u00bbnull\u00bb button_two_bg_color__hover_enabled=\u00bboff\u00bb button_two_bg_color__hover=\u00bbnull\u00bb sticky_enabled=\u00bb0&#8243;]<\/p>\n<p><strong>Lunes a jueves<\/strong><\/p>\n<p>9:00 &#8211; 13:00<\/p>\n<p><strong>Martes\u00a0<\/strong><\/p>\n<p>16:00 &#8211; 19:00<\/p>\n<p>_____________<\/p>\n<p><i>Concertar cita previa<\/i><\/p>\n<p>[\/et_pb_cta][et_pb_text _builder_version=\u00bb4.23.1&#8243; header_font=\u00bbAmatic SC||||||||\u00bb header_font_size=\u00bb31px\u00bb custom_margin=\u00bb|||\u00bb custom_padding=\u00bb|||\u00bb global_colors_info=\u00bb{}\u00bb]<\/p>\n<h1 style=\"text-align: center;\"><strong>\u00bfCu\u00e1ndo podemos vernos?<\/strong><\/h1>\n<p>[\/et_pb_text][et_pb_text _builder_version=\u00bb4.16&#8243; background_size=\u00bbinitial\u00bb background_position=\u00bbtop_left\u00bb background_repeat=\u00bbrepeat\u00bb global_colors_info=\u00bb{}\u00bb]<\/p>\n<p class=\"\" style=\"text-align: center;\">Si es un asunto\u00a0<strong>urgente<\/strong>, lo mejor es que\u00a0<a title=\"Llamar a recepci\u00f3n\" href=\"tel:+34955867842\">llames<\/a>\u00a0al colegio. Desde\u00a0<strong>recepci\u00f3n<\/strong>\u00a0te derivar\u00e1n lo antes posible al responsable correspondiente.<\/p>\n<p class=\"\" style=\"text-align: center;\">Si puede esperar al d\u00eda siguiente lo mejor es que\u00a0<strong>solicites una cita<\/strong>. En esta misma p\u00e1gina encontrar\u00e1s los horarios de atenci\u00f3n y enlaces a los formularios para ponerte en contacto con\u00a0<a title=\"Contacta con direcci\u00f3n\" href=\"https:\/\/utrera.salesianos.edu\/colegio\/\/direccion\">direcci\u00f3n<\/a>\u00a0o\u00a0<a title=\"Contacta con secretar\u00eda\" href=\"https:\/\/utrera.salesianos.edu\/colegio\/secretar%C3%ADa\/\">secretar\u00eda<\/a>. Si no tienes claras las competencias de cada uno, en\u00a0<a title=\"Llamar a recepci\u00f3n\" href=\"callto:955867842\">recepci\u00f3n<\/a>\u00a0te ayudar\u00e1n a ponerte en contacto con la persona adecuada.<\/p>\n<p>[\/et_pb_text][\/et_pb_column][et_pb_column type=\u00bb2_3&#8243; _builder_version=\u00bb4.16&#8243; custom_padding=\u00bb|||\u00bb global_colors_info=\u00bb{}\u00bb custom_padding__hover=\u00bb|||\u00bb][et_pb_text _builder_version=\u00bb4.23.1&#8243; background_size=\u00bbinitial\u00bb background_position=\u00bbtop_left\u00bb background_repeat=\u00bbrepeat\u00bb global_colors_info=\u00bb{}\u00bb]<\/p>\n<p class=\"\">Una buena comunicaci\u00f3n es esencial para el buen funcionamiento de un colegio. Por eso te invitamos a que conozcas nuestra manera de comunicarnos. Te animamos tambi\u00e9n a que nos ayudes a hacer que nuestro colegio sea casa que acoge y que educa desde el coraz\u00f3n.<\/p>\n<p class=\"\">[\/et_pb_text][et_pb_text _builder_version=\u00bb4.23.1&#8243; header_font=\u00bbAmatic SC||||||||\u00bb header_font_size=\u00bb31px\u00bb custom_margin=\u00bb|||\u00bb custom_padding=\u00bb|||\u00bb global_colors_info=\u00bb{}\u00bb]<\/p>\n<h1 style=\"text-align: center;\"><strong>\u00bfEn qu\u00e9 podemos ayudarte?<\/strong><\/h1>\n<p>[\/et_pb_text][et_pb_testimonial job_title=\u00bbAdministradora\u00bb _builder_version=\u00bb4.16&#8243; background_size=\u00bbinitial\u00bb background_position=\u00bbtop_left\u00bb background_repeat=\u00bbrepeat\u00bb global_colors_info=\u00bb{}\u00bb]<\/p>\n<p>\u00a1Hola a todos\/as! Soy Inmaculada y formo parte del personal de administraci\u00f3n y servicios. M\u00e1s concretamente la administradora del centro. Somos un equipo que, junto con el claustro de profesores, damos lo mejor de nosotros para hacer que el sue\u00f1o de Don Bosco siga siendo una realidad aqu\u00ed en Utrera. Sin m\u00e1s, un cordial saludo.<\/p>\n<p><strong>Inmaculada Rold\u00e1n Fern\u00e1ndez<\/strong><\/p>\n<p>[\/et_pb_testimonial][et_pb_contact_form email=\u00bbadministracion.utrera@salesianos.edu\u00bb title=\u00bbContacta con el administrador\u00bb custom_message=\u00bbEsto es un mensaje enviado al administrador desde la p\u00e1gina web.||et_pb_line_break_holder||Remitente: %%Name%%||et_pb_line_break_holder||Email: %%Email%%||et_pb_line_break_holder||Mensaje: %%Message%%\u00bb success_message=\u00bbGracias por contactar con el administrador. \u00bb _builder_version=\u00bb4.23.1&#8243; _unique_id=\u00bb3a310d39-c229-41d0-948e-1e7519a7a38f\u00bb title_font=\u00bbAmatic SC|700|||||||\u00bb title_font_size=\u00bb31px\u00bb global_colors_info=\u00bb{}\u00bb][et_pb_contact_field field_id=\u00bbName\u00bb field_title=\u00bbNombre\u00bb _builder_version=\u00bb4.16&#8243; global_colors_info=\u00bb{}\u00bb button_text_size__hover_enabled=\u00bboff\u00bb button_one_text_size__hover_enabled=\u00bboff\u00bb button_two_text_size__hover_enabled=\u00bboff\u00bb button_text_color__hover_enabled=\u00bboff\u00bb button_one_text_color__hover_enabled=\u00bboff\u00bb button_two_text_color__hover_enabled=\u00bboff\u00bb button_border_width__hover_enabled=\u00bboff\u00bb button_one_border_width__hover_enabled=\u00bboff\u00bb button_two_border_width__hover_enabled=\u00bboff\u00bb button_border_color__hover_enabled=\u00bboff\u00bb button_one_border_color__hover_enabled=\u00bboff\u00bb button_two_border_color__hover_enabled=\u00bboff\u00bb button_border_radius__hover_enabled=\u00bboff\u00bb button_one_border_radius__hover_enabled=\u00bboff\u00bb button_two_border_radius__hover_enabled=\u00bboff\u00bb button_letter_spacing__hover_enabled=\u00bboff\u00bb button_one_letter_spacing__hover_enabled=\u00bboff\u00bb button_two_letter_spacing__hover_enabled=\u00bboff\u00bb button_bg_color__hover_enabled=\u00bboff\u00bb button_one_bg_color__hover_enabled=\u00bboff\u00bb button_two_bg_color__hover_enabled=\u00bboff\u00bb][\/et_pb_contact_field][et_pb_contact_field field_id=\u00bbEmail\u00bb field_title=\u00bbDirecci\u00f3n de correo electr\u00f3nico\u00bb field_type=\u00bbemail\u00bb _builder_version=\u00bb4.16&#8243; global_colors_info=\u00bb{}\u00bb button_text_size__hover_enabled=\u00bboff\u00bb button_one_text_size__hover_enabled=\u00bboff\u00bb button_two_text_size__hover_enabled=\u00bboff\u00bb button_text_color__hover_enabled=\u00bboff\u00bb button_one_text_color__hover_enabled=\u00bboff\u00bb button_two_text_color__hover_enabled=\u00bboff\u00bb button_border_width__hover_enabled=\u00bboff\u00bb button_one_border_width__hover_enabled=\u00bboff\u00bb button_two_border_width__hover_enabled=\u00bboff\u00bb button_border_color__hover_enabled=\u00bboff\u00bb button_one_border_color__hover_enabled=\u00bboff\u00bb button_two_border_color__hover_enabled=\u00bboff\u00bb button_border_radius__hover_enabled=\u00bboff\u00bb button_one_border_radius__hover_enabled=\u00bboff\u00bb button_two_border_radius__hover_enabled=\u00bboff\u00bb button_letter_spacing__hover_enabled=\u00bboff\u00bb button_one_letter_spacing__hover_enabled=\u00bboff\u00bb button_two_letter_spacing__hover_enabled=\u00bboff\u00bb button_bg_color__hover_enabled=\u00bboff\u00bb button_one_bg_color__hover_enabled=\u00bboff\u00bb button_two_bg_color__hover_enabled=\u00bboff\u00bb][\/et_pb_contact_field][et_pb_contact_field field_id=\u00bbMessage\u00bb field_title=\u00bbMensaje\u00bb field_type=\u00bbtext\u00bb fullwidth_field=\u00bbon\u00bb _builder_version=\u00bb4.16&#8243; global_colors_info=\u00bb{}\u00bb button_text_size__hover_enabled=\u00bboff\u00bb button_one_text_size__hover_enabled=\u00bboff\u00bb button_two_text_size__hover_enabled=\u00bboff\u00bb button_text_color__hover_enabled=\u00bboff\u00bb button_one_text_color__hover_enabled=\u00bboff\u00bb button_two_text_color__hover_enabled=\u00bboff\u00bb button_border_width__hover_enabled=\u00bboff\u00bb button_one_border_width__hover_enabled=\u00bboff\u00bb button_two_border_width__hover_enabled=\u00bboff\u00bb button_border_color__hover_enabled=\u00bboff\u00bb button_one_border_color__hover_enabled=\u00bboff\u00bb button_two_border_color__hover_enabled=\u00bboff\u00bb button_border_radius__hover_enabled=\u00bboff\u00bb button_one_border_radius__hover_enabled=\u00bboff\u00bb button_two_border_radius__hover_enabled=\u00bboff\u00bb button_letter_spacing__hover_enabled=\u00bboff\u00bb button_one_letter_spacing__hover_enabled=\u00bboff\u00bb button_two_letter_spacing__hover_enabled=\u00bboff\u00bb button_bg_color__hover_enabled=\u00bboff\u00bb button_one_bg_color__hover_enabled=\u00bboff\u00bb button_two_bg_color__hover_enabled=\u00bboff\u00bb][\/et_pb_contact_field][\/et_pb_contact_form][\/et_pb_column][\/et_pb_row][\/et_pb_section]<\/p>\n","protected":false},"excerpt":{"rendered":"<p>Recepci\u00f3n (8:00 &#8211; 20:00) Lunes a jueves 9:00 &#8211; 13:00 Martes\u00a0 16:00 &#8211; 19:00 _____________ Concertar cita previa\u00bfCu\u00e1ndo podemos vernos?Si es un asunto\u00a0urgente, lo mejor es que\u00a0llames\u00a0al colegio. Desde\u00a0recepci\u00f3n\u00a0te derivar\u00e1n lo antes posible al responsable correspondiente. Si puede esperar al d\u00eda siguiente lo mejor es que\u00a0solicites una cita. En esta misma p\u00e1gina encontrar\u00e1s los horarios [&hellip;]<\/p>\n","protected":false},"author":2,"featured_media":0,"parent":0,"menu_order":0,"comment_status":"closed","ping_status":"closed","template":"","meta":{"_et_pb_use_builder":"on","_et_pb_old_content":"","_et_gb_content_width":"","footnotes":""},"class_list":["post-9446","page","type-page","status-publish","hentry"],"yoast_head":"<!-- This site is optimized with the Yoast SEO plugin v27.4 - https:\/\/yoast.com\/product\/yoast-seo-wordpress\/ -->\n<title>Administraci\u00f3n - Colegio<\/title>\n<meta name=\"robots\" content=\"index, follow, max-snippet:-1, max-image-preview:large, max-video-preview:-1\" \/>\n<link rel=\"canonical\" href=\"https:\/\/utrera.salesianos.edu\/colegio\/administracion\/\" \/>\n<meta property=\"og:locale\" content=\"es_ES\" \/>\n<meta property=\"og:type\" content=\"article\" \/>\n<meta property=\"og:title\" content=\"Administraci\u00f3n - Colegio\" \/>\n<meta property=\"og:description\" content=\"Recepci\u00f3n (8:00 - 20:00) Lunes a jueves 9:00 - 13:00 Martes\u00a0 16:00 - 19:00 _____________ Concertar cita previa\u00bfCu\u00e1ndo podemos vernos?Si es un asunto\u00a0urgente, lo mejor es que\u00a0llames\u00a0al colegio. Desde\u00a0recepci\u00f3n\u00a0te derivar\u00e1n lo antes posible al responsable correspondiente. Si puede esperar al d\u00eda siguiente lo mejor es que\u00a0solicites una cita. En esta misma p\u00e1gina encontrar\u00e1s los horarios [&hellip;]\" \/>\n<meta property=\"og:url\" content=\"https:\/\/utrera.salesianos.edu\/colegio\/administracion\/\" \/>\n<meta property=\"og:site_name\" content=\"Colegio\" \/>\n<meta property=\"article:modified_time\" content=\"2026-02-23T12:23:29+00:00\" \/>\n<meta name=\"twitter:card\" content=\"summary_large_image\" \/>\n<meta name=\"twitter:label1\" content=\"Tiempo de lectura\" \/>\n\t<meta name=\"twitter:data1\" content=\"2 minutos\" \/>\n<script type=\"application\/ld+json\" class=\"yoast-schema-graph\">{\"@context\":\"https:\\\/\\\/schema.org\",\"@graph\":[{\"@type\":\"WebPage\",\"@id\":\"https:\\\/\\\/utrera.salesianos.edu\\\/colegio\\\/administracion\\\/\",\"url\":\"https:\\\/\\\/utrera.salesianos.edu\\\/colegio\\\/administracion\\\/\",\"name\":\"Administraci\u00f3n - Colegio\",\"isPartOf\":{\"@id\":\"https:\\\/\\\/utrera.salesianos.edu\\\/colegio\\\/#website\"},\"datePublished\":\"2018-06-14T12:39:39+00:00\",\"dateModified\":\"2026-02-23T12:23:29+00:00\",\"breadcrumb\":{\"@id\":\"https:\\\/\\\/utrera.salesianos.edu\\\/colegio\\\/administracion\\\/#breadcrumb\"},\"inLanguage\":\"es\",\"potentialAction\":[{\"@type\":\"ReadAction\",\"target\":[\"https:\\\/\\\/utrera.salesianos.edu\\\/colegio\\\/administracion\\\/\"]}]},{\"@type\":\"BreadcrumbList\",\"@id\":\"https:\\\/\\\/utrera.salesianos.edu\\\/colegio\\\/administracion\\\/#breadcrumb\",\"itemListElement\":[{\"@type\":\"ListItem\",\"position\":1,\"name\":\"Portada\",\"item\":\"https:\\\/\\\/utrera.salesianos.edu\\\/colegio\\\/\"},{\"@type\":\"ListItem\",\"position\":2,\"name\":\"Administraci\u00f3n\"}]},{\"@type\":\"WebSite\",\"@id\":\"https:\\\/\\\/utrera.salesianos.edu\\\/colegio\\\/#website\",\"url\":\"https:\\\/\\\/utrera.salesianos.edu\\\/colegio\\\/\",\"name\":\"Colegio\",\"description\":\"P\u00e1gina oficial Salesianos Utrera\",\"potentialAction\":[{\"@type\":\"SearchAction\",\"target\":{\"@type\":\"EntryPoint\",\"urlTemplate\":\"https:\\\/\\\/utrera.salesianos.edu\\\/colegio\\\/?s={search_term_string}\"},\"query-input\":{\"@type\":\"PropertyValueSpecification\",\"valueRequired\":true,\"valueName\":\"search_term_string\"}}],\"inLanguage\":\"es\"}]}<\/script>\n<!-- \/ Yoast SEO plugin. -->","yoast_head_json":{"title":"Administraci\u00f3n - Colegio","robots":{"index":"index","follow":"follow","max-snippet":"max-snippet:-1","max-image-preview":"max-image-preview:large","max-video-preview":"max-video-preview:-1"},"canonical":"https:\/\/utrera.salesianos.edu\/colegio\/administracion\/","og_locale":"es_ES","og_type":"article","og_title":"Administraci\u00f3n - Colegio","og_description":"Recepci\u00f3n (8:00 - 20:00) Lunes a jueves 9:00 - 13:00 Martes\u00a0 16:00 - 19:00 _____________ Concertar cita previa\u00bfCu\u00e1ndo podemos vernos?Si es un asunto\u00a0urgente, lo mejor es que\u00a0llames\u00a0al colegio. Desde\u00a0recepci\u00f3n\u00a0te derivar\u00e1n lo antes posible al responsable correspondiente. Si puede esperar al d\u00eda siguiente lo mejor es que\u00a0solicites una cita. En esta misma p\u00e1gina encontrar\u00e1s los horarios [&hellip;]","og_url":"https:\/\/utrera.salesianos.edu\/colegio\/administracion\/","og_site_name":"Colegio","article_modified_time":"2026-02-23T12:23:29+00:00","twitter_card":"summary_large_image","twitter_misc":{"Tiempo de lectura":"2 minutos"},"schema":{"@context":"https:\/\/schema.org","@graph":[{"@type":"WebPage","@id":"https:\/\/utrera.salesianos.edu\/colegio\/administracion\/","url":"https:\/\/utrera.salesianos.edu\/colegio\/administracion\/","name":"Administraci\u00f3n - Colegio","isPartOf":{"@id":"https:\/\/utrera.salesianos.edu\/colegio\/#website"},"datePublished":"2018-06-14T12:39:39+00:00","dateModified":"2026-02-23T12:23:29+00:00","breadcrumb":{"@id":"https:\/\/utrera.salesianos.edu\/colegio\/administracion\/#breadcrumb"},"inLanguage":"es","potentialAction":[{"@type":"ReadAction","target":["https:\/\/utrera.salesianos.edu\/colegio\/administracion\/"]}]},{"@type":"BreadcrumbList","@id":"https:\/\/utrera.salesianos.edu\/colegio\/administracion\/#breadcrumb","itemListElement":[{"@type":"ListItem","position":1,"name":"Portada","item":"https:\/\/utrera.salesianos.edu\/colegio\/"},{"@type":"ListItem","position":2,"name":"Administraci\u00f3n"}]},{"@type":"WebSite","@id":"https:\/\/utrera.salesianos.edu\/colegio\/#website","url":"https:\/\/utrera.salesianos.edu\/colegio\/","name":"Colegio","description":"P\u00e1gina oficial Salesianos Utrera","potentialAction":[{"@type":"SearchAction","target":{"@type":"EntryPoint","urlTemplate":"https:\/\/utrera.salesianos.edu\/colegio\/?s={search_term_string}"},"query-input":{"@type":"PropertyValueSpecification","valueRequired":true,"valueName":"search_term_string"}}],"inLanguage":"es"}]}},"_links":{"self":[{"href":"https:\/\/utrera.salesianos.edu\/colegio\/wp-json\/wp\/v2\/pages\/9446","targetHints":{"allow":["GET"]}}],"collection":[{"href":"https:\/\/utrera.salesianos.edu\/colegio\/wp-json\/wp\/v2\/pages"}],"about":[{"href":"https:\/\/utrera.salesianos.edu\/colegio\/wp-json\/wp\/v2\/types\/page"}],"author":[{"embeddable":true,"href":"https:\/\/utrera.salesianos.edu\/colegio\/wp-json\/wp\/v2\/users\/2"}],"replies":[{"embeddable":true,"href":"https:\/\/utrera.salesianos.edu\/colegio\/wp-json\/wp\/v2\/comments?post=9446"}],"version-history":[{"count":24,"href":"https:\/\/utrera.salesianos.edu\/colegio\/wp-json\/wp\/v2\/pages\/9446\/revisions"}],"predecessor-version":[{"id":19105,"href":"https:\/\/utrera.salesianos.edu\/colegio\/wp-json\/wp\/v2\/pages\/9446\/revisions\/19105"}],"wp:attachment":[{"href":"https:\/\/utrera.salesianos.edu\/colegio\/wp-json\/wp\/v2\/media?parent=9446"}],"curies":[{"name":"wp","href":"https:\/\/api.w.org\/{rel}","templated":true}]}}