{"id":9807,"date":"2018-09-20T12:17:56","date_gmt":"2018-09-20T10:17:56","guid":{"rendered":"http:\/\/utrera.salesianos.edu\/colegio\/?page_id=9807"},"modified":"2024-02-10T18:21:15","modified_gmt":"2024-02-10T17:21:15","slug":"pastoral-conocenos","status":"publish","type":"page","link":"https:\/\/utrera.salesianos.edu\/colegio\/pastoral-conocenos\/","title":{"rendered":"Pastoral-Con\u00f3cenos"},"content":{"rendered":"<div id=\"fb-root\"><\/div>\n<p>[et_pb_section fb_built=\u00bb1&#8243; fullwidth=\u00bbon\u00bb _builder_version=\u00bb4.16&#8243; global_colors_info=\u00bb{}\u00bb][et_pb_fullwidth_header title=\u00bbPastoral Escolar\u00bb module_class=\u00bbpagina-imagen-cabecera\u00bb _builder_version=\u00bb4.23.1&#8243; title_font=\u00bbAmatic SC|700|||||||\u00bb title_text_color=\u00bb#ffffff\u00bb title_font_size=\u00bb40px\u00bb background_color=\u00bbrgba(255, 255, 255, 0)\u00bb background_image=\u00bbhttps:\/\/inspectoria.salesianos.edu\/wp-content\/uploads\/2017\/09\/ImagenPAGINA.jpg\u00bb background_layout=\u00bblight\u00bb text_shadow_style=\u00bbpreset3&#8243; global_colors_info=\u00bb{}\u00bb button_one_text_size__hover_enabled=\u00bboff\u00bb button_one_text_size__hover=\u00bbnull\u00bb button_two_text_size__hover_enabled=\u00bboff\u00bb button_two_text_size__hover=\u00bbnull\u00bb button_one_text_color__hover_enabled=\u00bboff\u00bb button_one_text_color__hover=\u00bbnull\u00bb button_two_text_color__hover_enabled=\u00bboff\u00bb button_two_text_color__hover=\u00bbnull\u00bb button_one_border_width__hover_enabled=\u00bboff\u00bb button_one_border_width__hover=\u00bbnull\u00bb button_two_border_width__hover_enabled=\u00bboff\u00bb button_two_border_width__hover=\u00bbnull\u00bb button_one_border_color__hover_enabled=\u00bboff\u00bb button_one_border_color__hover=\u00bbnull\u00bb button_two_border_color__hover_enabled=\u00bboff\u00bb button_two_border_color__hover=\u00bbnull\u00bb button_one_border_radius__hover_enabled=\u00bboff\u00bb button_one_border_radius__hover=\u00bbnull\u00bb button_two_border_radius__hover_enabled=\u00bboff\u00bb button_two_border_radius__hover=\u00bbnull\u00bb button_one_letter_spacing__hover_enabled=\u00bboff\u00bb button_one_letter_spacing__hover=\u00bbnull\u00bb button_two_letter_spacing__hover_enabled=\u00bboff\u00bb button_two_letter_spacing__hover=\u00bbnull\u00bb button_one_bg_color__hover_enabled=\u00bboff\u00bb button_one_bg_color__hover=\u00bbnull\u00bb button_two_bg_color__hover_enabled=\u00bboff\u00bb button_two_bg_color__hover=\u00bbnull\u00bb][\/et_pb_fullwidth_header][\/et_pb_section][et_pb_section fb_built=\u00bb1&#8243; module_class=\u00bbpagina-seccion-contenido\u00bb _builder_version=\u00bb4.16&#8243; custom_padding=\u00bb0%||49px|\u00bb global_colors_info=\u00bb{}\u00bb][et_pb_row column_structure=\u00bb2_3,1_3&#8243; _builder_version=\u00bb4.16&#8243; background_size=\u00bbinitial\u00bb background_position=\u00bbtop_left\u00bb background_repeat=\u00bbrepeat\u00bb custom_margin=\u00bb25px|||\u00bb custom_padding=\u00bb25px|0px|26px|0px\u00bb global_colors_info=\u00bb{}\u00bb][et_pb_column type=\u00bb2_3&#8243; _builder_version=\u00bb4.16&#8243; custom_padding=\u00bb|||\u00bb global_colors_info=\u00bb{}\u00bb custom_padding__hover=\u00bb|||\u00bb][et_pb_text _builder_version=\u00bb4.23.1&#8243; header_font=\u00bbAmatic SC|700|||||||\u00bb header_font_size=\u00bb31px\u00bb custom_margin=\u00bb|||\u00bb custom_padding=\u00bb|||\u00bb hover_enabled=\u00bb0&#8243; global_colors_info=\u00bb{}\u00bb sticky_enabled=\u00bb0&#8243;]<\/p>\n<h1><strong>\u00bfQu\u00e9 es la pastoral escolar?<\/strong><\/h1>\n<p>[\/et_pb_text][et_pb_text _builder_version=\u00bb4.16&#8243; background_size=\u00bbinitial\u00bb background_position=\u00bbtop_left\u00bb background_repeat=\u00bbrepeat\u00bb text_orientation=\u00bbjustified\u00bb border_style=\u00bbsolid\u00bb global_colors_info=\u00bb{}\u00bb]<\/p>\n<p>\n\u00a1Adelante, pasa! \u00a1No te quedes ah\u00ed!<\/p>\n<p>\u00bfQu\u00e9 es la Pastoral Escolar? \u00bfQui\u00e9nes somos? \u00bfCu\u00e1les son nuestras inquietudes? \u00bfC\u00f3mo trabajamos? \u00bfQu\u00e9 nos mueve?<\/p>\n<p>Estas son algunas de las preguntas que trataremos de responderte para que entiendas la importancia que la Pastoral Escolar tiene en nuestro centro.<\/p>\n<p>[\/et_pb_text][et_pb_testimonial author=\u00bbD. Francisco P\u00e9rez Ropero\u00bb job_title=\u00bbCoordinador de pastoral escolar\u00bb _builder_version=\u00bb4.16&#8243; background_size=\u00bbinitial\u00bb background_position=\u00bbtop_left\u00bb background_repeat=\u00bbrepeat\u00bb text_orientation=\u00bbjustified\u00bb custom_margin=\u00bb|||\u00bb custom_padding=\u00bb35px|||\u00bb box_shadow_style=\u00bbpreset3&#8243; global_colors_info=\u00bb{}\u00bb]<\/p>\n<p>Mi nombre es <strong>Francisco P\u00e9rez Ropero<\/strong> y soy el <strong>coordinador de Pastoral Escolar<\/strong> del colegio.<\/p>\n<p>Me alegra que hayas llegado hasta este apartado de nuestra web; imagino que tendr\u00e1s inquietudes por saber en qu\u00e9 consiste la Pastoral, qu\u00e9 hacemos o cu\u00e1l es nuestro objetivo.<\/p>\n<p>La Pastoral Escolar es el eje vertebrador de nuestra acci\u00f3n docente, es el <strong>aroma que respiramos<\/strong> y el <strong>sabor que le ponemo<\/strong>s a cada una de nuestras obras. La Pastoral Escolar est\u00e1 inmersa en nuestro d\u00eda a d\u00eda, pues con ella pretendemos seguir el <strong>sue\u00f1o de Don Bosco<\/strong>, hacerlo realidad, ofreciendo una educaci\u00f3n integral y cristiana, basada en el <strong>evangelio<\/strong>, que tenga como modelo a <strong>Jes\u00fas<\/strong> y como gu\u00eda a nuestra madre, <strong>Mar\u00eda<\/strong>, que es a la vez <strong>Auxilio<\/strong> de todos.<\/p>\n<p>El Equipo de Pastoral Escolar est\u00e1 compuesto por un grupo de salesianos, profesores y educadores que se re\u00fanen cada semana para revisar y organizar la acci\u00f3n pastoral que llevamos a cabo en nuestro colegio: desde los Buenos D\u00edas hasta las celebraciones de sacramentos como la eucarist\u00eda o el perd\u00f3n, pasando por campa\u00f1as solidarias o actividades de voluntariado. Pero este Equipo no trabaja solo, sino que cuenta con la ayuda del <strong>claustro de profesores<\/strong> de todas las etapas educativas para poder hacer realidad todo lo que proponemos, ya que <strong>en nuestra casa<\/strong> <strong>Pastoral somos todos<\/strong>; este es un claro ejemplo de la importancia que la Pastoral tiene en nuestro centro.<\/p>\n<p>Desde la Pastoral Escolar queremos <strong>acompa\u00f1ar <\/strong>a nuestro a alumnado en la <strong>aventura de vivir<\/strong>, formando hombres y mujeres para los dem\u00e1s que sean \u201c<strong><em>buenos cristianos y honrados ciudadanos<\/em><\/strong>\u201d. Vivir la Pastoral es una apuesta firme por vivir con sentido, buscar mi sitio en el mundo, sentirme acompa\u00f1ado por la Iglesia y un reto por querer crecer como persona.<\/p>\n<p>Esto parece el comienzo de <strong>una gran aventura<\/strong>\u2026 Y t\u00fa, <strong>\u00bfte la vas a perder?<\/strong><\/p>\n<p>[\/et_pb_testimonial][\/et_pb_column][et_pb_column type=\u00bb1_3&#8243; _builder_version=\u00bb4.16&#8243; custom_padding=\u00bb|||\u00bb global_colors_info=\u00bb{}\u00bb custom_padding__hover=\u00bb|||\u00bb][et_pb_text _builder_version=\u00bb4.23.1&#8243; header_font=\u00bbAmatic SC|700|||||||\u00bb header_font_size=\u00bb31px\u00bb custom_margin=\u00bb|||\u00bb custom_padding=\u00bb|||\u00bb hover_enabled=\u00bb0&#8243; global_colors_info=\u00bb{}\u00bb sticky_enabled=\u00bb0&#8243;]<\/p>\n<h1><strong>Nuestros puntos fuertes<\/strong><\/h1>\n<p>[\/et_pb_text][et_pb_text _builder_version=\u00bb4.16&#8243; background_size=\u00bbinitial\u00bb background_position=\u00bbtop_left\u00bb background_repeat=\u00bbrepeat\u00bb text_orientation=\u00bbjustified\u00bb global_colors_info=\u00bb{}\u00bb]<\/p>\n<p>\nLa Pastoral Escolar persigue diferentes <strong>objetivos<\/strong>, entre los que destacamos:<\/p>\n<ul>\n<li>Potenciar una s\u00f3lida formaci\u00f3n humana y cristiana de nuestros j\u00f3venes, que facilite su desarrollo personal, el encuentro con Jesucristo y su aportaci\u00f3n a la sociedad.<\/li>\n<li>Acompa\u00f1ar al alumnado en su proceso de crecimiento personal.<\/li>\n<li>Ser la base de nuestra acci\u00f3n docente.<\/li>\n<li>Educar en el conocimiento de la realidad con sentido cr\u00edtico en el compromiso sociocultural y en la participaci\u00f3n ciudadana, para construir una sociedad m\u00e1s justa y un mundo m\u00e1s habitable.<\/li>\n<li>Buscar la propia vocaci\u00f3n de vida.<\/li>\n<\/ul>\n<p>Pero estos objetivos no podr\u00edamos alcanzarlos sin nuestros <strong>puntos fuertes<\/strong> como son:<\/p>\n<ul>\n<li>Concienciaci\u00f3n de la importancia de la Pastoral en nuestro centro por parte de padres, profesores, alumnados y PAS.<\/li>\n<li>Buena conexi\u00f3n con el alumnado a trav\u00e9s de los delegados de pastoral de aula.<\/li>\n<li>Implicaci\u00f3n por parte de todo el profesorado.<\/li>\n<li>Solidez y cohesi\u00f3n en el Equipo de Pastoral Escolar.<\/li>\n<li>Disponibilidad 24 horas 7 d\u00edas a la semana para la acci\u00f3n pastoral.<\/li>\n<li>Necesidad de vivir un proceso de sentido, valor, trascendencia, interioridad y oraci\u00f3n, entendiendo la vida como una propuesta de compromiso hacia los dem\u00e1s.<\/li>\n<\/ul>\n<p>La Pastoral Escolar no puede entenderse si la colaboraci\u00f3n de todos, por lo que quedamos a tu disposici\u00f3n para todo lo que necesites. No dudes en contar con nosotros, porque nosotros \u00a1s\u00ed contamos contigo!<\/p>\n<p>[\/et_pb_text][et_pb_button button_url=\u00bbhttps:\/\/www.salesianos.edu\/inspectoria\/programacion-anual\/#lema\u00bb url_new_window=\u00bbon\u00bb button_text=\u00bbLema\u00bb _builder_version=\u00bb4.23.1&#8243; custom_button=\u00bbon\u00bb button_bg_color=\u00bb#e02b20&#8243; button_font=\u00bbAmatic SC|700|||||||\u00bb vertical_offset_tablet=\u00bb0&#8243; horizontal_offset_tablet=\u00bb0&#8243; background_layout=\u00bbdark\u00bb filter_hue_rotate=\u00bb359deg\u00bb hover_enabled=\u00bb0&#8243; z_index_tablet=\u00bb0&#8243; button_text_shadow_horizontal_length_tablet=\u00bb0px\u00bb button_text_shadow_vertical_length_tablet=\u00bb0px\u00bb button_text_shadow_blur_strength_tablet=\u00bb1px\u00bb box_shadow_horizontal_tablet=\u00bb0px\u00bb box_shadow_vertical_tablet=\u00bb0px\u00bb box_shadow_blur_tablet=\u00bb40px\u00bb box_shadow_spread_tablet=\u00bb0px\u00bb global_colors_info=\u00bb{}\u00bb button_text_size__hover_enabled=\u00bboff\u00bb button_text_size__hover=\u00bbnull\u00bb button_one_text_size__hover_enabled=\u00bboff\u00bb button_one_text_size__hover=\u00bbnull\u00bb button_two_text_size__hover_enabled=\u00bboff\u00bb button_two_text_size__hover=\u00bbnull\u00bb button_text_color__hover_enabled=\u00bboff\u00bb button_text_color__hover=\u00bbnull\u00bb button_one_text_color__hover_enabled=\u00bboff\u00bb button_one_text_color__hover=\u00bbnull\u00bb button_two_text_color__hover_enabled=\u00bboff\u00bb button_two_text_color__hover=\u00bbnull\u00bb button_border_width__hover_enabled=\u00bboff\u00bb button_border_width__hover=\u00bbnull\u00bb button_one_border_width__hover_enabled=\u00bboff\u00bb button_one_border_width__hover=\u00bbnull\u00bb button_two_border_width__hover_enabled=\u00bboff\u00bb button_two_border_width__hover=\u00bbnull\u00bb button_border_color__hover_enabled=\u00bboff\u00bb button_border_color__hover=\u00bbnull\u00bb button_one_border_color__hover_enabled=\u00bboff\u00bb button_one_border_color__hover=\u00bbnull\u00bb button_two_border_color__hover_enabled=\u00bboff\u00bb button_two_border_color__hover=\u00bbnull\u00bb button_border_radius__hover_enabled=\u00bboff\u00bb button_border_radius__hover=\u00bbnull\u00bb button_one_border_radius__hover_enabled=\u00bboff\u00bb button_one_border_radius__hover=\u00bbnull\u00bb button_two_border_radius__hover_enabled=\u00bboff\u00bb button_two_border_radius__hover=\u00bbnull\u00bb button_letter_spacing__hover_enabled=\u00bboff\u00bb button_letter_spacing__hover=\u00bbnull\u00bb button_one_letter_spacing__hover_enabled=\u00bboff\u00bb button_one_letter_spacing__hover=\u00bbnull\u00bb button_two_letter_spacing__hover_enabled=\u00bboff\u00bb button_two_letter_spacing__hover=\u00bbnull\u00bb button_bg_color__hover_enabled=\u00bboff\u00bb button_bg_color__hover=\u00bbnull\u00bb button_one_bg_color__hover_enabled=\u00bboff\u00bb button_one_bg_color__hover=\u00bbnull\u00bb button_two_bg_color__hover_enabled=\u00bboff\u00bb button_two_bg_color__hover=\u00bbnull\u00bb button_text_size=\u00bb25px\u00bb sticky_enabled=\u00bb0&#8243;][\/et_pb_button][\/et_pb_column][\/et_pb_row][\/et_pb_section]<\/p>\n","protected":false},"excerpt":{"rendered":"<p>\u00bfQu\u00e9 es la pastoral escolar? \u00a1Adelante, pasa! \u00a1No te quedes ah\u00ed! \u00bfQu\u00e9 es la Pastoral Escolar? \u00bfQui\u00e9nes somos? \u00bfCu\u00e1les son nuestras inquietudes? \u00bfC\u00f3mo trabajamos? \u00bfQu\u00e9 nos mueve? Estas son algunas de las preguntas que trataremos de responderte para que entiendas la importancia que la Pastoral Escolar tiene en nuestro centro. Mi nombre es Francisco P\u00e9rez [&hellip;]<\/p>\n","protected":false},"author":2,"featured_media":0,"parent":0,"menu_order":0,"comment_status":"closed","ping_status":"closed","template":"","meta":{"_et_pb_use_builder":"on","_et_pb_old_content":"","_et_gb_content_width":"","footnotes":""},"class_list":["post-9807","page","type-page","status-publish","hentry"],"yoast_head":"<!-- This site is optimized with the Yoast SEO plugin v27.4 - https:\/\/yoast.com\/product\/yoast-seo-wordpress\/ -->\n<title>Pastoral-Con\u00f3cenos - Colegio<\/title>\n<meta name=\"robots\" content=\"index, follow, max-snippet:-1, max-image-preview:large, max-video-preview:-1\" \/>\n<link rel=\"canonical\" href=\"https:\/\/utrera.salesianos.edu\/colegio\/pastoral-conocenos\/\" \/>\n<meta property=\"og:locale\" content=\"es_ES\" \/>\n<meta property=\"og:type\" content=\"article\" \/>\n<meta property=\"og:title\" content=\"Pastoral-Con\u00f3cenos - Colegio\" \/>\n<meta property=\"og:description\" content=\"\u00bfQu\u00e9 es la pastoral escolar? \u00a1Adelante, pasa! \u00a1No te quedes ah\u00ed! \u00bfQu\u00e9 es la Pastoral Escolar? \u00bfQui\u00e9nes somos? \u00bfCu\u00e1les son nuestras inquietudes? \u00bfC\u00f3mo trabajamos? \u00bfQu\u00e9 nos mueve? Estas son algunas de las preguntas que trataremos de responderte para que entiendas la importancia que la Pastoral Escolar tiene en nuestro centro. Mi nombre es Francisco P\u00e9rez [&hellip;]\" \/>\n<meta property=\"og:url\" content=\"https:\/\/utrera.salesianos.edu\/colegio\/pastoral-conocenos\/\" \/>\n<meta property=\"og:site_name\" content=\"Colegio\" \/>\n<meta property=\"article:modified_time\" content=\"2024-02-10T17:21:15+00:00\" \/>\n<meta name=\"twitter:card\" content=\"summary_large_image\" \/>\n<meta name=\"twitter:label1\" content=\"Tiempo de lectura\" \/>\n\t<meta name=\"twitter:data1\" content=\"3 minutos\" \/>\n<script type=\"application\/ld+json\" class=\"yoast-schema-graph\">{\"@context\":\"https:\\\/\\\/schema.org\",\"@graph\":[{\"@type\":\"WebPage\",\"@id\":\"https:\\\/\\\/utrera.salesianos.edu\\\/colegio\\\/pastoral-conocenos\\\/\",\"url\":\"https:\\\/\\\/utrera.salesianos.edu\\\/colegio\\\/pastoral-conocenos\\\/\",\"name\":\"Pastoral-Con\u00f3cenos - Colegio\",\"isPartOf\":{\"@id\":\"https:\\\/\\\/utrera.salesianos.edu\\\/colegio\\\/#website\"},\"datePublished\":\"2018-09-20T10:17:56+00:00\",\"dateModified\":\"2024-02-10T17:21:15+00:00\",\"breadcrumb\":{\"@id\":\"https:\\\/\\\/utrera.salesianos.edu\\\/colegio\\\/pastoral-conocenos\\\/#breadcrumb\"},\"inLanguage\":\"es\",\"potentialAction\":[{\"@type\":\"ReadAction\",\"target\":[\"https:\\\/\\\/utrera.salesianos.edu\\\/colegio\\\/pastoral-conocenos\\\/\"]}]},{\"@type\":\"BreadcrumbList\",\"@id\":\"https:\\\/\\\/utrera.salesianos.edu\\\/colegio\\\/pastoral-conocenos\\\/#breadcrumb\",\"itemListElement\":[{\"@type\":\"ListItem\",\"position\":1,\"name\":\"Portada\",\"item\":\"https:\\\/\\\/utrera.salesianos.edu\\\/colegio\\\/\"},{\"@type\":\"ListItem\",\"position\":2,\"name\":\"Pastoral-Con\u00f3cenos\"}]},{\"@type\":\"WebSite\",\"@id\":\"https:\\\/\\\/utrera.salesianos.edu\\\/colegio\\\/#website\",\"url\":\"https:\\\/\\\/utrera.salesianos.edu\\\/colegio\\\/\",\"name\":\"Colegio\",\"description\":\"P\u00e1gina oficial Salesianos Utrera\",\"potentialAction\":[{\"@type\":\"SearchAction\",\"target\":{\"@type\":\"EntryPoint\",\"urlTemplate\":\"https:\\\/\\\/utrera.salesianos.edu\\\/colegio\\\/?s={search_term_string}\"},\"query-input\":{\"@type\":\"PropertyValueSpecification\",\"valueRequired\":true,\"valueName\":\"search_term_string\"}}],\"inLanguage\":\"es\"}]}<\/script>\n<!-- \/ Yoast SEO plugin. -->","yoast_head_json":{"title":"Pastoral-Con\u00f3cenos - Colegio","robots":{"index":"index","follow":"follow","max-snippet":"max-snippet:-1","max-image-preview":"max-image-preview:large","max-video-preview":"max-video-preview:-1"},"canonical":"https:\/\/utrera.salesianos.edu\/colegio\/pastoral-conocenos\/","og_locale":"es_ES","og_type":"article","og_title":"Pastoral-Con\u00f3cenos - Colegio","og_description":"\u00bfQu\u00e9 es la pastoral escolar? \u00a1Adelante, pasa! \u00a1No te quedes ah\u00ed! \u00bfQu\u00e9 es la Pastoral Escolar? \u00bfQui\u00e9nes somos? \u00bfCu\u00e1les son nuestras inquietudes? \u00bfC\u00f3mo trabajamos? \u00bfQu\u00e9 nos mueve? Estas son algunas de las preguntas que trataremos de responderte para que entiendas la importancia que la Pastoral Escolar tiene en nuestro centro. Mi nombre es Francisco P\u00e9rez [&hellip;]","og_url":"https:\/\/utrera.salesianos.edu\/colegio\/pastoral-conocenos\/","og_site_name":"Colegio","article_modified_time":"2024-02-10T17:21:15+00:00","twitter_card":"summary_large_image","twitter_misc":{"Tiempo de lectura":"3 minutos"},"schema":{"@context":"https:\/\/schema.org","@graph":[{"@type":"WebPage","@id":"https:\/\/utrera.salesianos.edu\/colegio\/pastoral-conocenos\/","url":"https:\/\/utrera.salesianos.edu\/colegio\/pastoral-conocenos\/","name":"Pastoral-Con\u00f3cenos - Colegio","isPartOf":{"@id":"https:\/\/utrera.salesianos.edu\/colegio\/#website"},"datePublished":"2018-09-20T10:17:56+00:00","dateModified":"2024-02-10T17:21:15+00:00","breadcrumb":{"@id":"https:\/\/utrera.salesianos.edu\/colegio\/pastoral-conocenos\/#breadcrumb"},"inLanguage":"es","potentialAction":[{"@type":"ReadAction","target":["https:\/\/utrera.salesianos.edu\/colegio\/pastoral-conocenos\/"]}]},{"@type":"BreadcrumbList","@id":"https:\/\/utrera.salesianos.edu\/colegio\/pastoral-conocenos\/#breadcrumb","itemListElement":[{"@type":"ListItem","position":1,"name":"Portada","item":"https:\/\/utrera.salesianos.edu\/colegio\/"},{"@type":"ListItem","position":2,"name":"Pastoral-Con\u00f3cenos"}]},{"@type":"WebSite","@id":"https:\/\/utrera.salesianos.edu\/colegio\/#website","url":"https:\/\/utrera.salesianos.edu\/colegio\/","name":"Colegio","description":"P\u00e1gina oficial Salesianos Utrera","potentialAction":[{"@type":"SearchAction","target":{"@type":"EntryPoint","urlTemplate":"https:\/\/utrera.salesianos.edu\/colegio\/?s={search_term_string}"},"query-input":{"@type":"PropertyValueSpecification","valueRequired":true,"valueName":"search_term_string"}}],"inLanguage":"es"}]}},"_links":{"self":[{"href":"https:\/\/utrera.salesianos.edu\/colegio\/wp-json\/wp\/v2\/pages\/9807","targetHints":{"allow":["GET"]}}],"collection":[{"href":"https:\/\/utrera.salesianos.edu\/colegio\/wp-json\/wp\/v2\/pages"}],"about":[{"href":"https:\/\/utrera.salesianos.edu\/colegio\/wp-json\/wp\/v2\/types\/page"}],"author":[{"embeddable":true,"href":"https:\/\/utrera.salesianos.edu\/colegio\/wp-json\/wp\/v2\/users\/2"}],"replies":[{"embeddable":true,"href":"https:\/\/utrera.salesianos.edu\/colegio\/wp-json\/wp\/v2\/comments?post=9807"}],"version-history":[{"count":10,"href":"https:\/\/utrera.salesianos.edu\/colegio\/wp-json\/wp\/v2\/pages\/9807\/revisions"}],"predecessor-version":[{"id":16454,"href":"https:\/\/utrera.salesianos.edu\/colegio\/wp-json\/wp\/v2\/pages\/9807\/revisions\/16454"}],"wp:attachment":[{"href":"https:\/\/utrera.salesianos.edu\/colegio\/wp-json\/wp\/v2\/media?parent=9807"}],"curies":[{"name":"wp","href":"https:\/\/api.w.org\/{rel}","templated":true}]}}