{"id":9809,"date":"2018-09-20T12:18:57","date_gmt":"2018-09-20T10:18:57","guid":{"rendered":"http:\/\/utrera.salesianos.edu\/colegio\/?page_id=9809"},"modified":"2024-11-11T09:25:13","modified_gmt":"2024-11-11T08:25:13","slug":"pastoral-nuestro-equipo","status":"publish","type":"page","link":"https:\/\/utrera.salesianos.edu\/colegio\/pastoral-nuestro-equipo\/","title":{"rendered":"Pastoral-Nuestro Equipo"},"content":{"rendered":"<div id=\"fb-root\"><\/div>\n<p>[et_pb_section fb_built=\u00bb1&#8243; fullwidth=\u00bbon\u00bb _builder_version=\u00bb4.16&#8243; global_colors_info=\u00bb{}\u00bb][et_pb_fullwidth_header title=\u00bbNuestro Equipo\u00bb module_class=\u00bbpagina-imagen-cabecera\u00bb _builder_version=\u00bb4.23.1&#8243; title_font=\u00bbAmatic SC|700|||||||\u00bb title_text_color=\u00bb#ffffff\u00bb title_font_size=\u00bb40px\u00bb background_color=\u00bbrgba(255, 255, 255, 0)\u00bb background_image=\u00bbhttps:\/\/inspectoria.salesianos.edu\/wp-content\/uploads\/2017\/09\/ImagenPAGINA.jpg\u00bb background_layout=\u00bblight\u00bb text_shadow_style=\u00bbpreset3&#8243; global_colors_info=\u00bb{}\u00bb button_one_text_size__hover_enabled=\u00bboff\u00bb button_one_text_size__hover=\u00bbnull\u00bb button_two_text_size__hover_enabled=\u00bboff\u00bb button_two_text_size__hover=\u00bbnull\u00bb button_one_text_color__hover_enabled=\u00bboff\u00bb button_one_text_color__hover=\u00bbnull\u00bb button_two_text_color__hover_enabled=\u00bboff\u00bb button_two_text_color__hover=\u00bbnull\u00bb button_one_border_width__hover_enabled=\u00bboff\u00bb button_one_border_width__hover=\u00bbnull\u00bb button_two_border_width__hover_enabled=\u00bboff\u00bb button_two_border_width__hover=\u00bbnull\u00bb button_one_border_color__hover_enabled=\u00bboff\u00bb button_one_border_color__hover=\u00bbnull\u00bb button_two_border_color__hover_enabled=\u00bboff\u00bb button_two_border_color__hover=\u00bbnull\u00bb button_one_border_radius__hover_enabled=\u00bboff\u00bb button_one_border_radius__hover=\u00bbnull\u00bb button_two_border_radius__hover_enabled=\u00bboff\u00bb button_two_border_radius__hover=\u00bbnull\u00bb button_one_letter_spacing__hover_enabled=\u00bboff\u00bb button_one_letter_spacing__hover=\u00bbnull\u00bb button_two_letter_spacing__hover_enabled=\u00bboff\u00bb button_two_letter_spacing__hover=\u00bbnull\u00bb button_one_bg_color__hover_enabled=\u00bboff\u00bb button_one_bg_color__hover=\u00bbnull\u00bb button_two_bg_color__hover_enabled=\u00bboff\u00bb button_two_bg_color__hover=\u00bbnull\u00bb][\/et_pb_fullwidth_header][\/et_pb_section][et_pb_section fb_built=\u00bb1&#8243; module_class=\u00bbpagina-seccion-contenido\u00bb _builder_version=\u00bb4.16&#8243; custom_padding=\u00bb0%||49px|\u00bb global_colors_info=\u00bb{}\u00bb][et_pb_row column_structure=\u00bb1_2,1_2&#8243; module_class=\u00bbpagina-texto\u00bb _builder_version=\u00bb4.16&#8243; background_size=\u00bbinitial\u00bb background_position=\u00bbtop_left\u00bb background_repeat=\u00bbrepeat\u00bb custom_margin=\u00bb|||\u00bb custom_padding=\u00bb25px|||\u00bb global_colors_info=\u00bb{}\u00bb][et_pb_column type=\u00bb1_2&#8243; _builder_version=\u00bb4.16&#8243; custom_padding=\u00bb|||\u00bb global_colors_info=\u00bb{}\u00bb custom_padding__hover=\u00bb|||\u00bb][et_pb_image src=\u00bbhttps:\/\/utrera.salesianos.edu\/colegio\/wp-content\/uploads\/sites\/2\/2022\/02\/Equipo-de-pastoral.-Foto.jpeg\u00bb align_tablet=\u00bbcenter\u00bb align_phone=\u00bb\u00bb align_last_edited=\u00bbon|desktop\u00bb _builder_version=\u00bb4.16&#8243; vertical_offset_tablet=\u00bb0&#8243; horizontal_offset_tablet=\u00bb0&#8243; z_index_tablet=\u00bb0&#8243; box_shadow_horizontal_tablet=\u00bb0px\u00bb box_shadow_vertical_tablet=\u00bb0px\u00bb box_shadow_blur_tablet=\u00bb40px\u00bb box_shadow_spread_tablet=\u00bb0px\u00bb global_colors_info=\u00bb{}\u00bb]<br \/>\n[\/et_pb_image][\/et_pb_column][et_pb_column type=\u00bb1_2&#8243; _builder_version=\u00bb4.16&#8243; custom_padding=\u00bb|||\u00bb global_colors_info=\u00bb{}\u00bb custom_padding__hover=\u00bb|||\u00bb][et_pb_text _builder_version=\u00bb4.23.1&#8243; header_font=\u00bbAmatic SC|700|||||||\u00bb header_font_size=\u00bb31px\u00bb header_2_font=\u00bbLato|300|||||||\u00bb header_2_font_size=\u00bb28px\u00bb custom_margin=\u00bb|||\u00bb custom_padding=\u00bb|||\u00bb global_colors_info=\u00bb{}\u00bb]<\/p>\n<h1><strong>Nuestro equipo<\/strong><\/h1>\n<p>[\/et_pb_text][et_pb_text _builder_version=\u00bb4.27.2&#8243; background_size=\u00bbinitial\u00bb background_position=\u00bbtop_left\u00bb background_repeat=\u00bbrepeat\u00bb vertical_offset_tablet=\u00bb0&#8243; horizontal_offset_tablet=\u00bb0&#8243; text_orientation=\u00bbjustified\u00bb z_index_tablet=\u00bb0&#8243; text_text_shadow_horizontal_length_tablet=\u00bb0px\u00bb text_text_shadow_vertical_length_tablet=\u00bb0px\u00bb text_text_shadow_blur_strength_tablet=\u00bb1px\u00bb link_text_shadow_horizontal_length_tablet=\u00bb0px\u00bb link_text_shadow_vertical_length_tablet=\u00bb0px\u00bb link_text_shadow_blur_strength_tablet=\u00bb1px\u00bb ul_text_shadow_horizontal_length_tablet=\u00bb0px\u00bb ul_text_shadow_vertical_length_tablet=\u00bb0px\u00bb ul_text_shadow_blur_strength_tablet=\u00bb1px\u00bb ol_text_shadow_horizontal_length_tablet=\u00bb0px\u00bb ol_text_shadow_vertical_length_tablet=\u00bb0px\u00bb ol_text_shadow_blur_strength_tablet=\u00bb1px\u00bb quote_text_shadow_horizontal_length_tablet=\u00bb0px\u00bb quote_text_shadow_vertical_length_tablet=\u00bb0px\u00bb quote_text_shadow_blur_strength_tablet=\u00bb1px\u00bb header_text_shadow_horizontal_length_tablet=\u00bb0px\u00bb header_text_shadow_vertical_length_tablet=\u00bb0px\u00bb header_text_shadow_blur_strength_tablet=\u00bb1px\u00bb header_2_text_shadow_horizontal_length_tablet=\u00bb0px\u00bb header_2_text_shadow_vertical_length_tablet=\u00bb0px\u00bb header_2_text_shadow_blur_strength_tablet=\u00bb1px\u00bb header_3_text_shadow_horizontal_length_tablet=\u00bb0px\u00bb header_3_text_shadow_vertical_length_tablet=\u00bb0px\u00bb header_3_text_shadow_blur_strength_tablet=\u00bb1px\u00bb header_4_text_shadow_horizontal_length_tablet=\u00bb0px\u00bb header_4_text_shadow_vertical_length_tablet=\u00bb0px\u00bb header_4_text_shadow_blur_strength_tablet=\u00bb1px\u00bb header_5_text_shadow_horizontal_length_tablet=\u00bb0px\u00bb header_5_text_shadow_vertical_length_tablet=\u00bb0px\u00bb header_5_text_shadow_blur_strength_tablet=\u00bb1px\u00bb header_6_text_shadow_horizontal_length_tablet=\u00bb0px\u00bb header_6_text_shadow_vertical_length_tablet=\u00bb0px\u00bb header_6_text_shadow_blur_strength_tablet=\u00bb1px\u00bb box_shadow_horizontal_tablet=\u00bb0px\u00bb box_shadow_vertical_tablet=\u00bb0px\u00bb box_shadow_blur_tablet=\u00bb40px\u00bb box_shadow_spread_tablet=\u00bb0px\u00bb global_colors_info=\u00bb{}\u00bb]<\/p>\n<p>Consideramos agentes de Pastoral Escolar de nuestra casa a todos los miembros del claustro de profesores, animados por la Comunidad Salesiana y coordinados por el Equipo de Coordinaci\u00f3n de Pastoral Escolar.<\/p>\n<p>El Equipo de Coordinaci\u00f3n de Pastoral Escolar\u00a0 para el curso 2024\/2025 est\u00e1 formado por:<\/p>\n<ul>\n<li>D. Ram\u00f3n Ronda Segrelles ,SDB: Director de la Casa.<\/li>\n<li>D. Manuel Mu\u00f1oz R\u00edos, SDB.<\/li>\n<li>D. Bernab\u00e9 Arjona Ca\u00f1as.<\/li>\n<li>M\u00aa del Carmen \u00c1vila Rodr\u00edguez: Coordinadora de Pastoral del Casa.<\/li>\n<li>Francisco P\u00e9rez Ropero: Coordinador de Pastoral Escolar.<\/li>\n<li>Ana Corpas Sig\u00fcenza: Coordinadora de Pastoral Infantil.<\/li>\n<li>Cintya Mi\u00f1\u00e1n Yerpes: Coordinadora de Pastoral Primaria (1\u00ba y 2\u00ba EP).<\/li>\n<li>Irene Lara Carrascoso: Coordinadora de Pastoral Primaria (3\u00ba y 4\u00ba EP).<\/li>\n<li>Marina Ponce Pe\u00f1a: Coordinadora de Pastoral Primaria (5\u00ba y 6\u00ba EP).<\/li>\n<li>Diego Jos\u00e9 L\u00f3pez Colch\u00f3n: Secundaria, CFGB y Bachillerato.<\/li>\n<li>Inmaculada Rold\u00e1n Fern\u00e1ndez: Secundaria, CFGB y Bachillerato.<\/li>\n<li>M\u00aa Paz L\u00f3pez D\u00edaz: Secundaria, CFGB y Bachillerato.<\/li>\n<\/ul>\n<p>[\/et_pb_text][\/et_pb_column][\/et_pb_row][\/et_pb_section]<\/p>\n","protected":false},"excerpt":{"rendered":"<p>Nuestro equipoConsideramos agentes de Pastoral Escolar de nuestra casa a todos los miembros del claustro de profesores, animados por la Comunidad Salesiana y coordinados por el Equipo de Coordinaci\u00f3n de Pastoral Escolar. El Equipo de Coordinaci\u00f3n de Pastoral Escolar\u00a0 para el curso 2024\/2025 est\u00e1 formado por: D. Ram\u00f3n Ronda Segrelles ,SDB: Director de la Casa. [&hellip;]<\/p>\n","protected":false},"author":2,"featured_media":0,"parent":0,"menu_order":0,"comment_status":"closed","ping_status":"closed","template":"","meta":{"_et_pb_use_builder":"on","_et_pb_old_content":"","_et_gb_content_width":"","footnotes":""},"class_list":["post-9809","page","type-page","status-publish","hentry"],"yoast_head":"<!-- This site is optimized with the Yoast SEO plugin v27.4 - https:\/\/yoast.com\/product\/yoast-seo-wordpress\/ -->\n<title>Pastoral-Nuestro Equipo - Colegio<\/title>\n<meta name=\"robots\" content=\"index, follow, max-snippet:-1, max-image-preview:large, max-video-preview:-1\" \/>\n<link rel=\"canonical\" href=\"https:\/\/utrera.salesianos.edu\/colegio\/pastoral-nuestro-equipo\/\" \/>\n<meta property=\"og:locale\" content=\"es_ES\" \/>\n<meta property=\"og:type\" content=\"article\" \/>\n<meta property=\"og:title\" content=\"Pastoral-Nuestro Equipo - Colegio\" \/>\n<meta property=\"og:description\" content=\"Nuestro equipoConsideramos agentes de Pastoral Escolar de nuestra casa a todos los miembros del claustro de profesores, animados por la Comunidad Salesiana y coordinados por el Equipo de Coordinaci\u00f3n de Pastoral Escolar. El Equipo de Coordinaci\u00f3n de Pastoral Escolar\u00a0 para el curso 2024\/2025 est\u00e1 formado por: D. Ram\u00f3n Ronda Segrelles ,SDB: Director de la Casa. [&hellip;]\" \/>\n<meta property=\"og:url\" content=\"https:\/\/utrera.salesianos.edu\/colegio\/pastoral-nuestro-equipo\/\" \/>\n<meta property=\"og:site_name\" content=\"Colegio\" \/>\n<meta property=\"article:modified_time\" content=\"2024-11-11T08:25:13+00:00\" \/>\n<meta name=\"twitter:card\" content=\"summary_large_image\" \/>\n<meta name=\"twitter:label1\" content=\"Tiempo de lectura\" \/>\n\t<meta name=\"twitter:data1\" content=\"2 minutos\" \/>\n<script type=\"application\/ld+json\" class=\"yoast-schema-graph\">{\"@context\":\"https:\\\/\\\/schema.org\",\"@graph\":[{\"@type\":\"WebPage\",\"@id\":\"https:\\\/\\\/utrera.salesianos.edu\\\/colegio\\\/pastoral-nuestro-equipo\\\/\",\"url\":\"https:\\\/\\\/utrera.salesianos.edu\\\/colegio\\\/pastoral-nuestro-equipo\\\/\",\"name\":\"Pastoral-Nuestro Equipo - Colegio\",\"isPartOf\":{\"@id\":\"https:\\\/\\\/utrera.salesianos.edu\\\/colegio\\\/#website\"},\"datePublished\":\"2018-09-20T10:18:57+00:00\",\"dateModified\":\"2024-11-11T08:25:13+00:00\",\"breadcrumb\":{\"@id\":\"https:\\\/\\\/utrera.salesianos.edu\\\/colegio\\\/pastoral-nuestro-equipo\\\/#breadcrumb\"},\"inLanguage\":\"es\",\"potentialAction\":[{\"@type\":\"ReadAction\",\"target\":[\"https:\\\/\\\/utrera.salesianos.edu\\\/colegio\\\/pastoral-nuestro-equipo\\\/\"]}]},{\"@type\":\"BreadcrumbList\",\"@id\":\"https:\\\/\\\/utrera.salesianos.edu\\\/colegio\\\/pastoral-nuestro-equipo\\\/#breadcrumb\",\"itemListElement\":[{\"@type\":\"ListItem\",\"position\":1,\"name\":\"Portada\",\"item\":\"https:\\\/\\\/utrera.salesianos.edu\\\/colegio\\\/\"},{\"@type\":\"ListItem\",\"position\":2,\"name\":\"Pastoral-Nuestro Equipo\"}]},{\"@type\":\"WebSite\",\"@id\":\"https:\\\/\\\/utrera.salesianos.edu\\\/colegio\\\/#website\",\"url\":\"https:\\\/\\\/utrera.salesianos.edu\\\/colegio\\\/\",\"name\":\"Colegio\",\"description\":\"P\u00e1gina oficial Salesianos Utrera\",\"potentialAction\":[{\"@type\":\"SearchAction\",\"target\":{\"@type\":\"EntryPoint\",\"urlTemplate\":\"https:\\\/\\\/utrera.salesianos.edu\\\/colegio\\\/?s={search_term_string}\"},\"query-input\":{\"@type\":\"PropertyValueSpecification\",\"valueRequired\":true,\"valueName\":\"search_term_string\"}}],\"inLanguage\":\"es\"}]}<\/script>\n<!-- \/ Yoast SEO plugin. -->","yoast_head_json":{"title":"Pastoral-Nuestro Equipo - Colegio","robots":{"index":"index","follow":"follow","max-snippet":"max-snippet:-1","max-image-preview":"max-image-preview:large","max-video-preview":"max-video-preview:-1"},"canonical":"https:\/\/utrera.salesianos.edu\/colegio\/pastoral-nuestro-equipo\/","og_locale":"es_ES","og_type":"article","og_title":"Pastoral-Nuestro Equipo - Colegio","og_description":"Nuestro equipoConsideramos agentes de Pastoral Escolar de nuestra casa a todos los miembros del claustro de profesores, animados por la Comunidad Salesiana y coordinados por el Equipo de Coordinaci\u00f3n de Pastoral Escolar. El Equipo de Coordinaci\u00f3n de Pastoral Escolar\u00a0 para el curso 2024\/2025 est\u00e1 formado por: D. Ram\u00f3n Ronda Segrelles ,SDB: Director de la Casa. [&hellip;]","og_url":"https:\/\/utrera.salesianos.edu\/colegio\/pastoral-nuestro-equipo\/","og_site_name":"Colegio","article_modified_time":"2024-11-11T08:25:13+00:00","twitter_card":"summary_large_image","twitter_misc":{"Tiempo de lectura":"2 minutos"},"schema":{"@context":"https:\/\/schema.org","@graph":[{"@type":"WebPage","@id":"https:\/\/utrera.salesianos.edu\/colegio\/pastoral-nuestro-equipo\/","url":"https:\/\/utrera.salesianos.edu\/colegio\/pastoral-nuestro-equipo\/","name":"Pastoral-Nuestro Equipo - Colegio","isPartOf":{"@id":"https:\/\/utrera.salesianos.edu\/colegio\/#website"},"datePublished":"2018-09-20T10:18:57+00:00","dateModified":"2024-11-11T08:25:13+00:00","breadcrumb":{"@id":"https:\/\/utrera.salesianos.edu\/colegio\/pastoral-nuestro-equipo\/#breadcrumb"},"inLanguage":"es","potentialAction":[{"@type":"ReadAction","target":["https:\/\/utrera.salesianos.edu\/colegio\/pastoral-nuestro-equipo\/"]}]},{"@type":"BreadcrumbList","@id":"https:\/\/utrera.salesianos.edu\/colegio\/pastoral-nuestro-equipo\/#breadcrumb","itemListElement":[{"@type":"ListItem","position":1,"name":"Portada","item":"https:\/\/utrera.salesianos.edu\/colegio\/"},{"@type":"ListItem","position":2,"name":"Pastoral-Nuestro Equipo"}]},{"@type":"WebSite","@id":"https:\/\/utrera.salesianos.edu\/colegio\/#website","url":"https:\/\/utrera.salesianos.edu\/colegio\/","name":"Colegio","description":"P\u00e1gina oficial Salesianos Utrera","potentialAction":[{"@type":"SearchAction","target":{"@type":"EntryPoint","urlTemplate":"https:\/\/utrera.salesianos.edu\/colegio\/?s={search_term_string}"},"query-input":{"@type":"PropertyValueSpecification","valueRequired":true,"valueName":"search_term_string"}}],"inLanguage":"es"}]}},"_links":{"self":[{"href":"https:\/\/utrera.salesianos.edu\/colegio\/wp-json\/wp\/v2\/pages\/9809","targetHints":{"allow":["GET"]}}],"collection":[{"href":"https:\/\/utrera.salesianos.edu\/colegio\/wp-json\/wp\/v2\/pages"}],"about":[{"href":"https:\/\/utrera.salesianos.edu\/colegio\/wp-json\/wp\/v2\/types\/page"}],"author":[{"embeddable":true,"href":"https:\/\/utrera.salesianos.edu\/colegio\/wp-json\/wp\/v2\/users\/2"}],"replies":[{"embeddable":true,"href":"https:\/\/utrera.salesianos.edu\/colegio\/wp-json\/wp\/v2\/comments?post=9809"}],"version-history":[{"count":20,"href":"https:\/\/utrera.salesianos.edu\/colegio\/wp-json\/wp\/v2\/pages\/9809\/revisions"}],"predecessor-version":[{"id":17633,"href":"https:\/\/utrera.salesianos.edu\/colegio\/wp-json\/wp\/v2\/pages\/9809\/revisions\/17633"}],"wp:attachment":[{"href":"https:\/\/utrera.salesianos.edu\/colegio\/wp-json\/wp\/v2\/media?parent=9809"}],"curies":[{"name":"wp","href":"https:\/\/api.w.org\/{rel}","templated":true}]}}