{"id":9424,"date":"2018-09-19T10:17:33","date_gmt":"2018-09-19T08:17:33","guid":{"rendered":"http:\/\/utrera.salesianos.edu\/familiasalesiana\/?page_id=9424"},"modified":"2018-09-19T22:23:56","modified_gmt":"2018-09-19T20:23:56","slug":"salesianos-cooperadores","status":"publish","type":"page","link":"https:\/\/utrera.salesianos.edu\/familiasalesiana\/salesianos-cooperadores\/","title":{"rendered":"Salesianos Cooperadores"},"content":{"rendered":"<div id=\"fb-root\"><\/div>\n<p>[et_pb_section bb_built=\u00bb1&#8243; fullwidth=\u00bbon\u00bb _builder_version=\u00bb3.0.47&#8243; next_background_color=\u00bb#000000&#8243;][et_pb_fullwidth_header title=\u00bbSalesianos Cooperadores\u00bb title_font_color=\u00bb#ffffff\u00bb module_class=\u00bbpagina-imagen-cabecera\u00bb _builder_version=\u00bb3.7.1&#8243; title_font_size=\u00bb40px\u00bb background_image=\u00bbhttps:\/\/inspectoria.salesianos.edu\/wp-content\/uploads\/2017\/09\/ImagenPAGINA.jpg\u00bb background_url=\u00bbhttps:\/\/alicante.salesianos.edu\/colegio\/wp-content\/uploads\/sites\/2\/2017\/04\/Archivo_008.jpeg\u00bb background_layout=\u00bblight\u00bb max_width_tablet=\u00bb50px\u00bb \/][\/et_pb_section][et_pb_section bb_built=\u00bb1&#8243; custom_padding=\u00bb0px|0px|54px|0px\u00bb module_class=\u00bbpagina-seccion-contenido\u00bb _builder_version=\u00bb3.0.69&#8243; prev_background_color=\u00bb#000000&#8243;][et_pb_row custom_padding=\u00bb25px|||\u00bb custom_margin=\u00bb25px|||\u00bb parallax_method_1=\u00bboff\u00bb module_class=\u00bbpagina-texto\u00bb _builder_version=\u00bb3.0.69&#8243; background_size=\u00bbinitial\u00bb background_position=\u00bbtop_left\u00bb background_repeat=\u00bbrepeat\u00bb][et_pb_column type=\u00bb2_3&#8243;][et_pb_text _builder_version=\u00bb3.7.1&#8243; background_size=\u00bbinitial\u00bb background_position=\u00bbtop_left\u00bb background_repeat=\u00bbrepeat\u00bb]<\/p>\n<h1>Salesianos Cooperadores<\/h1>\n<p>[\/et_pb_text][et_pb_text _builder_version=\u00bb3.7.1&#8243;]<\/p>\n<p><strong><em>Los Salesianos Cooperadores son hombres y mujeres cat\u00f3licos, que atra\u00eddos por la \ufb01gura de Don Bosco, dan respuesta a una vocaci\u00f3n recibida de Dios y que se concreta en una promesa de vida, ante el Se\u00f1or y la Iglesia, para vivir desde\u00a0sus hogares y sus trabajos el mismo carisma de la Sociedad de San Francisco de Sales<\/em><\/strong><\/p>\n<p style=\"text-align: justify;\">Desde los comienz<span style=\"text-align: justify;\">os de su obra<\/span>, Don Bosco pens\u00f3 organizar a cuantos colaboraban\u00a0en ella: invit\u00f3 a laicos -hombres y mujeres- y a miembros del clero\u00a0diocesano, a \u201ccooperar\u201d en su misi\u00f3n de salvar a los j\u00f3venes, sobre todo a\u00a0los pobres y abandonados.<br \/>\nAs\u00ed nace la Asociaci\u00f3n de Salesianos Cooperadores, que fundada por San\u00a0Juan Bosco en 1876, constituye la tercera rama de la familia salesiana. Desde\u00a0sus or\u00edgenes, se ha situado junto a la Sociedad de San Francisco de Sales\u00a0y a las Hijas de Mar\u00eda Auxiliadora para compartir su carisma apost\u00f3lico,\u00a0contribuyendo, as\u00ed, a la salvaci\u00f3n de la juventud, la porci\u00f3n m\u00e1s delicada y\u00a0preciosa de la sociedad humana.<\/p>\n<h2><span style=\"color: #000080;\"><strong>En Utrera<\/strong><\/span><\/h2>\n<p style=\"text-align: justify;\">El centro de Salesianos Cooperadores de Utrera, que tambi\u00e9n incluye a hermanos\u00a0de Mor\u00f3n de la Frontera es muy heterog\u00e9neo. Cuenta con 32 salesianos\u00a0cooperadores con promesa y unos 20 aspirantes. Existen hermanos\u00a0de m\u00e1s de 70 a\u00f1os y otros que acaban de comenzar la treintena, asimismo\u00a0el grueso de los que participan asiduamente, tendr\u00eda un perfil de entre 30\u00a0y 45 a\u00f1os, padres y madres de familia o en proceso de convertirse en ello.<\/p>\n<p style=\"text-align: justify;\">Muchos maestros y profesores, adem\u00e1s de algunas profesiones liberales:\u00a0abogados, m\u00e9dicos\u2026 pero muy unidos a los j\u00f3venes y a las diferentes realidades\u00a0que circundan a \u00e9stos.\u00a0La realidad de la misi\u00f3n est\u00e1 bastante centrada en las acciones de la Pastoral\u00a0Juvenil de las casas y el Proyecto Oberti, teniendo a bastantes hermanos\u00a0participando activamente. No obstante hay hermanos ofreciendo su tiempo\u00a0y misi\u00f3n en diferentes lugares y formas: en hermandades, dando catequesis\u00a0diversas en las parroquias, en otras pastorales juveniles ajenas a nuestras\u00a0casas\u2026 resumiendo, bastante y diverso compromiso. La suma de misiones\u00a0hace estar presentes en muchas y muy diversas realidades.<\/p>\n<p>[\/et_pb_text][\/et_pb_column][et_pb_column type=\u00bb1_3&#8243;][et_pb_image _builder_version=\u00bb3.7.1&#8243; src=\u00bbhttp:\/\/utrera.salesianos.edu\/familiasalesiana\/wp-content\/uploads\/sites\/4\/2018\/09\/Cooperadores.png\u00bb \/][\/et_pb_column][\/et_pb_row][et_pb_row _builder_version=\u00bb3.0.69&#8243; background_size=\u00bbinitial\u00bb background_position=\u00bbtop_left\u00bb background_repeat=\u00bbrepeat\u00bb][et_pb_column type=\u00bb1_2&#8243;][et_pb_image _builder_version=\u00bb3.7.1&#8243; src=\u00bbhttp:\/\/utrera.salesianos.edu\/familiasalesiana\/wp-content\/uploads\/sites\/4\/2018\/09\/Cooperadores1.jpg\u00bb \/][\/et_pb_column][et_pb_column type=\u00bb1_2&#8243;][et_pb_image _builder_version=\u00bb3.7.1&#8243; src=\u00bbhttp:\/\/utrera.salesianos.edu\/familiasalesiana\/wp-content\/uploads\/sites\/4\/2018\/09\/Cooperadores2.jpg\u00bb \/][\/et_pb_column][\/et_pb_row][et_pb_row][et_pb_column type=\u00bb4_4&#8243;][et_pb_text _builder_version=\u00bb3.7.1&#8243; text_text_color=\u00bb#e02b20&#8243; text_font_size=\u00bb23px\u00bb header_font=\u00bbLato||||||||\u00bb]<\/p>\n<p>Sigue a Salesianos Cooperadores en las redes sociales<\/p>\n<p>[\/et_pb_text][\/et_pb_column][\/et_pb_row][et_pb_row][et_pb_column type=\u00bb1_2&#8243;][et_pb_code _builder_version=\u00bb3.7.1&#8243;]<div class=\"fb-page\" data-href=\"https:\/\/www.facebook.com\/salesianoscooperadoresutrera\" data-width=\"750\" data-height=\"500\" data-tabs=\"timeline\" data-hide-cover=\"true\" data-show-facepile=\"false\" data-hide-cta=\"false\" data-small-header=\"true\" data-adapt-container-width=\"true\"><\/div>[\/et_pb_code][\/et_pb_column][et_pb_column type=\u00bb1_2&#8243;][et_pb_code _builder_version=\u00bb3.7.1&#8243;]&lt;a class=\u00bbtwitter-timeline\u00bb data-lang=\u00bbes\u00bb data-width=\u00bb750&#8243; data-height=\u00bb582&#8243; href=\u00bbhttps:\/\/twitter.com\/sscc_utrera\u00bb&gt;&lt;\/a&gt; &lt;script async src=\u00bb\/\/platform.twitter.com\/widgets.js\u00bb charset=\u00bbutf-8&#8243;&gt;&lt;\/script&gt;[\/et_pb_code][\/et_pb_column][\/et_pb_row][\/et_pb_section]<\/p>\n","protected":false},"excerpt":{"rendered":"<p>Salesianos Cooperadores Los Salesianos Cooperadores son hombres y mujeres cat\u00f3licos, que atra\u00eddos por la \ufb01gura de Don Bosco, dan respuesta a una vocaci\u00f3n recibida de Dios y que se concreta en una promesa de vida, ante el Se\u00f1or y la Iglesia, para vivir desde\u00a0sus hogares y sus trabajos el mismo carisma de la Sociedad de [&hellip;]<\/p>\n","protected":false},"author":2,"featured_media":0,"parent":0,"menu_order":0,"comment_status":"closed","ping_status":"closed","template":"","meta":{"_et_pb_use_builder":"on","_et_pb_old_content":"","_et_gb_content_width":"","footnotes":""},"class_list":["post-9424","page","type-page","status-publish","hentry"],"yoast_head":"<!-- This site is optimized with the Yoast SEO plugin v27.4 - https:\/\/yoast.com\/product\/yoast-seo-wordpress\/ -->\n<title>Salesianos Cooperadores - Familia Salesiana<\/title>\n<meta name=\"robots\" content=\"index, follow, max-snippet:-1, max-image-preview:large, max-video-preview:-1\" \/>\n<link rel=\"canonical\" href=\"https:\/\/utrera.salesianos.edu\/familiasalesiana\/salesianos-cooperadores\/\" \/>\n<meta property=\"og:locale\" content=\"es_ES\" \/>\n<meta property=\"og:type\" content=\"article\" \/>\n<meta property=\"og:title\" content=\"Salesianos Cooperadores - Familia Salesiana\" \/>\n<meta property=\"og:description\" content=\"Salesianos Cooperadores Los Salesianos Cooperadores son hombres y mujeres cat\u00f3licos, que atra\u00eddos por la \ufb01gura de Don Bosco, dan respuesta a una vocaci\u00f3n recibida de Dios y que se concreta en una promesa de vida, ante el Se\u00f1or y la Iglesia, para vivir desde\u00a0sus hogares y sus trabajos el mismo carisma de la Sociedad de [&hellip;]\" \/>\n<meta property=\"og:url\" content=\"https:\/\/utrera.salesianos.edu\/familiasalesiana\/salesianos-cooperadores\/\" \/>\n<meta property=\"og:site_name\" content=\"Familia Salesiana\" \/>\n<meta property=\"article:modified_time\" content=\"2018-09-19T20:23:56+00:00\" \/>\n<meta name=\"twitter:card\" content=\"summary_large_image\" \/>\n<meta name=\"twitter:label1\" content=\"Tiempo de lectura\" \/>\n\t<meta name=\"twitter:data1\" content=\"4 minutos\" \/>\n<script type=\"application\/ld+json\" class=\"yoast-schema-graph\">{\"@context\":\"https:\\\/\\\/schema.org\",\"@graph\":[{\"@type\":\"WebPage\",\"@id\":\"https:\\\/\\\/utrera.salesianos.edu\\\/familiasalesiana\\\/salesianos-cooperadores\\\/\",\"url\":\"https:\\\/\\\/utrera.salesianos.edu\\\/familiasalesiana\\\/salesianos-cooperadores\\\/\",\"name\":\"Salesianos Cooperadores - Familia Salesiana\",\"isPartOf\":{\"@id\":\"https:\\\/\\\/utrera.salesianos.edu\\\/familiasalesiana\\\/#website\"},\"datePublished\":\"2018-09-19T08:17:33+00:00\",\"dateModified\":\"2018-09-19T20:23:56+00:00\",\"breadcrumb\":{\"@id\":\"https:\\\/\\\/utrera.salesianos.edu\\\/familiasalesiana\\\/salesianos-cooperadores\\\/#breadcrumb\"},\"inLanguage\":\"es\",\"potentialAction\":[{\"@type\":\"ReadAction\",\"target\":[\"https:\\\/\\\/utrera.salesianos.edu\\\/familiasalesiana\\\/salesianos-cooperadores\\\/\"]}]},{\"@type\":\"BreadcrumbList\",\"@id\":\"https:\\\/\\\/utrera.salesianos.edu\\\/familiasalesiana\\\/salesianos-cooperadores\\\/#breadcrumb\",\"itemListElement\":[{\"@type\":\"ListItem\",\"position\":1,\"name\":\"Portada\",\"item\":\"https:\\\/\\\/utrera.salesianos.edu\\\/familiasalesiana\\\/\"},{\"@type\":\"ListItem\",\"position\":2,\"name\":\"Salesianos Cooperadores\"}]},{\"@type\":\"WebSite\",\"@id\":\"https:\\\/\\\/utrera.salesianos.edu\\\/familiasalesiana\\\/#website\",\"url\":\"https:\\\/\\\/utrera.salesianos.edu\\\/familiasalesiana\\\/\",\"name\":\"Familia Salesiana\",\"description\":\"P\u00e1gina oficial Salesianos Utrera\",\"potentialAction\":[{\"@type\":\"SearchAction\",\"target\":{\"@type\":\"EntryPoint\",\"urlTemplate\":\"https:\\\/\\\/utrera.salesianos.edu\\\/familiasalesiana\\\/?s={search_term_string}\"},\"query-input\":{\"@type\":\"PropertyValueSpecification\",\"valueRequired\":true,\"valueName\":\"search_term_string\"}}],\"inLanguage\":\"es\"}]}<\/script>\n<!-- \/ Yoast SEO plugin. -->","yoast_head_json":{"title":"Salesianos Cooperadores - Familia Salesiana","robots":{"index":"index","follow":"follow","max-snippet":"max-snippet:-1","max-image-preview":"max-image-preview:large","max-video-preview":"max-video-preview:-1"},"canonical":"https:\/\/utrera.salesianos.edu\/familiasalesiana\/salesianos-cooperadores\/","og_locale":"es_ES","og_type":"article","og_title":"Salesianos Cooperadores - Familia Salesiana","og_description":"Salesianos Cooperadores Los Salesianos Cooperadores son hombres y mujeres cat\u00f3licos, que atra\u00eddos por la \ufb01gura de Don Bosco, dan respuesta a una vocaci\u00f3n recibida de Dios y que se concreta en una promesa de vida, ante el Se\u00f1or y la Iglesia, para vivir desde\u00a0sus hogares y sus trabajos el mismo carisma de la Sociedad de [&hellip;]","og_url":"https:\/\/utrera.salesianos.edu\/familiasalesiana\/salesianos-cooperadores\/","og_site_name":"Familia Salesiana","article_modified_time":"2018-09-19T20:23:56+00:00","twitter_card":"summary_large_image","twitter_misc":{"Tiempo de lectura":"4 minutos"},"schema":{"@context":"https:\/\/schema.org","@graph":[{"@type":"WebPage","@id":"https:\/\/utrera.salesianos.edu\/familiasalesiana\/salesianos-cooperadores\/","url":"https:\/\/utrera.salesianos.edu\/familiasalesiana\/salesianos-cooperadores\/","name":"Salesianos Cooperadores - Familia Salesiana","isPartOf":{"@id":"https:\/\/utrera.salesianos.edu\/familiasalesiana\/#website"},"datePublished":"2018-09-19T08:17:33+00:00","dateModified":"2018-09-19T20:23:56+00:00","breadcrumb":{"@id":"https:\/\/utrera.salesianos.edu\/familiasalesiana\/salesianos-cooperadores\/#breadcrumb"},"inLanguage":"es","potentialAction":[{"@type":"ReadAction","target":["https:\/\/utrera.salesianos.edu\/familiasalesiana\/salesianos-cooperadores\/"]}]},{"@type":"BreadcrumbList","@id":"https:\/\/utrera.salesianos.edu\/familiasalesiana\/salesianos-cooperadores\/#breadcrumb","itemListElement":[{"@type":"ListItem","position":1,"name":"Portada","item":"https:\/\/utrera.salesianos.edu\/familiasalesiana\/"},{"@type":"ListItem","position":2,"name":"Salesianos Cooperadores"}]},{"@type":"WebSite","@id":"https:\/\/utrera.salesianos.edu\/familiasalesiana\/#website","url":"https:\/\/utrera.salesianos.edu\/familiasalesiana\/","name":"Familia Salesiana","description":"P\u00e1gina oficial Salesianos Utrera","potentialAction":[{"@type":"SearchAction","target":{"@type":"EntryPoint","urlTemplate":"https:\/\/utrera.salesianos.edu\/familiasalesiana\/?s={search_term_string}"},"query-input":{"@type":"PropertyValueSpecification","valueRequired":true,"valueName":"search_term_string"}}],"inLanguage":"es"}]}},"_links":{"self":[{"href":"https:\/\/utrera.salesianos.edu\/familiasalesiana\/wp-json\/wp\/v2\/pages\/9424","targetHints":{"allow":["GET"]}}],"collection":[{"href":"https:\/\/utrera.salesianos.edu\/familiasalesiana\/wp-json\/wp\/v2\/pages"}],"about":[{"href":"https:\/\/utrera.salesianos.edu\/familiasalesiana\/wp-json\/wp\/v2\/types\/page"}],"author":[{"embeddable":true,"href":"https:\/\/utrera.salesianos.edu\/familiasalesiana\/wp-json\/wp\/v2\/users\/2"}],"replies":[{"embeddable":true,"href":"https:\/\/utrera.salesianos.edu\/familiasalesiana\/wp-json\/wp\/v2\/comments?post=9424"}],"version-history":[{"count":10,"href":"https:\/\/utrera.salesianos.edu\/familiasalesiana\/wp-json\/wp\/v2\/pages\/9424\/revisions"}],"predecessor-version":[{"id":9480,"href":"https:\/\/utrera.salesianos.edu\/familiasalesiana\/wp-json\/wp\/v2\/pages\/9424\/revisions\/9480"}],"wp:attachment":[{"href":"https:\/\/utrera.salesianos.edu\/familiasalesiana\/wp-json\/wp\/v2\/media?parent=9424"}],"curies":[{"name":"wp","href":"https:\/\/api.w.org\/{rel}","templated":true}]}}