{"id":9426,"date":"2018-09-19T10:17:53","date_gmt":"2018-09-19T08:17:53","guid":{"rendered":"http:\/\/utrera.salesianos.edu\/familiasalesiana\/?page_id=9426"},"modified":"2018-09-20T22:24:15","modified_gmt":"2018-09-20T20:24:15","slug":"antiguos-alumnos","status":"publish","type":"page","link":"https:\/\/utrera.salesianos.edu\/familiasalesiana\/antiguos-alumnos\/","title":{"rendered":"Antiguos Alumnos"},"content":{"rendered":"<div id=\"fb-root\"><\/div>\n<p>[et_pb_section bb_built=\u00bb1&#8243; fullwidth=\u00bbon\u00bb _builder_version=\u00bb3.0.47&#8243; next_background_color=\u00bb#000000&#8243;][et_pb_fullwidth_header title=\u00bbAsociaci\u00f3n de Antiguos Alumnos de Don Bosco\u00bb title_font_color=\u00bb#ffffff\u00bb module_class=\u00bbpagina-imagen-cabecera\u00bb _builder_version=\u00bb3.7.1&#8243; title_font_size=\u00bb40px\u00bb background_image=\u00bbhttps:\/\/inspectoria.salesianos.edu\/wp-content\/uploads\/2017\/09\/ImagenPAGINA.jpg\u00bb background_url=\u00bbhttps:\/\/alicante.salesianos.edu\/colegio\/wp-content\/uploads\/sites\/2\/2017\/04\/Archivo_008.jpeg\u00bb background_layout=\u00bblight\u00bb max_width_tablet=\u00bb50px\u00bb \/][\/et_pb_section][et_pb_section bb_built=\u00bb1&#8243; custom_padding=\u00bb0px|0px|54px|0px\u00bb module_class=\u00bbpagina-seccion-contenido\u00bb _builder_version=\u00bb3.0.69&#8243; prev_background_color=\u00bb#000000&#8243;][et_pb_row custom_padding=\u00bb25px|||\u00bb custom_margin=\u00bb25px|||\u00bb parallax_method_1=\u00bboff\u00bb module_class=\u00bbpagina-texto\u00bb _builder_version=\u00bb3.0.69&#8243; background_size=\u00bbinitial\u00bb background_position=\u00bbtop_left\u00bb background_repeat=\u00bbrepeat\u00bb][et_pb_column type=\u00bb2_3&#8243;][et_pb_text _builder_version=\u00bb3.7.1&#8243; background_size=\u00bbinitial\u00bb background_position=\u00bbtop_left\u00bb background_repeat=\u00bbrepeat\u00bb]<\/p>\n<h1>Antiguos Alumnos<\/h1>\n<p>[\/et_pb_text][et_pb_text _builder_version=\u00bb3.7.1&#8243;]<\/p>\n<p><strong>De acuerdo con lo que establece nuestro Estatuto, son antiguos alumnos y antiguas alumnas de D. Bosco quienes, por haber frecuentado un oratorio, escuela o cualquier otra obra salesiana han recibido una preparaci\u00f3n para la vida, seg\u00fan los principios del Sistema Preventivo de D. Bosco; se sienten vinculados a San Juan Bosco por la gratitud, el afecto \ufb01lial y el aprecio a los valores de la educaci\u00f3n recibida; y est\u00e1n dispuestos a colaborar, seg\u00fan las propias posibilidades, en el proyecto educativo y evangelizador de la Familia Salesiana.<\/strong><\/p>\n<h2><span style=\"color: #000080;\"><strong>En Utrera<\/strong><\/span><\/h2>\n<p style=\"text-align: justify;\">La Asociaci\u00f3n de Antiguos Alumnos de Utrera nace a\u00a0principios del siglo XX, contando con un gran n\u00famero\u00a0de socios por el orgullo que supon\u00eda pertenecer a la\u00a0casa salesiana m\u00e1s antigua de Espa\u00f1a. La Asociaci\u00f3n\u00a0supone el v\u00ednculo de uni\u00f3n de los exalumnos con la vida\u00a0de la casa, viviendo con intensidad las fiestas salesianas\u00a0y siempre a disposici\u00f3n de la Obra salesiana de\u00a0Utrera.<\/p>\n<p style=\"text-align: justify;\">Cuenta con unos 40 asociados entre 30 y 70 a\u00f1os de\u00a0edad. Entre las actividades m\u00e1s reconocidas est\u00e1n la\u00a0tradicional fiesta de la Uni\u00f3n o el concurso de campanilleros\u00a0\u201cMemorial Manuel Ledesma\u201d, ya en su XXXIV\u00a0edici\u00f3n, siendo \u00e9ste referente en Andaluc\u00eda.\u00a0La Asociaci\u00f3n se encuentra en un proceso de redefinici\u00f3n,\u00a0buscando nuevas propuestas para aumentar su\u00a0significatividad entre los j\u00f3venes antiguos alumnos que\u00a0pasan por la escuela<\/p>\n<p>[\/et_pb_text][\/et_pb_column][et_pb_column type=\u00bb1_3&#8243;][et_pb_image _builder_version=\u00bb3.7.1&#8243; src=\u00bbhttp:\/\/utrera.salesianos.edu\/familiasalesiana\/wp-content\/uploads\/sites\/4\/2018\/09\/AAAADB.png\u00bb \/][\/et_pb_column][\/et_pb_row][\/et_pb_section]<\/p>\n","protected":false},"excerpt":{"rendered":"<p>Antiguos Alumnos De acuerdo con lo que establece nuestro Estatuto, son antiguos alumnos y antiguas alumnas de D. Bosco quienes, por haber frecuentado un oratorio, escuela o cualquier otra obra salesiana han recibido una preparaci\u00f3n para la vida, seg\u00fan los principios del Sistema Preventivo de D. Bosco; se sienten vinculados a San Juan Bosco por [&hellip;]<\/p>\n","protected":false},"author":2,"featured_media":0,"parent":0,"menu_order":0,"comment_status":"closed","ping_status":"closed","template":"","meta":{"_et_pb_use_builder":"on","_et_pb_old_content":"","_et_gb_content_width":"","footnotes":""},"class_list":["post-9426","page","type-page","status-publish","hentry"],"yoast_head":"<!-- This site is optimized with the Yoast SEO plugin v27.4 - https:\/\/yoast.com\/product\/yoast-seo-wordpress\/ -->\n<title>Antiguos Alumnos - Familia Salesiana<\/title>\n<meta name=\"robots\" content=\"index, follow, max-snippet:-1, max-image-preview:large, max-video-preview:-1\" \/>\n<link rel=\"canonical\" href=\"https:\/\/utrera.salesianos.edu\/familiasalesiana\/antiguos-alumnos\/\" \/>\n<meta property=\"og:locale\" content=\"es_ES\" \/>\n<meta property=\"og:type\" content=\"article\" \/>\n<meta property=\"og:title\" content=\"Antiguos Alumnos - Familia Salesiana\" \/>\n<meta property=\"og:description\" content=\"Antiguos Alumnos De acuerdo con lo que establece nuestro Estatuto, son antiguos alumnos y antiguas alumnas de D. Bosco quienes, por haber frecuentado un oratorio, escuela o cualquier otra obra salesiana han recibido una preparaci\u00f3n para la vida, seg\u00fan los principios del Sistema Preventivo de D. Bosco; se sienten vinculados a San Juan Bosco por [&hellip;]\" \/>\n<meta property=\"og:url\" content=\"https:\/\/utrera.salesianos.edu\/familiasalesiana\/antiguos-alumnos\/\" \/>\n<meta property=\"og:site_name\" content=\"Familia Salesiana\" \/>\n<meta property=\"article:modified_time\" content=\"2018-09-20T20:24:15+00:00\" \/>\n<meta name=\"twitter:card\" content=\"summary_large_image\" \/>\n<meta name=\"twitter:label1\" content=\"Tiempo de lectura\" \/>\n\t<meta name=\"twitter:data1\" content=\"2 minutos\" \/>\n<script type=\"application\/ld+json\" class=\"yoast-schema-graph\">{\"@context\":\"https:\\\/\\\/schema.org\",\"@graph\":[{\"@type\":\"WebPage\",\"@id\":\"https:\\\/\\\/utrera.salesianos.edu\\\/familiasalesiana\\\/antiguos-alumnos\\\/\",\"url\":\"https:\\\/\\\/utrera.salesianos.edu\\\/familiasalesiana\\\/antiguos-alumnos\\\/\",\"name\":\"Antiguos Alumnos - Familia Salesiana\",\"isPartOf\":{\"@id\":\"https:\\\/\\\/utrera.salesianos.edu\\\/familiasalesiana\\\/#website\"},\"datePublished\":\"2018-09-19T08:17:53+00:00\",\"dateModified\":\"2018-09-20T20:24:15+00:00\",\"breadcrumb\":{\"@id\":\"https:\\\/\\\/utrera.salesianos.edu\\\/familiasalesiana\\\/antiguos-alumnos\\\/#breadcrumb\"},\"inLanguage\":\"es\",\"potentialAction\":[{\"@type\":\"ReadAction\",\"target\":[\"https:\\\/\\\/utrera.salesianos.edu\\\/familiasalesiana\\\/antiguos-alumnos\\\/\"]}]},{\"@type\":\"BreadcrumbList\",\"@id\":\"https:\\\/\\\/utrera.salesianos.edu\\\/familiasalesiana\\\/antiguos-alumnos\\\/#breadcrumb\",\"itemListElement\":[{\"@type\":\"ListItem\",\"position\":1,\"name\":\"Portada\",\"item\":\"https:\\\/\\\/utrera.salesianos.edu\\\/familiasalesiana\\\/\"},{\"@type\":\"ListItem\",\"position\":2,\"name\":\"Antiguos Alumnos\"}]},{\"@type\":\"WebSite\",\"@id\":\"https:\\\/\\\/utrera.salesianos.edu\\\/familiasalesiana\\\/#website\",\"url\":\"https:\\\/\\\/utrera.salesianos.edu\\\/familiasalesiana\\\/\",\"name\":\"Familia Salesiana\",\"description\":\"P\u00e1gina oficial Salesianos Utrera\",\"potentialAction\":[{\"@type\":\"SearchAction\",\"target\":{\"@type\":\"EntryPoint\",\"urlTemplate\":\"https:\\\/\\\/utrera.salesianos.edu\\\/familiasalesiana\\\/?s={search_term_string}\"},\"query-input\":{\"@type\":\"PropertyValueSpecification\",\"valueRequired\":true,\"valueName\":\"search_term_string\"}}],\"inLanguage\":\"es\"}]}<\/script>\n<!-- \/ Yoast SEO plugin. -->","yoast_head_json":{"title":"Antiguos Alumnos - Familia Salesiana","robots":{"index":"index","follow":"follow","max-snippet":"max-snippet:-1","max-image-preview":"max-image-preview:large","max-video-preview":"max-video-preview:-1"},"canonical":"https:\/\/utrera.salesianos.edu\/familiasalesiana\/antiguos-alumnos\/","og_locale":"es_ES","og_type":"article","og_title":"Antiguos Alumnos - Familia Salesiana","og_description":"Antiguos Alumnos De acuerdo con lo que establece nuestro Estatuto, son antiguos alumnos y antiguas alumnas de D. Bosco quienes, por haber frecuentado un oratorio, escuela o cualquier otra obra salesiana han recibido una preparaci\u00f3n para la vida, seg\u00fan los principios del Sistema Preventivo de D. Bosco; se sienten vinculados a San Juan Bosco por [&hellip;]","og_url":"https:\/\/utrera.salesianos.edu\/familiasalesiana\/antiguos-alumnos\/","og_site_name":"Familia Salesiana","article_modified_time":"2018-09-20T20:24:15+00:00","twitter_card":"summary_large_image","twitter_misc":{"Tiempo de lectura":"2 minutos"},"schema":{"@context":"https:\/\/schema.org","@graph":[{"@type":"WebPage","@id":"https:\/\/utrera.salesianos.edu\/familiasalesiana\/antiguos-alumnos\/","url":"https:\/\/utrera.salesianos.edu\/familiasalesiana\/antiguos-alumnos\/","name":"Antiguos Alumnos - Familia Salesiana","isPartOf":{"@id":"https:\/\/utrera.salesianos.edu\/familiasalesiana\/#website"},"datePublished":"2018-09-19T08:17:53+00:00","dateModified":"2018-09-20T20:24:15+00:00","breadcrumb":{"@id":"https:\/\/utrera.salesianos.edu\/familiasalesiana\/antiguos-alumnos\/#breadcrumb"},"inLanguage":"es","potentialAction":[{"@type":"ReadAction","target":["https:\/\/utrera.salesianos.edu\/familiasalesiana\/antiguos-alumnos\/"]}]},{"@type":"BreadcrumbList","@id":"https:\/\/utrera.salesianos.edu\/familiasalesiana\/antiguos-alumnos\/#breadcrumb","itemListElement":[{"@type":"ListItem","position":1,"name":"Portada","item":"https:\/\/utrera.salesianos.edu\/familiasalesiana\/"},{"@type":"ListItem","position":2,"name":"Antiguos Alumnos"}]},{"@type":"WebSite","@id":"https:\/\/utrera.salesianos.edu\/familiasalesiana\/#website","url":"https:\/\/utrera.salesianos.edu\/familiasalesiana\/","name":"Familia Salesiana","description":"P\u00e1gina oficial Salesianos Utrera","potentialAction":[{"@type":"SearchAction","target":{"@type":"EntryPoint","urlTemplate":"https:\/\/utrera.salesianos.edu\/familiasalesiana\/?s={search_term_string}"},"query-input":{"@type":"PropertyValueSpecification","valueRequired":true,"valueName":"search_term_string"}}],"inLanguage":"es"}]}},"_links":{"self":[{"href":"https:\/\/utrera.salesianos.edu\/familiasalesiana\/wp-json\/wp\/v2\/pages\/9426","targetHints":{"allow":["GET"]}}],"collection":[{"href":"https:\/\/utrera.salesianos.edu\/familiasalesiana\/wp-json\/wp\/v2\/pages"}],"about":[{"href":"https:\/\/utrera.salesianos.edu\/familiasalesiana\/wp-json\/wp\/v2\/types\/page"}],"author":[{"embeddable":true,"href":"https:\/\/utrera.salesianos.edu\/familiasalesiana\/wp-json\/wp\/v2\/users\/2"}],"replies":[{"embeddable":true,"href":"https:\/\/utrera.salesianos.edu\/familiasalesiana\/wp-json\/wp\/v2\/comments?post=9426"}],"version-history":[{"count":5,"href":"https:\/\/utrera.salesianos.edu\/familiasalesiana\/wp-json\/wp\/v2\/pages\/9426\/revisions"}],"predecessor-version":[{"id":9490,"href":"https:\/\/utrera.salesianos.edu\/familiasalesiana\/wp-json\/wp\/v2\/pages\/9426\/revisions\/9490"}],"wp:attachment":[{"href":"https:\/\/utrera.salesianos.edu\/familiasalesiana\/wp-json\/wp\/v2\/media?parent=9426"}],"curies":[{"name":"wp","href":"https:\/\/api.w.org\/{rel}","templated":true}]}}