{"id":9431,"date":"2018-09-19T10:21:23","date_gmt":"2018-09-19T08:21:23","guid":{"rendered":"http:\/\/utrera.salesianos.edu\/familiasalesiana\/?page_id=9431"},"modified":"2018-09-20T22:25:57","modified_gmt":"2018-09-20T20:25:57","slug":"hermandad-cristo-del-amor","status":"publish","type":"page","link":"https:\/\/utrera.salesianos.edu\/familiasalesiana\/hermandad-cristo-del-amor\/","title":{"rendered":"Hermandad Cristo del Amor"},"content":{"rendered":"<div id=\"fb-root\"><\/div>\n<p>[et_pb_section bb_built=\u00bb1&#8243; fullwidth=\u00bbon\u00bb _builder_version=\u00bb3.0.47&#8243; next_background_color=\u00bb#000000&#8243;][et_pb_fullwidth_header title=\u00bbHermandad Cristo del Amor\u00bb title_font_color=\u00bb#ffffff\u00bb module_class=\u00bbpagina-imagen-cabecera\u00bb _builder_version=\u00bb3.7.1&#8243; title_font_size=\u00bb40px\u00bb background_image=\u00bbhttps:\/\/inspectoria.salesianos.edu\/wp-content\/uploads\/2017\/09\/ImagenPAGINA.jpg\u00bb background_url=\u00bbhttps:\/\/alicante.salesianos.edu\/colegio\/wp-content\/uploads\/sites\/2\/2017\/04\/Archivo_008.jpeg\u00bb background_layout=\u00bblight\u00bb max_width_tablet=\u00bb50px\u00bb \/][\/et_pb_section][et_pb_section bb_built=\u00bb1&#8243; custom_padding=\u00bb0px|0px|54px|0px\u00bb module_class=\u00bbpagina-seccion-contenido\u00bb _builder_version=\u00bb3.0.69&#8243; prev_background_color=\u00bb#000000&#8243;][et_pb_row custom_padding=\u00bb25px|||\u00bb custom_margin=\u00bb25px|||\u00bb parallax_method_1=\u00bboff\u00bb module_class=\u00bbpagina-texto\u00bb _builder_version=\u00bb3.0.69&#8243; background_size=\u00bbinitial\u00bb background_position=\u00bbtop_left\u00bb background_repeat=\u00bbrepeat\u00bb][et_pb_column type=\u00bb2_3&#8243;][et_pb_text _builder_version=\u00bb3.7.1&#8243; background_size=\u00bbinitial\u00bb background_position=\u00bbtop_left\u00bb background_repeat=\u00bbrepeat\u00bb]<\/p>\n<h1>Hermandad Salesiana y Cofradia de Nazarenos del\u00a0Stmo. Cristo del Amor, Ntra. Sra. de las Veredas,\u00a0Maria Auxilio de los Cristianos y San Juan Bosco.\u00a0AA. AA. DB. &#8211; \u00a0Estudiantes<\/h1>\n<p>[\/et_pb_text][et_pb_text _builder_version=\u00bb3.7.1&#8243;]<\/p>\n<p>Hermandad nacida en 1963 en el seno de los antiguos alumnos del colegio, con el esp\u00edritu de dar culto p\u00fablico para\u00a0mayor Gloria del Se\u00f1or Dios y su Sant\u00edsima Madre, realizando obras de piedad, caridad y cultos conforme al Evangelio\u00a0de Cristo y manteniendo vivo las ense\u00f1anzas de D. Bosco.<\/p>\n<p>Desde su fundaci\u00f3n, procesiona en la tarde del Martes Santo.\u00a0La mayor\u00eda de sus hermanos son o han sido alumnos\/as del colegio, teniendo un gran arraigo en el pueblo de Utrera.La Hermandad se pretende, como dice sus reglas, que sea un lugar de encuentro en el que nazca y se desarrolle la\u00a0libertad interior de las personas, fomentado la vida comunitaria, la cooperaci\u00f3n y comunicaci\u00f3n entre sus hermanos.<\/p>\n<p>Todos los meses de mayo, desde hace ya 35 a\u00f1os,\u00a0se organiza desde el grupo joven de la Hermandad el\u00a0Certamen de Cruces de Mayo, en que participan gran\u00a0n\u00famero de peque\u00f1os y j\u00f3venes con sus \u201cpasitos de cruces\u201d\u00a0ayudados de sus familiares. Con ello se pretende<br \/>\nir fomentando nuestras tradiciones y costumbres populares\u00a0y amor a nuestra Semana Santa.<\/p>\n<p>La junta de gobierno est\u00e1 formada por 16 hermanos,\u00a0apoyada por 42 miembros de la junta auxiliar, que forman\u00a0un grupo muy motivado y en crecimiento.<\/p>\n<p>[\/et_pb_text][\/et_pb_column][et_pb_column type=\u00bb1_3&#8243;][et_pb_image _builder_version=\u00bb3.7.1&#8243; src=\u00bbhttp:\/\/utrera.salesianos.edu\/familiasalesiana\/wp-content\/uploads\/sites\/4\/2018\/09\/Hermandad4.jpg\u00bb \/][et_pb_blurb _builder_version=\u00bb3.7.1&#8243; title=\u00bbVisita la web de la hermandad\u00bb url=\u00bbhttp:\/\/estudiantesutrera.com\/\u00bb use_icon=\u00bbon\u00bb font_icon=\u00bb%%165%%\u00bb text_orientation=\u00bbcenter\u00bb \/][\/et_pb_column][\/et_pb_row][et_pb_row _builder_version=\u00bb3.0.69&#8243; background_size=\u00bbinitial\u00bb background_position=\u00bbtop_left\u00bb background_repeat=\u00bbrepeat\u00bb][et_pb_column type=\u00bb1_2&#8243;][et_pb_image _builder_version=\u00bb3.7.1&#8243; src=\u00bbhttp:\/\/utrera.salesianos.edu\/familiasalesiana\/wp-content\/uploads\/sites\/4\/2018\/09\/cristo.jpg\u00bb \/][\/et_pb_column][et_pb_column type=\u00bb1_2&#8243;][et_pb_image _builder_version=\u00bb3.7.1&#8243; src=\u00bbhttp:\/\/utrera.salesianos.edu\/familiasalesiana\/wp-content\/uploads\/sites\/4\/2018\/09\/Hermandad2.jpg\u00bb \/][\/et_pb_column][\/et_pb_row][et_pb_row][et_pb_column type=\u00bb4_4&#8243;][et_pb_text _builder_version=\u00bb3.7.1&#8243; text_text_color=\u00bb#e02b20&#8243; text_font_size=\u00bb23px\u00bb header_font=\u00bbLato||||||||\u00bb]<\/p>\n<p>Sigue a la hermandad en las redes sociales<\/p>\n<p>[\/et_pb_text][\/et_pb_column][\/et_pb_row][et_pb_row][et_pb_column type=\u00bb1_2&#8243;][et_pb_code _builder_version=\u00bb3.7.1&#8243;]<div class=\"fb-page\" data-href=\"https:\/\/www.facebook.com\/Hermandad-De-Los-Estudiantes-Utrera-1296167563806654\" data-width=\"750\" data-height=\"500\" data-tabs=\"timeline\" data-hide-cover=\"true\" data-show-facepile=\"false\" data-hide-cta=\"false\" data-small-header=\"true\" data-adapt-container-width=\"true\"><\/div>[\/et_pb_code][\/et_pb_column][et_pb_column type=\u00bb1_2&#8243;][et_pb_code _builder_version=\u00bb3.7.1&#8243;]&lt;a class=\u00bbtwitter-timeline\u00bb data-lang=\u00bbes\u00bb data-width=\u00bb750&#8243; data-height=\u00bb582&#8243; href=\u00bbhttps:\/\/twitter.com\/hdadsalesianos\u00bb&gt;&lt;\/a&gt; &lt;script async src=\u00bb\/\/platform.twitter.com\/widgets.js\u00bb charset=\u00bbutf-8&#8243;&gt;&lt;\/script&gt;[\/et_pb_code][\/et_pb_column][\/et_pb_row][\/et_pb_section]<\/p>\n","protected":false},"excerpt":{"rendered":"<p>Hermandad Salesiana y Cofradia de Nazarenos del\u00a0Stmo. Cristo del Amor, Ntra. Sra. de las Veredas,\u00a0Maria Auxilio de los Cristianos y San Juan Bosco.\u00a0AA. AA. DB. &#8211; \u00a0Estudiantes Hermandad nacida en 1963 en el seno de los antiguos alumnos del colegio, con el esp\u00edritu de dar culto p\u00fablico para\u00a0mayor Gloria del Se\u00f1or Dios y su Sant\u00edsima [&hellip;]<\/p>\n","protected":false},"author":2,"featured_media":0,"parent":0,"menu_order":0,"comment_status":"closed","ping_status":"closed","template":"","meta":{"_et_pb_use_builder":"on","_et_pb_old_content":"","_et_gb_content_width":"","footnotes":""},"class_list":["post-9431","page","type-page","status-publish","hentry"],"yoast_head":"<!-- This site is optimized with the Yoast SEO plugin v27.4 - https:\/\/yoast.com\/product\/yoast-seo-wordpress\/ -->\n<title>Hermandad Cristo del Amor - Familia Salesiana<\/title>\n<meta name=\"robots\" content=\"index, follow, max-snippet:-1, max-image-preview:large, max-video-preview:-1\" \/>\n<link rel=\"canonical\" href=\"https:\/\/utrera.salesianos.edu\/familiasalesiana\/hermandad-cristo-del-amor\/\" \/>\n<meta property=\"og:locale\" content=\"es_ES\" \/>\n<meta property=\"og:type\" content=\"article\" \/>\n<meta property=\"og:title\" content=\"Hermandad Cristo del Amor - Familia Salesiana\" \/>\n<meta property=\"og:description\" content=\"Hermandad Salesiana y Cofradia de Nazarenos del\u00a0Stmo. Cristo del Amor, Ntra. Sra. de las Veredas,\u00a0Maria Auxilio de los Cristianos y San Juan Bosco.\u00a0AA. AA. DB. - \u00a0Estudiantes Hermandad nacida en 1963 en el seno de los antiguos alumnos del colegio, con el esp\u00edritu de dar culto p\u00fablico para\u00a0mayor Gloria del Se\u00f1or Dios y su Sant\u00edsima [&hellip;]\" \/>\n<meta property=\"og:url\" content=\"https:\/\/utrera.salesianos.edu\/familiasalesiana\/hermandad-cristo-del-amor\/\" \/>\n<meta property=\"og:site_name\" content=\"Familia Salesiana\" \/>\n<meta property=\"article:modified_time\" content=\"2018-09-20T20:25:57+00:00\" \/>\n<meta name=\"twitter:card\" content=\"summary_large_image\" \/>\n<meta name=\"twitter:label1\" content=\"Tiempo de lectura\" \/>\n\t<meta name=\"twitter:data1\" content=\"3 minutos\" \/>\n<script type=\"application\/ld+json\" class=\"yoast-schema-graph\">{\"@context\":\"https:\\\/\\\/schema.org\",\"@graph\":[{\"@type\":\"WebPage\",\"@id\":\"https:\\\/\\\/utrera.salesianos.edu\\\/familiasalesiana\\\/hermandad-cristo-del-amor\\\/\",\"url\":\"https:\\\/\\\/utrera.salesianos.edu\\\/familiasalesiana\\\/hermandad-cristo-del-amor\\\/\",\"name\":\"Hermandad Cristo del Amor - Familia Salesiana\",\"isPartOf\":{\"@id\":\"https:\\\/\\\/utrera.salesianos.edu\\\/familiasalesiana\\\/#website\"},\"datePublished\":\"2018-09-19T08:21:23+00:00\",\"dateModified\":\"2018-09-20T20:25:57+00:00\",\"breadcrumb\":{\"@id\":\"https:\\\/\\\/utrera.salesianos.edu\\\/familiasalesiana\\\/hermandad-cristo-del-amor\\\/#breadcrumb\"},\"inLanguage\":\"es\",\"potentialAction\":[{\"@type\":\"ReadAction\",\"target\":[\"https:\\\/\\\/utrera.salesianos.edu\\\/familiasalesiana\\\/hermandad-cristo-del-amor\\\/\"]}]},{\"@type\":\"BreadcrumbList\",\"@id\":\"https:\\\/\\\/utrera.salesianos.edu\\\/familiasalesiana\\\/hermandad-cristo-del-amor\\\/#breadcrumb\",\"itemListElement\":[{\"@type\":\"ListItem\",\"position\":1,\"name\":\"Portada\",\"item\":\"https:\\\/\\\/utrera.salesianos.edu\\\/familiasalesiana\\\/\"},{\"@type\":\"ListItem\",\"position\":2,\"name\":\"Hermandad Cristo del Amor\"}]},{\"@type\":\"WebSite\",\"@id\":\"https:\\\/\\\/utrera.salesianos.edu\\\/familiasalesiana\\\/#website\",\"url\":\"https:\\\/\\\/utrera.salesianos.edu\\\/familiasalesiana\\\/\",\"name\":\"Familia Salesiana\",\"description\":\"P\u00e1gina oficial Salesianos Utrera\",\"potentialAction\":[{\"@type\":\"SearchAction\",\"target\":{\"@type\":\"EntryPoint\",\"urlTemplate\":\"https:\\\/\\\/utrera.salesianos.edu\\\/familiasalesiana\\\/?s={search_term_string}\"},\"query-input\":{\"@type\":\"PropertyValueSpecification\",\"valueRequired\":true,\"valueName\":\"search_term_string\"}}],\"inLanguage\":\"es\"}]}<\/script>\n<!-- \/ Yoast SEO plugin. -->","yoast_head_json":{"title":"Hermandad Cristo del Amor - Familia Salesiana","robots":{"index":"index","follow":"follow","max-snippet":"max-snippet:-1","max-image-preview":"max-image-preview:large","max-video-preview":"max-video-preview:-1"},"canonical":"https:\/\/utrera.salesianos.edu\/familiasalesiana\/hermandad-cristo-del-amor\/","og_locale":"es_ES","og_type":"article","og_title":"Hermandad Cristo del Amor - Familia Salesiana","og_description":"Hermandad Salesiana y Cofradia de Nazarenos del\u00a0Stmo. Cristo del Amor, Ntra. Sra. de las Veredas,\u00a0Maria Auxilio de los Cristianos y San Juan Bosco.\u00a0AA. AA. DB. - \u00a0Estudiantes Hermandad nacida en 1963 en el seno de los antiguos alumnos del colegio, con el esp\u00edritu de dar culto p\u00fablico para\u00a0mayor Gloria del Se\u00f1or Dios y su Sant\u00edsima [&hellip;]","og_url":"https:\/\/utrera.salesianos.edu\/familiasalesiana\/hermandad-cristo-del-amor\/","og_site_name":"Familia Salesiana","article_modified_time":"2018-09-20T20:25:57+00:00","twitter_card":"summary_large_image","twitter_misc":{"Tiempo de lectura":"3 minutos"},"schema":{"@context":"https:\/\/schema.org","@graph":[{"@type":"WebPage","@id":"https:\/\/utrera.salesianos.edu\/familiasalesiana\/hermandad-cristo-del-amor\/","url":"https:\/\/utrera.salesianos.edu\/familiasalesiana\/hermandad-cristo-del-amor\/","name":"Hermandad Cristo del Amor - Familia Salesiana","isPartOf":{"@id":"https:\/\/utrera.salesianos.edu\/familiasalesiana\/#website"},"datePublished":"2018-09-19T08:21:23+00:00","dateModified":"2018-09-20T20:25:57+00:00","breadcrumb":{"@id":"https:\/\/utrera.salesianos.edu\/familiasalesiana\/hermandad-cristo-del-amor\/#breadcrumb"},"inLanguage":"es","potentialAction":[{"@type":"ReadAction","target":["https:\/\/utrera.salesianos.edu\/familiasalesiana\/hermandad-cristo-del-amor\/"]}]},{"@type":"BreadcrumbList","@id":"https:\/\/utrera.salesianos.edu\/familiasalesiana\/hermandad-cristo-del-amor\/#breadcrumb","itemListElement":[{"@type":"ListItem","position":1,"name":"Portada","item":"https:\/\/utrera.salesianos.edu\/familiasalesiana\/"},{"@type":"ListItem","position":2,"name":"Hermandad Cristo del Amor"}]},{"@type":"WebSite","@id":"https:\/\/utrera.salesianos.edu\/familiasalesiana\/#website","url":"https:\/\/utrera.salesianos.edu\/familiasalesiana\/","name":"Familia Salesiana","description":"P\u00e1gina oficial Salesianos Utrera","potentialAction":[{"@type":"SearchAction","target":{"@type":"EntryPoint","urlTemplate":"https:\/\/utrera.salesianos.edu\/familiasalesiana\/?s={search_term_string}"},"query-input":{"@type":"PropertyValueSpecification","valueRequired":true,"valueName":"search_term_string"}}],"inLanguage":"es"}]}},"_links":{"self":[{"href":"https:\/\/utrera.salesianos.edu\/familiasalesiana\/wp-json\/wp\/v2\/pages\/9431","targetHints":{"allow":["GET"]}}],"collection":[{"href":"https:\/\/utrera.salesianos.edu\/familiasalesiana\/wp-json\/wp\/v2\/pages"}],"about":[{"href":"https:\/\/utrera.salesianos.edu\/familiasalesiana\/wp-json\/wp\/v2\/types\/page"}],"author":[{"embeddable":true,"href":"https:\/\/utrera.salesianos.edu\/familiasalesiana\/wp-json\/wp\/v2\/users\/2"}],"replies":[{"embeddable":true,"href":"https:\/\/utrera.salesianos.edu\/familiasalesiana\/wp-json\/wp\/v2\/comments?post=9431"}],"version-history":[{"count":8,"href":"https:\/\/utrera.salesianos.edu\/familiasalesiana\/wp-json\/wp\/v2\/pages\/9431\/revisions"}],"predecessor-version":[{"id":9492,"href":"https:\/\/utrera.salesianos.edu\/familiasalesiana\/wp-json\/wp\/v2\/pages\/9431\/revisions\/9492"}],"wp:attachment":[{"href":"https:\/\/utrera.salesianos.edu\/familiasalesiana\/wp-json\/wp\/v2\/media?parent=9431"}],"curies":[{"name":"wp","href":"https:\/\/api.w.org\/{rel}","templated":true}]}}