{"id":9433,"date":"2018-09-19T10:21:58","date_gmt":"2018-09-19T08:21:58","guid":{"rendered":"http:\/\/utrera.salesianos.edu\/familiasalesiana\/?page_id=9433"},"modified":"2018-09-19T22:22:07","modified_gmt":"2018-09-19T20:22:07","slug":"archicofradia-ma-auxiliadora","status":"publish","type":"page","link":"https:\/\/utrera.salesianos.edu\/familiasalesiana\/archicofradia-ma-auxiliadora\/","title":{"rendered":"Archicofrad\u00eda M\u00aa Auxiliadora"},"content":{"rendered":"<div id=\"fb-root\"><\/div>\n<p>[et_pb_section bb_built=\u00bb1&#8243; fullwidth=\u00bbon\u00bb _builder_version=\u00bb3.0.47&#8243; next_background_color=\u00bb#000000&#8243;][et_pb_fullwidth_header title=\u00bbAsociaci\u00f3n de M\u00aa Auxiliadora (ADMA)\u00bb title_font_color=\u00bb#ffffff\u00bb module_class=\u00bbpagina-imagen-cabecera\u00bb _builder_version=\u00bb3.7.1&#8243; title_font_size=\u00bb40px\u00bb background_image=\u00bbhttps:\/\/inspectoria.salesianos.edu\/wp-content\/uploads\/2017\/09\/ImagenPAGINA.jpg\u00bb background_url=\u00bbhttps:\/\/alicante.salesianos.edu\/colegio\/wp-content\/uploads\/sites\/2\/2017\/04\/Archivo_008.jpeg\u00bb background_layout=\u00bblight\u00bb max_width_tablet=\u00bb50px\u00bb title_font=\u00bbLato||||||||\u00bb \/][\/et_pb_section][et_pb_section bb_built=\u00bb1&#8243; custom_padding=\u00bb0px|0px|54px|0px\u00bb module_class=\u00bbpagina-seccion-contenido\u00bb _builder_version=\u00bb3.0.69&#8243; prev_background_color=\u00bb#000000&#8243;][et_pb_row custom_padding=\u00bb25px|||\u00bb custom_margin=\u00bb25px|||\u00bb parallax_method_1=\u00bboff\u00bb module_class=\u00bbpagina-texto\u00bb _builder_version=\u00bb3.0.69&#8243; background_size=\u00bbinitial\u00bb background_position=\u00bbtop_left\u00bb background_repeat=\u00bbrepeat\u00bb][et_pb_column type=\u00bb2_3&#8243;][et_pb_text _builder_version=\u00bb3.7.1&#8243; background_size=\u00bbinitial\u00bb background_position=\u00bbtop_left\u00bb background_repeat=\u00bbrepeat\u00bb]<\/p>\n<h1>Asociaci\u00f3n de M\u00aa Auxiliadora<\/h1>\n<p>[\/et_pb_text][et_pb_text _builder_version=\u00bb3.7.1&#8243;]<\/p>\n<h2><span style=\"color: #333399;\"><strong>Historia<\/strong><\/span><\/h2>\n<p>Su principal misi\u00f3n es promover y difundir \u201cEl culto al Sant\u00edsimo\u00a0Sacramento y a Mar\u00eda como Auxilio de los Cristianos\u201d.<br \/>\nLa asociaci\u00f3n de Mar\u00eda Auxiliadora es una asociaci\u00f3n p\u00fablica de\u00a0fieles que con el esp\u00edritu de Don Bosco promueve la devoci\u00f3n\u00a0peculiar mariana como instrumento de evangelizaci\u00f3n y promoci\u00f3n\u00a0de las masas populares y de las juventudes necesitadas.<\/p>\n<p>El 9 de junio de 1868, d\u00eda de la consagraci\u00f3n del Santuario de Mar\u00eda Auxiliadora de Tur\u00edn, San Juan Bosco vio realizados buena parte de sus sue\u00f1os. Surge una casa santa donde llegan los peregrinos\u2026 y a ellos Don Bosco conf\u00eda la misi\u00f3n de propagar la gloria y la devoci\u00f3n de la Auxiliadora \u201cen todo el mundo\u201d uni\u00e9ndolos mediante la Asociaci\u00f3n de Mar\u00eda Auxiliadora. Don Bosco consigue la erecci\u00f3n can\u00f3nica de la Asociaci\u00f3n del arzobispo de Tur\u00edn el 18 de abril de 1869.<\/p>\n<p>Luego, P\u00edo IX, el 5 de abril de 1870, la eleva a la categor\u00eda de Archicofrad\u00eda con facultad de agregar las asociaciones del mismo nombre y reglamento en la arquidi\u00f3cesis de Tur\u00edn, y en 1877 la facultad se extiende a todas las di\u00f3cesis de Piamonte. La ADMA tiene, \ufb01 nalmente, una indiscutible autonom\u00eda y precisa \ufb01 sonom\u00eda.<br \/>\nEl 5 de julio de 1989 el Rector Mayor, Don Egidio Vigan\u00f3 con el Consejo General reconoce la pertenencia de la Asociaci\u00f3n de la Familia salesiana.<\/p>\n<p>La Asociaci\u00f3n tiene el grande y preciado privilegio de constituir hist\u00f3ricamente el segundo grupo de la Familia Salesiana fundado por Don Bosco con consiguiente reglamento escrito por \u00e9l mismo.<\/p>\n<h2><span style=\"color: #333399;\"><strong>En Utrera<\/strong><\/span><\/h2>\n<p>Se re\u00fane el 24 de cada mes, con una jornada de formaci\u00f3n, eucarist\u00eda,\u00a0exposici\u00f3n del Sant\u00edsimo y rosario. La Asociaci\u00f3n es la\u00a0responsable de los cultos y la procesi\u00f3n de la virgen.\u00a0Adem\u00e1s, realiza numerosas acciones para difundir la devoci\u00f3n\u00a0a la Virgen y colabora con las necesidades de la casa, especialmente\u00a0con las de la Iglesia del Carmen, sede de la Asociaci\u00f3n.<\/p>\n<p>Cuenta con unos 550 asociados. Es de destacar el rejuvenecimiento\u00a0de la asociaci\u00f3n en los \u00faltimos a\u00f1os, con una vitalidad e implicaci\u00f3n destacables.<\/p>\n<p>[\/et_pb_text][\/et_pb_column][et_pb_column type=\u00bb1_3&#8243;][et_pb_image _builder_version=\u00bb3.7.1&#8243; src=\u00bbhttp:\/\/utrera.salesianos.edu\/familiasalesiana\/wp-content\/uploads\/sites\/4\/2018\/09\/ADMA2.jpg\u00bb \/][\/et_pb_column][\/et_pb_row][et_pb_row _builder_version=\u00bb3.0.69&#8243; background_size=\u00bbinitial\u00bb background_position=\u00bbtop_left\u00bb background_repeat=\u00bbrepeat\u00bb][et_pb_column type=\u00bb1_3&#8243;][et_pb_image _builder_version=\u00bb3.7.1&#8243; src=\u00bbhttp:\/\/utrera.salesianos.edu\/familiasalesiana\/wp-content\/uploads\/sites\/4\/2018\/09\/ADMA1-1.jpg\u00bb align=\u00bbcenter\u00bb \/][\/et_pb_column][et_pb_column type=\u00bb1_3&#8243;][et_pb_image _builder_version=\u00bb3.7.1&#8243; src=\u00bbhttp:\/\/utrera.salesianos.edu\/familiasalesiana\/wp-content\/uploads\/sites\/4\/2018\/09\/ADMA2-1.jpg\u00bb align=\u00bbcenter\u00bb \/][\/et_pb_column][et_pb_column type=\u00bb1_3&#8243;][et_pb_text _builder_version=\u00bb3.7.1&#8243; text_text_color=\u00bb#e02b20&#8243; text_font_size=\u00bb23px\u00bb header_font=\u00bbLato||||||||\u00bb]<\/p>\n<p>Sigue a Asociaci\u00f3n de M\u00aa Auxiliadora en las redes sociales<\/p>\n<p>[\/et_pb_text][et_pb_code _builder_version=\u00bb3.7.1&#8243; text_orientation=\u00bbcenter\u00bb]<div class=\"fb-page\" data-href=\"https:\/\/www.facebook.com\/auxiliadorautrera\" data-width=\"750\" data-height=\"500\" data-tabs=\"timeline\" data-hide-cover=\"true\" data-show-facepile=\"false\" data-hide-cta=\"false\" data-small-header=\"true\" data-adapt-container-width=\"true\"><\/div>[\/et_pb_code][\/et_pb_column][\/et_pb_row][\/et_pb_section]<\/p>\n","protected":false},"excerpt":{"rendered":"<p>Asociaci\u00f3n de M\u00aa Auxiliadora Historia Su principal misi\u00f3n es promover y difundir \u201cEl culto al Sant\u00edsimo\u00a0Sacramento y a Mar\u00eda como Auxilio de los Cristianos\u201d. La asociaci\u00f3n de Mar\u00eda Auxiliadora es una asociaci\u00f3n p\u00fablica de\u00a0fieles que con el esp\u00edritu de Don Bosco promueve la devoci\u00f3n\u00a0peculiar mariana como instrumento de evangelizaci\u00f3n y promoci\u00f3n\u00a0de las masas populares y [&hellip;]<\/p>\n","protected":false},"author":2,"featured_media":0,"parent":0,"menu_order":0,"comment_status":"closed","ping_status":"closed","template":"","meta":{"_et_pb_use_builder":"on","_et_pb_old_content":"","_et_gb_content_width":"","footnotes":""},"class_list":["post-9433","page","type-page","status-publish","hentry"],"yoast_head":"<!-- This site is optimized with the Yoast SEO plugin v27.4 - https:\/\/yoast.com\/product\/yoast-seo-wordpress\/ -->\n<title>Archicofrad\u00eda M\u00aa Auxiliadora - Familia Salesiana<\/title>\n<meta name=\"robots\" content=\"index, follow, max-snippet:-1, max-image-preview:large, max-video-preview:-1\" \/>\n<link rel=\"canonical\" href=\"https:\/\/utrera.salesianos.edu\/familiasalesiana\/archicofradia-ma-auxiliadora\/\" \/>\n<meta property=\"og:locale\" content=\"es_ES\" \/>\n<meta property=\"og:type\" content=\"article\" \/>\n<meta property=\"og:title\" content=\"Archicofrad\u00eda M\u00aa Auxiliadora - Familia Salesiana\" \/>\n<meta property=\"og:description\" content=\"Asociaci\u00f3n de M\u00aa Auxiliadora Historia Su principal misi\u00f3n es promover y difundir \u201cEl culto al Sant\u00edsimo\u00a0Sacramento y a Mar\u00eda como Auxilio de los Cristianos\u201d. La asociaci\u00f3n de Mar\u00eda Auxiliadora es una asociaci\u00f3n p\u00fablica de\u00a0fieles que con el esp\u00edritu de Don Bosco promueve la devoci\u00f3n\u00a0peculiar mariana como instrumento de evangelizaci\u00f3n y promoci\u00f3n\u00a0de las masas populares y [&hellip;]\" \/>\n<meta property=\"og:url\" content=\"https:\/\/utrera.salesianos.edu\/familiasalesiana\/archicofradia-ma-auxiliadora\/\" \/>\n<meta property=\"og:site_name\" content=\"Familia Salesiana\" \/>\n<meta property=\"article:modified_time\" content=\"2018-09-19T20:22:07+00:00\" \/>\n<meta name=\"twitter:card\" content=\"summary_large_image\" \/>\n<meta name=\"twitter:label1\" content=\"Tiempo de lectura\" \/>\n\t<meta name=\"twitter:data1\" content=\"4 minutos\" \/>\n<script type=\"application\/ld+json\" class=\"yoast-schema-graph\">{\"@context\":\"https:\\\/\\\/schema.org\",\"@graph\":[{\"@type\":\"WebPage\",\"@id\":\"https:\\\/\\\/utrera.salesianos.edu\\\/familiasalesiana\\\/archicofradia-ma-auxiliadora\\\/\",\"url\":\"https:\\\/\\\/utrera.salesianos.edu\\\/familiasalesiana\\\/archicofradia-ma-auxiliadora\\\/\",\"name\":\"Archicofrad\u00eda M\u00aa Auxiliadora - Familia Salesiana\",\"isPartOf\":{\"@id\":\"https:\\\/\\\/utrera.salesianos.edu\\\/familiasalesiana\\\/#website\"},\"datePublished\":\"2018-09-19T08:21:58+00:00\",\"dateModified\":\"2018-09-19T20:22:07+00:00\",\"breadcrumb\":{\"@id\":\"https:\\\/\\\/utrera.salesianos.edu\\\/familiasalesiana\\\/archicofradia-ma-auxiliadora\\\/#breadcrumb\"},\"inLanguage\":\"es\",\"potentialAction\":[{\"@type\":\"ReadAction\",\"target\":[\"https:\\\/\\\/utrera.salesianos.edu\\\/familiasalesiana\\\/archicofradia-ma-auxiliadora\\\/\"]}]},{\"@type\":\"BreadcrumbList\",\"@id\":\"https:\\\/\\\/utrera.salesianos.edu\\\/familiasalesiana\\\/archicofradia-ma-auxiliadora\\\/#breadcrumb\",\"itemListElement\":[{\"@type\":\"ListItem\",\"position\":1,\"name\":\"Portada\",\"item\":\"https:\\\/\\\/utrera.salesianos.edu\\\/familiasalesiana\\\/\"},{\"@type\":\"ListItem\",\"position\":2,\"name\":\"Archicofrad\u00eda M\u00aa Auxiliadora\"}]},{\"@type\":\"WebSite\",\"@id\":\"https:\\\/\\\/utrera.salesianos.edu\\\/familiasalesiana\\\/#website\",\"url\":\"https:\\\/\\\/utrera.salesianos.edu\\\/familiasalesiana\\\/\",\"name\":\"Familia Salesiana\",\"description\":\"P\u00e1gina oficial Salesianos Utrera\",\"potentialAction\":[{\"@type\":\"SearchAction\",\"target\":{\"@type\":\"EntryPoint\",\"urlTemplate\":\"https:\\\/\\\/utrera.salesianos.edu\\\/familiasalesiana\\\/?s={search_term_string}\"},\"query-input\":{\"@type\":\"PropertyValueSpecification\",\"valueRequired\":true,\"valueName\":\"search_term_string\"}}],\"inLanguage\":\"es\"}]}<\/script>\n<!-- \/ Yoast SEO plugin. -->","yoast_head_json":{"title":"Archicofrad\u00eda M\u00aa Auxiliadora - Familia Salesiana","robots":{"index":"index","follow":"follow","max-snippet":"max-snippet:-1","max-image-preview":"max-image-preview:large","max-video-preview":"max-video-preview:-1"},"canonical":"https:\/\/utrera.salesianos.edu\/familiasalesiana\/archicofradia-ma-auxiliadora\/","og_locale":"es_ES","og_type":"article","og_title":"Archicofrad\u00eda M\u00aa Auxiliadora - Familia Salesiana","og_description":"Asociaci\u00f3n de M\u00aa Auxiliadora Historia Su principal misi\u00f3n es promover y difundir \u201cEl culto al Sant\u00edsimo\u00a0Sacramento y a Mar\u00eda como Auxilio de los Cristianos\u201d. La asociaci\u00f3n de Mar\u00eda Auxiliadora es una asociaci\u00f3n p\u00fablica de\u00a0fieles que con el esp\u00edritu de Don Bosco promueve la devoci\u00f3n\u00a0peculiar mariana como instrumento de evangelizaci\u00f3n y promoci\u00f3n\u00a0de las masas populares y [&hellip;]","og_url":"https:\/\/utrera.salesianos.edu\/familiasalesiana\/archicofradia-ma-auxiliadora\/","og_site_name":"Familia Salesiana","article_modified_time":"2018-09-19T20:22:07+00:00","twitter_card":"summary_large_image","twitter_misc":{"Tiempo de lectura":"4 minutos"},"schema":{"@context":"https:\/\/schema.org","@graph":[{"@type":"WebPage","@id":"https:\/\/utrera.salesianos.edu\/familiasalesiana\/archicofradia-ma-auxiliadora\/","url":"https:\/\/utrera.salesianos.edu\/familiasalesiana\/archicofradia-ma-auxiliadora\/","name":"Archicofrad\u00eda M\u00aa Auxiliadora - Familia Salesiana","isPartOf":{"@id":"https:\/\/utrera.salesianos.edu\/familiasalesiana\/#website"},"datePublished":"2018-09-19T08:21:58+00:00","dateModified":"2018-09-19T20:22:07+00:00","breadcrumb":{"@id":"https:\/\/utrera.salesianos.edu\/familiasalesiana\/archicofradia-ma-auxiliadora\/#breadcrumb"},"inLanguage":"es","potentialAction":[{"@type":"ReadAction","target":["https:\/\/utrera.salesianos.edu\/familiasalesiana\/archicofradia-ma-auxiliadora\/"]}]},{"@type":"BreadcrumbList","@id":"https:\/\/utrera.salesianos.edu\/familiasalesiana\/archicofradia-ma-auxiliadora\/#breadcrumb","itemListElement":[{"@type":"ListItem","position":1,"name":"Portada","item":"https:\/\/utrera.salesianos.edu\/familiasalesiana\/"},{"@type":"ListItem","position":2,"name":"Archicofrad\u00eda M\u00aa Auxiliadora"}]},{"@type":"WebSite","@id":"https:\/\/utrera.salesianos.edu\/familiasalesiana\/#website","url":"https:\/\/utrera.salesianos.edu\/familiasalesiana\/","name":"Familia Salesiana","description":"P\u00e1gina oficial Salesianos Utrera","potentialAction":[{"@type":"SearchAction","target":{"@type":"EntryPoint","urlTemplate":"https:\/\/utrera.salesianos.edu\/familiasalesiana\/?s={search_term_string}"},"query-input":{"@type":"PropertyValueSpecification","valueRequired":true,"valueName":"search_term_string"}}],"inLanguage":"es"}]}},"_links":{"self":[{"href":"https:\/\/utrera.salesianos.edu\/familiasalesiana\/wp-json\/wp\/v2\/pages\/9433","targetHints":{"allow":["GET"]}}],"collection":[{"href":"https:\/\/utrera.salesianos.edu\/familiasalesiana\/wp-json\/wp\/v2\/pages"}],"about":[{"href":"https:\/\/utrera.salesianos.edu\/familiasalesiana\/wp-json\/wp\/v2\/types\/page"}],"author":[{"embeddable":true,"href":"https:\/\/utrera.salesianos.edu\/familiasalesiana\/wp-json\/wp\/v2\/users\/2"}],"replies":[{"embeddable":true,"href":"https:\/\/utrera.salesianos.edu\/familiasalesiana\/wp-json\/wp\/v2\/comments?post=9433"}],"version-history":[{"count":8,"href":"https:\/\/utrera.salesianos.edu\/familiasalesiana\/wp-json\/wp\/v2\/pages\/9433\/revisions"}],"predecessor-version":[{"id":9479,"href":"https:\/\/utrera.salesianos.edu\/familiasalesiana\/wp-json\/wp\/v2\/pages\/9433\/revisions\/9479"}],"wp:attachment":[{"href":"https:\/\/utrera.salesianos.edu\/familiasalesiana\/wp-json\/wp\/v2\/media?parent=9433"}],"curies":[{"name":"wp","href":"https:\/\/api.w.org\/{rel}","templated":true}]}}