{"id":10067,"date":"2019-04-25T21:32:41","date_gmt":"2019-04-25T19:32:41","guid":{"rendered":"https:\/\/utrera.salesianos.edu\/jovenesendificultad\/?page_id=10067"},"modified":"2019-04-26T13:08:11","modified_gmt":"2019-04-26T11:08:11","slug":"calidad-y-codigo-etico","status":"publish","type":"page","link":"https:\/\/utrera.salesianos.edu\/jovenesendificultad\/calidad-y-codigo-etico\/","title":{"rendered":"Principios de actuaci\u00f3n y c\u00f3digo \u00e9tico"},"content":{"rendered":"<div id=\"fb-root\"><\/div>\n<p>[et_pb_section fb_built=\u00bb1&#8243; fullwidth=\u00bbon\u00bb _builder_version=\u00bb3.22.3&#8243;][et_pb_fullwidth_header title=\u00bbPrincipios de actuaci\u00f3n y c\u00f3digos \u00e9ticos\u00bb subhead=\u00bbBuenas practicas\u00bb text_orientation=\u00bbright\u00bb background_overlay_color=\u00bbrgba(224,43,32,0.8)\u00bb _builder_version=\u00bb3.22.4&#8243; title_font=\u00bbLato||||||||\u00bb title_font_size=\u00bb50&#8243; content_font=\u00bbLato||||||||\u00bb content_font_size=\u00bb20&#8243; background_image=\u00bbhttps:\/\/utrera.salesianos.edu\/jovenesendificultad\/wp-content\/uploads\/sites\/5\/2018\/09\/36039351_213217882732237_8144497005381550080_n.jpg\u00bb button_one_text_size__hover_enabled=\u00bboff\u00bb button_one_text_size__hover=\u00bbnull\u00bb button_two_text_size__hover_enabled=\u00bboff\u00bb button_two_text_size__hover=\u00bbnull\u00bb button_one_text_color__hover_enabled=\u00bboff\u00bb button_one_text_color__hover=\u00bbnull\u00bb button_two_text_color__hover_enabled=\u00bboff\u00bb button_two_text_color__hover=\u00bbnull\u00bb button_one_border_width__hover_enabled=\u00bboff\u00bb button_one_border_width__hover=\u00bbnull\u00bb button_two_border_width__hover_enabled=\u00bboff\u00bb button_two_border_width__hover=\u00bbnull\u00bb button_one_border_color__hover_enabled=\u00bboff\u00bb button_one_border_color__hover=\u00bbnull\u00bb button_two_border_color__hover_enabled=\u00bboff\u00bb button_two_border_color__hover=\u00bbnull\u00bb button_one_border_radius__hover_enabled=\u00bboff\u00bb button_one_border_radius__hover=\u00bbnull\u00bb button_two_border_radius__hover_enabled=\u00bboff\u00bb button_two_border_radius__hover=\u00bbnull\u00bb button_one_letter_spacing__hover_enabled=\u00bboff\u00bb button_one_letter_spacing__hover=\u00bbnull\u00bb button_two_letter_spacing__hover_enabled=\u00bboff\u00bb button_two_letter_spacing__hover=\u00bbnull\u00bb button_one_bg_color__hover_enabled=\u00bboff\u00bb button_one_bg_color__hover=\u00bbnull\u00bb button_two_bg_color__hover_enabled=\u00bboff\u00bb button_two_bg_color__hover=\u00bbnull\u00bb][\/et_pb_fullwidth_header][\/et_pb_section][et_pb_section fb_built=\u00bb1&#8243; _builder_version=\u00bb3.22.3&#8243;][et_pb_row _builder_version=\u00bb3.22.4&#8243; background_size=\u00bbinitial\u00bb background_position=\u00bbtop_left\u00bb background_repeat=\u00bbrepeat\u00bb][et_pb_column type=\u00bb3_5&#8243; _builder_version=\u00bb3.0.47&#8243;][et_pb_text _builder_version=\u00bb3.22.4&#8243; text_font=\u00bbLato||||||||\u00bb text_font_size=\u00bb15&#8243; text_line_height=\u00bb1.5em\u00bb header_text_color=\u00bb#e02b20&#8243;]<\/p>\n<h1 class=\"et_pb_module et_pb_text et_pb_text_2 et_pb_bg_layout_light et_pb_text_align_left\">Presentaci\u00f3n<\/h1>\n<div class=\"et_pb_module et_pb_cta_0 et_pb_promo et_pb_bg_layout_light et_pb_text_align_left et_pb_no_bg\">\n<p style=\"text-align: justify\">Las Organizaciones de Voluntariado han experimentado en los \u00faltimos a\u00f1os un aumento significativo, tanto cuantitativa como cualitativamente, como expresi\u00f3n del crecimiento del sentimiento de solidaridad en la sociedad civil y como respuesta a las necesidades sociales, desde un compromiso compartido con el Estado, el sector privado y las ONG. En particular, desde al \u00e1mbito salesiano queremos priorizar la respuesta a la infancia y la juventud, en especial a los\/las m\u00e1s necesitados\/as.<\/p>\n<p style=\"text-align: justify\">Desde la Asociaci\u00f3n Juvenil Aldaba, valorando el voluntariado como espacio de encuentro para compartir los valores que representa formar parte de una organizaci\u00f3n de voluntariado con estilo salesiano, se inici\u00f3 un proceso de reflexi\u00f3n en torno a la idea de elaborar un c\u00f3digo de conducta, como instrumento de reflexi\u00f3n y gu\u00eda para la acci\u00f3n, dotando de calidad nuestra labor como voluntarios con el estilo que Don Bosco nos dej\u00f3 y sobre todo, para responder a la confianza que las familias y la sociedad depositan en nosotros y en nuestras asociaciones.<\/p>\n<p style=\"text-align: justify\">La actuaci\u00f3n de un grupo tan heterog\u00e9neo est\u00e1 guiada por un prop\u00f3sito com\u00fan, la satisfacci\u00f3n de las necesidades de los beneficiarios conforme a sus fines, ya sean \u00e9stas individuales o colectivas.<\/p>\n<\/div>\n<p>[\/et_pb_text][\/et_pb_column][et_pb_column type=\u00bb2_5&#8243; _builder_version=\u00bb3.0.47&#8243;][et_pb_image src=\u00bbhttps:\/\/utrera.salesianos.edu\/jovenesendificultad\/wp-content\/uploads\/sites\/5\/2018\/09\/atenci\u00f3n.png\u00bb align=\u00bbcenter\u00bb force_fullwidth=\u00bbon\u00bb _builder_version=\u00bb3.22.4&#8243; border_radii=\u00bbon|20px|20px|20px|20px\u00bb border_color_all=\u00bb#ff0a0a\u00bb border_style_all=\u00bbnone\u00bb module_alignment=\u00bbright\u00bb custom_padding=\u00bb|||68px||\u00bb animation_style=\u00bbslide\u00bb animation_direction=\u00bbright\u00bb][\/et_pb_image][et_pb_image src=\u00bbhttps:\/\/utrera.salesianos.edu\/jovenesendificultad\/wp-content\/uploads\/sites\/5\/2018\/10\/20181001_172843.jpg\u00bb align=\u00bbcenter\u00bb force_fullwidth=\u00bbon\u00bb _builder_version=\u00bb3.22.4&#8243; border_radii=\u00bbon|20px|20px|20px|20px\u00bb border_color_all=\u00bb#ff0a0a\u00bb border_style_all=\u00bbnone\u00bb module_alignment=\u00bbright\u00bb custom_padding=\u00bb|||68px||\u00bb animation_style=\u00bbslide\u00bb animation_direction=\u00bbright\u00bb][\/et_pb_image][\/et_pb_column][\/et_pb_row][\/et_pb_section][et_pb_section fb_built=\u00bb1&#8243; _builder_version=\u00bb3.22.3&#8243;][et_pb_row _builder_version=\u00bb3.22.4&#8243;][et_pb_column type=\u00bb4_4&#8243; _builder_version=\u00bb3.22.4&#8243;][et_pb_text _builder_version=\u00bb3.22.4&#8243; text_font=\u00bbPacifico||||||||\u00bb text_text_color=\u00bb#ffffff\u00bb text_font_size=\u00bb29px\u00bb background_color=\u00bb#e02b20&#8243; border_radii=\u00bbon|23px|23px|23px|23px\u00bb text_orientation=\u00bbcenter\u00bb]<\/p>\n<p style=\"text-align: center\">\n<p style=\"text-align: center\">Documentos relacionados<\/p>\n<p>[\/et_pb_text][\/et_pb_column][\/et_pb_row][et_pb_row _builder_version=\u00bb3.22.4&#8243;][et_pb_column type=\u00bb1_5&#8243; _builder_version=\u00bb3.22.4&#8243;][et_pb_blurb title=\u00bbC\u00f3digo \u00e9tico Voluntariado\u00bb url=\u00bbhttps:\/\/www.ucm.es\/data\/cont\/docs\/1355-2017-10-10-1355-2017-03-03-codig-etico-voluntarios_2000.pdf\u00bb url_new_window=\u00bbon\u00bb use_icon=\u00bbon\u00bb font_icon=\u00bb%%57%%\u00bb use_circle=\u00bbon\u00bb use_circle_border=\u00bbon\u00bb use_icon_font_size=\u00bbon\u00bb _builder_version=\u00bb3.22.4&#8243; header_font=\u00bb||||||||\u00bb header_level=\u00bbh2&#8243; header_text_align=\u00bbcenter\u00bb header_text_color=\u00bb#000000&#8243; icon_color=\u00bb#7cda24&#8243; circle_color=\u00bb#ffffff\u00bb circle_border_color=\u00bb#a0a0a0&#8243;][\/et_pb_blurb][\/et_pb_column][et_pb_column type=\u00bb1_5&#8243; _builder_version=\u00bb3.22.4&#8243;][et_pb_blurb title=\u00bbC\u00f3digo de conducta de referencia\u00bb url=\u00bbhttps:\/\/drive.google.com\/open?id=1U9cJOHk10oh93iC7rzFKH0VzZuls2B2X\u00bb url_new_window=\u00bbon\u00bb use_icon=\u00bbon\u00bb font_icon=\u00bb%%86%%\u00bb use_circle=\u00bbon\u00bb use_circle_border=\u00bbon\u00bb use_icon_font_size=\u00bbon\u00bb _builder_version=\u00bb3.22.4&#8243; header_font=\u00bb||||||||\u00bb header_level=\u00bbh2&#8243; header_text_align=\u00bbcenter\u00bb header_text_color=\u00bb#000000&#8243; icon_color=\u00bb#7cda24&#8243; circle_color=\u00bb#ffffff\u00bb circle_border_color=\u00bb#a0a0a0&#8243;][\/et_pb_blurb][\/et_pb_column][et_pb_column type=\u00bb1_5&#8243; _builder_version=\u00bb3.22.4&#8243;][et_pb_blurb title=\u00bbPlan General de Voluntariado\u00bb url=\u00bbhttps:\/\/drive.google.com\/open?id=1O5IgWR2mZ5w79HIdDm632K_SyRrOXOuW\u00bb url_new_window=\u00bbon\u00bb use_icon=\u00bbon\u00bb font_icon=\u00bb%%141%%\u00bb use_circle=\u00bbon\u00bb use_circle_border=\u00bbon\u00bb use_icon_font_size=\u00bbon\u00bb _builder_version=\u00bb3.22.4&#8243; header_font=\u00bb||||||||\u00bb header_level=\u00bbh2&#8243; header_text_align=\u00bbcenter\u00bb header_text_color=\u00bb#000000&#8243; icon_color=\u00bb#7cda24&#8243; circle_color=\u00bb#ffffff\u00bb circle_border_color=\u00bb#a0a0a0&#8243;][\/et_pb_blurb][\/et_pb_column][et_pb_column type=\u00bb1_5&#8243; _builder_version=\u00bb3.22.4&#8243;][et_pb_blurb title=\u00bbPol\u00edtica de obtenci\u00f3n de fondos\u00a0\u00bb url=\u00bbhttps:\/\/drive.google.com\/open?id=1wmGki26oSz15ZZ7VuyuuoJEH53Ai0cms\u00bb url_new_window=\u00bbon\u00bb use_icon=\u00bbon\u00bb font_icon=\u00bb%%155%%\u00bb use_circle=\u00bbon\u00bb use_circle_border=\u00bbon\u00bb use_icon_font_size=\u00bbon\u00bb _builder_version=\u00bb3.22.4&#8243; header_font=\u00bb||||||||\u00bb header_level=\u00bbh2&#8243; header_text_align=\u00bbcenter\u00bb header_text_color=\u00bb#000000&#8243; icon_color=\u00bb#7cda24&#8243; circle_color=\u00bb#ffffff\u00bb circle_border_color=\u00bb#a0a0a0&#8243;][\/et_pb_blurb][\/et_pb_column][et_pb_column type=\u00bb1_5&#8243; _builder_version=\u00bb3.22.4&#8243;][et_pb_blurb title=\u00bbBuenas practicas ambientales\u00bb url=\u00bbhttps:\/\/drive.google.com\/open?id=1H6vVLi1IqEUn4xGJMOxhdXMp4RTRpMn2&#8243; url_new_window=\u00bbon\u00bb use_icon=\u00bbon\u00bb font_icon=\u00bb%%164%%\u00bb use_circle=\u00bbon\u00bb use_circle_border=\u00bbon\u00bb use_icon_font_size=\u00bbon\u00bb _builder_version=\u00bb3.22.4&#8243; header_font=\u00bb||||||||\u00bb header_level=\u00bbh2&#8243; header_text_align=\u00bbcenter\u00bb header_text_color=\u00bb#000000&#8243; icon_color=\u00bb#7cda24&#8243; circle_color=\u00bb#ffffff\u00bb circle_border_color=\u00bb#a0a0a0&#8243;][\/et_pb_blurb][\/et_pb_column][\/et_pb_row][\/et_pb_section]<\/p>\n","protected":false},"excerpt":{"rendered":"<p>Presentaci\u00f3n Las Organizaciones de Voluntariado han experimentado en los \u00faltimos a\u00f1os un aumento significativo, tanto cuantitativa como cualitativamente, como expresi\u00f3n del crecimiento del sentimiento de solidaridad en la sociedad civil y como respuesta a las necesidades sociales, desde un compromiso compartido con el Estado, el sector privado y las ONG. En particular, desde al \u00e1mbito [&hellip;]<\/p>\n","protected":false},"author":5,"featured_media":0,"parent":0,"menu_order":0,"comment_status":"closed","ping_status":"closed","template":"","meta":{"_et_pb_use_builder":"on","_et_pb_old_content":"","_et_gb_content_width":"","footnotes":""},"class_list":["post-10067","page","type-page","status-publish","hentry"],"yoast_head":"<!-- This site is optimized with the Yoast SEO plugin v27.4 - https:\/\/yoast.com\/product\/yoast-seo-wordpress\/ -->\n<title>Principios de actuaci\u00f3n y c\u00f3digo \u00e9tico - Proyecto Oberti<\/title>\n<meta name=\"robots\" content=\"index, follow, max-snippet:-1, max-image-preview:large, max-video-preview:-1\" \/>\n<link rel=\"canonical\" href=\"https:\/\/utrera.salesianos.edu\/jovenesendificultad\/calidad-y-codigo-etico\/\" \/>\n<meta property=\"og:locale\" content=\"es_ES\" \/>\n<meta property=\"og:type\" content=\"article\" \/>\n<meta property=\"og:title\" content=\"Principios de actuaci\u00f3n y c\u00f3digo \u00e9tico - Proyecto Oberti\" \/>\n<meta property=\"og:description\" content=\"Presentaci\u00f3n Las Organizaciones de Voluntariado han experimentado en los \u00faltimos a\u00f1os un aumento significativo, tanto cuantitativa como cualitativamente, como expresi\u00f3n del crecimiento del sentimiento de solidaridad en la sociedad civil y como respuesta a las necesidades sociales, desde un compromiso compartido con el Estado, el sector privado y las ONG. En particular, desde al \u00e1mbito [&hellip;]\" \/>\n<meta property=\"og:url\" content=\"https:\/\/utrera.salesianos.edu\/jovenesendificultad\/calidad-y-codigo-etico\/\" \/>\n<meta property=\"og:site_name\" content=\"Proyecto Oberti\" \/>\n<meta property=\"article:modified_time\" content=\"2019-04-26T11:08:11+00:00\" \/>\n<meta name=\"twitter:card\" content=\"summary_large_image\" \/>\n<meta name=\"twitter:label1\" content=\"Tiempo de lectura\" \/>\n\t<meta name=\"twitter:data1\" content=\"6 minutos\" \/>\n<script type=\"application\/ld+json\" class=\"yoast-schema-graph\">{\"@context\":\"https:\\\/\\\/schema.org\",\"@graph\":[{\"@type\":\"WebPage\",\"@id\":\"https:\\\/\\\/utrera.salesianos.edu\\\/jovenesendificultad\\\/calidad-y-codigo-etico\\\/\",\"url\":\"https:\\\/\\\/utrera.salesianos.edu\\\/jovenesendificultad\\\/calidad-y-codigo-etico\\\/\",\"name\":\"Principios de actuaci\u00f3n y c\u00f3digo \u00e9tico - Proyecto Oberti\",\"isPartOf\":{\"@id\":\"https:\\\/\\\/utrera.salesianos.edu\\\/jovenesendificultad\\\/#website\"},\"datePublished\":\"2019-04-25T19:32:41+00:00\",\"dateModified\":\"2019-04-26T11:08:11+00:00\",\"breadcrumb\":{\"@id\":\"https:\\\/\\\/utrera.salesianos.edu\\\/jovenesendificultad\\\/calidad-y-codigo-etico\\\/#breadcrumb\"},\"inLanguage\":\"es\",\"potentialAction\":[{\"@type\":\"ReadAction\",\"target\":[\"https:\\\/\\\/utrera.salesianos.edu\\\/jovenesendificultad\\\/calidad-y-codigo-etico\\\/\"]}]},{\"@type\":\"BreadcrumbList\",\"@id\":\"https:\\\/\\\/utrera.salesianos.edu\\\/jovenesendificultad\\\/calidad-y-codigo-etico\\\/#breadcrumb\",\"itemListElement\":[{\"@type\":\"ListItem\",\"position\":1,\"name\":\"Portada\",\"item\":\"https:\\\/\\\/utrera.salesianos.edu\\\/jovenesendificultad\\\/\"},{\"@type\":\"ListItem\",\"position\":2,\"name\":\"Principios de actuaci\u00f3n y c\u00f3digo \u00e9tico\"}]},{\"@type\":\"WebSite\",\"@id\":\"https:\\\/\\\/utrera.salesianos.edu\\\/jovenesendificultad\\\/#website\",\"url\":\"https:\\\/\\\/utrera.salesianos.edu\\\/jovenesendificultad\\\/\",\"name\":\"Proyecto Oberti\",\"description\":\"Pagina oficial del Proyecto Oberti de la Obra Salesiana en Utrera.\",\"potentialAction\":[{\"@type\":\"SearchAction\",\"target\":{\"@type\":\"EntryPoint\",\"urlTemplate\":\"https:\\\/\\\/utrera.salesianos.edu\\\/jovenesendificultad\\\/?s={search_term_string}\"},\"query-input\":{\"@type\":\"PropertyValueSpecification\",\"valueRequired\":true,\"valueName\":\"search_term_string\"}}],\"inLanguage\":\"es\"}]}<\/script>\n<!-- \/ Yoast SEO plugin. -->","yoast_head_json":{"title":"Principios de actuaci\u00f3n y c\u00f3digo \u00e9tico - Proyecto Oberti","robots":{"index":"index","follow":"follow","max-snippet":"max-snippet:-1","max-image-preview":"max-image-preview:large","max-video-preview":"max-video-preview:-1"},"canonical":"https:\/\/utrera.salesianos.edu\/jovenesendificultad\/calidad-y-codigo-etico\/","og_locale":"es_ES","og_type":"article","og_title":"Principios de actuaci\u00f3n y c\u00f3digo \u00e9tico - Proyecto Oberti","og_description":"Presentaci\u00f3n Las Organizaciones de Voluntariado han experimentado en los \u00faltimos a\u00f1os un aumento significativo, tanto cuantitativa como cualitativamente, como expresi\u00f3n del crecimiento del sentimiento de solidaridad en la sociedad civil y como respuesta a las necesidades sociales, desde un compromiso compartido con el Estado, el sector privado y las ONG. En particular, desde al \u00e1mbito [&hellip;]","og_url":"https:\/\/utrera.salesianos.edu\/jovenesendificultad\/calidad-y-codigo-etico\/","og_site_name":"Proyecto Oberti","article_modified_time":"2019-04-26T11:08:11+00:00","twitter_card":"summary_large_image","twitter_misc":{"Tiempo de lectura":"6 minutos"},"schema":{"@context":"https:\/\/schema.org","@graph":[{"@type":"WebPage","@id":"https:\/\/utrera.salesianos.edu\/jovenesendificultad\/calidad-y-codigo-etico\/","url":"https:\/\/utrera.salesianos.edu\/jovenesendificultad\/calidad-y-codigo-etico\/","name":"Principios de actuaci\u00f3n y c\u00f3digo \u00e9tico - Proyecto Oberti","isPartOf":{"@id":"https:\/\/utrera.salesianos.edu\/jovenesendificultad\/#website"},"datePublished":"2019-04-25T19:32:41+00:00","dateModified":"2019-04-26T11:08:11+00:00","breadcrumb":{"@id":"https:\/\/utrera.salesianos.edu\/jovenesendificultad\/calidad-y-codigo-etico\/#breadcrumb"},"inLanguage":"es","potentialAction":[{"@type":"ReadAction","target":["https:\/\/utrera.salesianos.edu\/jovenesendificultad\/calidad-y-codigo-etico\/"]}]},{"@type":"BreadcrumbList","@id":"https:\/\/utrera.salesianos.edu\/jovenesendificultad\/calidad-y-codigo-etico\/#breadcrumb","itemListElement":[{"@type":"ListItem","position":1,"name":"Portada","item":"https:\/\/utrera.salesianos.edu\/jovenesendificultad\/"},{"@type":"ListItem","position":2,"name":"Principios de actuaci\u00f3n y c\u00f3digo \u00e9tico"}]},{"@type":"WebSite","@id":"https:\/\/utrera.salesianos.edu\/jovenesendificultad\/#website","url":"https:\/\/utrera.salesianos.edu\/jovenesendificultad\/","name":"Proyecto Oberti","description":"Pagina oficial del Proyecto Oberti de la Obra Salesiana en Utrera.","potentialAction":[{"@type":"SearchAction","target":{"@type":"EntryPoint","urlTemplate":"https:\/\/utrera.salesianos.edu\/jovenesendificultad\/?s={search_term_string}"},"query-input":{"@type":"PropertyValueSpecification","valueRequired":true,"valueName":"search_term_string"}}],"inLanguage":"es"}]}},"_links":{"self":[{"href":"https:\/\/utrera.salesianos.edu\/jovenesendificultad\/wp-json\/wp\/v2\/pages\/10067","targetHints":{"allow":["GET"]}}],"collection":[{"href":"https:\/\/utrera.salesianos.edu\/jovenesendificultad\/wp-json\/wp\/v2\/pages"}],"about":[{"href":"https:\/\/utrera.salesianos.edu\/jovenesendificultad\/wp-json\/wp\/v2\/types\/page"}],"author":[{"embeddable":true,"href":"https:\/\/utrera.salesianos.edu\/jovenesendificultad\/wp-json\/wp\/v2\/users\/5"}],"replies":[{"embeddable":true,"href":"https:\/\/utrera.salesianos.edu\/jovenesendificultad\/wp-json\/wp\/v2\/comments?post=10067"}],"version-history":[{"count":11,"href":"https:\/\/utrera.salesianos.edu\/jovenesendificultad\/wp-json\/wp\/v2\/pages\/10067\/revisions"}],"predecessor-version":[{"id":10088,"href":"https:\/\/utrera.salesianos.edu\/jovenesendificultad\/wp-json\/wp\/v2\/pages\/10067\/revisions\/10088"}],"wp:attachment":[{"href":"https:\/\/utrera.salesianos.edu\/jovenesendificultad\/wp-json\/wp\/v2\/media?parent=10067"}],"curies":[{"name":"wp","href":"https:\/\/api.w.org\/{rel}","templated":true}]}}