{"id":9428,"date":"2018-08-30T16:27:55","date_gmt":"2018-08-30T14:27:55","guid":{"rendered":"http:\/\/utrera.salesianos.edu\/jovenesendificultad\/?page_id=9428"},"modified":"2025-05-07T11:24:14","modified_gmt":"2025-05-07T09:24:14","slug":"saludo-oberti","status":"publish","type":"page","link":"https:\/\/utrera.salesianos.edu\/jovenesendificultad\/saludo-oberti\/","title":{"rendered":"Saludo de la coordinadora"},"content":{"rendered":"<div id=\"fb-root\"><\/div>\n<p>[et_pb_section fb_built=\u00bb1&#8243; fullwidth=\u00bbon\u00bb _builder_version=\u00bb4.16&#8243; global_colors_info=\u00bb{}\u00bb][et_pb_fullwidth_header title=\u00bbSALUDO DEL COORDINADOR\u00bb text_orientation=\u00bbright\u00bb module_class=\u00bbpagina-imagen-cabecera\u00bb _builder_version=\u00bb4.27.0&#8243; title_font=\u00bbLato||||||||\u00bb title_text_align=\u00bbright\u00bb title_text_color=\u00bb#ffffff\u00bb title_font_size=\u00bb15px\u00bb background_color=\u00bbrgba(255, 255, 255, 0)\u00bb background_image=\u00bbhttp:\/\/alicante.salesianos.edu\/wp-content\/uploads\/2017\/05\/encabezado_noticias_casa-min.png\u00bb parallax=\u00bbon\u00bb max_width_tablet=\u00bb50px\u00bb title_text_shadow_style=\u00bbpreset3&#8243; title_text_shadow_color=\u00bbrgba(255,255,255,0)\u00bb content_text_shadow_style=\u00bbpreset3&#8243; text_shadow_style=\u00bbpreset3&#8243; saved_tabs=\u00bball\u00bb global_colors_info=\u00bb{}\u00bb button_one_text_size__hover_enabled=\u00bboff\u00bb button_two_text_size__hover_enabled=\u00bboff\u00bb button_one_text_color__hover_enabled=\u00bboff\u00bb button_two_text_color__hover_enabled=\u00bboff\u00bb button_one_border_width__hover_enabled=\u00bboff\u00bb button_two_border_width__hover_enabled=\u00bboff\u00bb button_one_border_color__hover_enabled=\u00bboff\u00bb button_two_border_color__hover_enabled=\u00bboff\u00bb button_one_border_radius__hover_enabled=\u00bboff\u00bb button_two_border_radius__hover_enabled=\u00bboff\u00bb button_one_letter_spacing__hover_enabled=\u00bboff\u00bb button_two_letter_spacing__hover_enabled=\u00bboff\u00bb button_one_bg_color__hover_enabled=\u00bboff\u00bb button_two_bg_color__hover_enabled=\u00bboff\u00bb][\/et_pb_fullwidth_header][\/et_pb_section][et_pb_section fb_built=\u00bb1&#8243; admin_label=\u00bbsection\u00bb _builder_version=\u00bb4.16&#8243; global_colors_info=\u00bb{}\u00bb][et_pb_row column_structure=\u00bb1_4,3_4&#8243; _builder_version=\u00bb4.16&#8243; custom_margin=\u00bb25px|||\u00bb custom_padding=\u00bb25px|||\u00bb global_colors_info=\u00bb{}\u00bb][et_pb_column type=\u00bb1_4&#8243; _builder_version=\u00bb4.16&#8243; custom_padding=\u00bb|||\u00bb global_colors_info=\u00bb{}\u00bb custom_padding__hover=\u00bb|||\u00bb][et_pb_image src=\u00bbhttps:\/\/utrera.salesianos.edu\/jovenesendificultad\/wp-content\/uploads\/sites\/5\/2025\/05\/Captura-de-pantalla-2025-05-07-112242.png\u00bb alt=\u00bbRosendo Soler Mir\u00f3\u00bb title_text=\u00bbCaptura de pantalla 2025-05-07 112242&#8243; admin_label=\u00bbFoto (Imagen)\u00bb _builder_version=\u00bb4.27.4&#8243; animation_style=\u00bbslide\u00bb animation_direction=\u00bbleft\u00bb animation_duration=\u00bb500ms\u00bb animation_intensity_slide=\u00bb10%\u00bb hover_enabled=\u00bb0&#8243; always_center_on_mobile=\u00bboff\u00bb global_colors_info=\u00bb{}\u00bb sticky_enabled=\u00bb0&#8243;][\/et_pb_image][et_pb_text _builder_version=\u00bb4.16&#8243; text_font=\u00bbLato||||\u00bb text_text_color=\u00bb#e02b20&#8243; text_font_size=\u00bb17px\u00bb header_font=\u00bbLato||||\u00bb custom_margin=\u00bb|||\u00bb custom_padding=\u00bb1px|||\u00bb global_colors_info=\u00bb{}\u00bb]<\/p>\n<p>Atenci\u00f3n al p\u00fablico<\/p>\n<p>[\/et_pb_text][et_pb_text _builder_version=\u00bb4.16&#8243; text_font=\u00bbLato Light||||\u00bb text_font_size=\u00bb13px\u00bb text_line_height=\u00bb1.3em\u00bb header_font=\u00bbLato||||\u00bb custom_margin=\u00bb-10px|||\u00bb global_colors_info=\u00bb{}\u00bb]Tel\u00e9fono de contacto | 644 37 58 29<\/p>\n<p>proyectooberti.utrera@salesianos.edu<br \/>\n[\/et_pb_text][\/et_pb_column][et_pb_column type=\u00bb3_4&#8243; _builder_version=\u00bb4.16&#8243; custom_padding=\u00bb|||\u00bb global_colors_info=\u00bb{}\u00bb custom_padding__hover=\u00bb|||\u00bb][et_pb_text _builder_version=\u00bb4.16&#8243; text_font=\u00bbLato Light||||\u00bb custom_margin=\u00bb10px|||\u00bb global_colors_info=\u00bb{}\u00bb]<\/p>\n<h1>Queridos amigos y amigas,<\/h1>\n<p>[\/et_pb_text][et_pb_text _builder_version=\u00bb4.27.0&#8243; text_orientation=\u00bbjustified\u00bb global_colors_info=\u00bb{}\u00bb]<\/p>\n<p>Me llamo Adri\u00e1n Rodr\u00edguez Reina y soy el Coordinador del Proyecto Oberti, de la Casa Salesiana de Utrera. Desde Oberti ofrecemos una respuesta conjunta a las necesidades de los j\u00f3venes de Utrera que se encuentran en situaci\u00f3n de exclusi\u00f3n social. Este proyecto forma parte de la Asociaci\u00f3n Juvenil Aldaba.<\/p>\n<p>Nuestro trabajo sigue creciendo, y esto es posible, en primer lugar, gracias a la Familia Salesiana de Utrera, que cada d\u00eda mantiene viva la llama del carisma de Don Bosco y apuesta firmemente por la educaci\u00f3n de los m\u00e1s vulnerables.<\/p>\n<p>Nos inspira, como siempre, la experiencia educativo-pastoral de Don Bosco: su entrega incondicional a los j\u00f3venes m\u00e1s necesitados, su valent\u00eda y optimismo, su fe en Dios y en Mar\u00eda Auxiliadora, su intuici\u00f3n pedag\u00f3gica, y su manera \u00fanica de educar desde el afecto y la atenci\u00f3n personal.<\/p>\n<p>Con ese esp\u00edritu, nuestro proyecto quiere seguir haciendo presente el carisma salesiano del oratorio, tejiendo redes en el tejido social utrerano y promoviendo una igualdad de oportunidades real para la juventud.<\/p>\n<p>Os animo a seguir colaborando con nosotros, ya sea con vuestro apoyo econ\u00f3mico o regalando algo a\u00fan m\u00e1s valioso: vuestro tiempo como voluntarios. Tambi\u00e9n os invito a visitar nuestras instalaciones y conocer de cerca nuestra labor diaria.<\/p>\n<p>Recibid un fuerte abrazo,<\/p>\n<p>Adri\u00e1n\u00a0Rodr\u00edguez\u00a0Reina<\/p>\n<p>[\/et_pb_text][et_pb_text _builder_version=\u00bb4.27.4&#8243; text_font=\u00bbLato||||\u00bb text_text_color=\u00bb#e02b20&#8243; text_font_size=\u00bb20px\u00bb text_orientation=\u00bbright\u00bb module_alignment=\u00bbright\u00bb hover_enabled=\u00bb0&#8243; global_colors_info=\u00bb{}\u00bb sticky_enabled=\u00bb0&#8243;]<\/p>\n<p>Adri\u00e1n\u00a0Rodr\u00edguez\u00a0Reina<\/p>\n<p>[\/et_pb_text][et_pb_text _builder_version=\u00bb4.27.4&#8243; text_font=\u00bbLato Light||||\u00bb text_font_size=\u00bb17px\u00bb text_orientation=\u00bbright\u00bb module_alignment=\u00bbright\u00bb hover_enabled=\u00bb0&#8243; global_colors_info=\u00bb{}\u00bb sticky_enabled=\u00bb0&#8243;]<\/p>\n<p>Coordinador del Proyecto Oberti<\/p>\n<p>[\/et_pb_text][\/et_pb_column][\/et_pb_row][\/et_pb_section]<\/p>\n","protected":false},"excerpt":{"rendered":"<p>Atenci\u00f3n al p\u00fablicoTel\u00e9fono de contacto | 644 37 58 29 proyectooberti.utrera@salesianos.edu Queridos amigos y amigas, Me llamo Adri\u00e1n Rodr\u00edguez Reina y soy el Coordinador del Proyecto Oberti, de la Casa Salesiana de Utrera. Desde Oberti ofrecemos una respuesta conjunta a las necesidades de los j\u00f3venes de Utrera que se encuentran en situaci\u00f3n de exclusi\u00f3n social. [&hellip;]<\/p>\n","protected":false},"author":5,"featured_media":0,"parent":0,"menu_order":0,"comment_status":"closed","ping_status":"closed","template":"","meta":{"_et_pb_use_builder":"on","_et_pb_old_content":"","_et_gb_content_width":"","footnotes":""},"class_list":["post-9428","page","type-page","status-publish","hentry"],"yoast_head":"<!-- This site is optimized with the Yoast SEO plugin v27.4 - https:\/\/yoast.com\/product\/yoast-seo-wordpress\/ -->\n<title>Saludo de la coordinadora - Proyecto Oberti<\/title>\n<meta name=\"robots\" content=\"index, follow, max-snippet:-1, max-image-preview:large, max-video-preview:-1\" \/>\n<link rel=\"canonical\" href=\"https:\/\/utrera.salesianos.edu\/jovenesendificultad\/saludo-oberti\/\" \/>\n<meta property=\"og:locale\" content=\"es_ES\" \/>\n<meta property=\"og:type\" content=\"article\" \/>\n<meta property=\"og:title\" content=\"Saludo de la coordinadora - Proyecto Oberti\" \/>\n<meta property=\"og:description\" content=\"Atenci\u00f3n al p\u00fablicoTel\u00e9fono de contacto | 644 37 58 29 proyectooberti.utrera@salesianos.edu Queridos amigos y amigas, Me llamo Adri\u00e1n Rodr\u00edguez Reina y soy el Coordinador del Proyecto Oberti, de la Casa Salesiana de Utrera. Desde Oberti ofrecemos una respuesta conjunta a las necesidades de los j\u00f3venes de Utrera que se encuentran en situaci\u00f3n de exclusi\u00f3n social. [&hellip;]\" \/>\n<meta property=\"og:url\" content=\"https:\/\/utrera.salesianos.edu\/jovenesendificultad\/saludo-oberti\/\" \/>\n<meta property=\"og:site_name\" content=\"Proyecto Oberti\" \/>\n<meta property=\"article:modified_time\" content=\"2025-05-07T09:24:14+00:00\" \/>\n<meta name=\"twitter:card\" content=\"summary_large_image\" \/>\n<meta name=\"twitter:label1\" content=\"Tiempo de lectura\" \/>\n\t<meta name=\"twitter:data1\" content=\"2 minutos\" \/>\n<script type=\"application\/ld+json\" class=\"yoast-schema-graph\">{\"@context\":\"https:\\\/\\\/schema.org\",\"@graph\":[{\"@type\":\"WebPage\",\"@id\":\"https:\\\/\\\/utrera.salesianos.edu\\\/jovenesendificultad\\\/saludo-oberti\\\/\",\"url\":\"https:\\\/\\\/utrera.salesianos.edu\\\/jovenesendificultad\\\/saludo-oberti\\\/\",\"name\":\"Saludo de la coordinadora - Proyecto Oberti\",\"isPartOf\":{\"@id\":\"https:\\\/\\\/utrera.salesianos.edu\\\/jovenesendificultad\\\/#website\"},\"datePublished\":\"2018-08-30T14:27:55+00:00\",\"dateModified\":\"2025-05-07T09:24:14+00:00\",\"breadcrumb\":{\"@id\":\"https:\\\/\\\/utrera.salesianos.edu\\\/jovenesendificultad\\\/saludo-oberti\\\/#breadcrumb\"},\"inLanguage\":\"es\",\"potentialAction\":[{\"@type\":\"ReadAction\",\"target\":[\"https:\\\/\\\/utrera.salesianos.edu\\\/jovenesendificultad\\\/saludo-oberti\\\/\"]}]},{\"@type\":\"BreadcrumbList\",\"@id\":\"https:\\\/\\\/utrera.salesianos.edu\\\/jovenesendificultad\\\/saludo-oberti\\\/#breadcrumb\",\"itemListElement\":[{\"@type\":\"ListItem\",\"position\":1,\"name\":\"Portada\",\"item\":\"https:\\\/\\\/utrera.salesianos.edu\\\/jovenesendificultad\\\/\"},{\"@type\":\"ListItem\",\"position\":2,\"name\":\"Saludo de la coordinadora\"}]},{\"@type\":\"WebSite\",\"@id\":\"https:\\\/\\\/utrera.salesianos.edu\\\/jovenesendificultad\\\/#website\",\"url\":\"https:\\\/\\\/utrera.salesianos.edu\\\/jovenesendificultad\\\/\",\"name\":\"Proyecto Oberti\",\"description\":\"Pagina oficial del Proyecto Oberti de la Obra Salesiana en Utrera.\",\"potentialAction\":[{\"@type\":\"SearchAction\",\"target\":{\"@type\":\"EntryPoint\",\"urlTemplate\":\"https:\\\/\\\/utrera.salesianos.edu\\\/jovenesendificultad\\\/?s={search_term_string}\"},\"query-input\":{\"@type\":\"PropertyValueSpecification\",\"valueRequired\":true,\"valueName\":\"search_term_string\"}}],\"inLanguage\":\"es\"}]}<\/script>\n<!-- \/ Yoast SEO plugin. -->","yoast_head_json":{"title":"Saludo de la coordinadora - Proyecto Oberti","robots":{"index":"index","follow":"follow","max-snippet":"max-snippet:-1","max-image-preview":"max-image-preview:large","max-video-preview":"max-video-preview:-1"},"canonical":"https:\/\/utrera.salesianos.edu\/jovenesendificultad\/saludo-oberti\/","og_locale":"es_ES","og_type":"article","og_title":"Saludo de la coordinadora - Proyecto Oberti","og_description":"Atenci\u00f3n al p\u00fablicoTel\u00e9fono de contacto | 644 37 58 29 proyectooberti.utrera@salesianos.edu Queridos amigos y amigas, Me llamo Adri\u00e1n Rodr\u00edguez Reina y soy el Coordinador del Proyecto Oberti, de la Casa Salesiana de Utrera. Desde Oberti ofrecemos una respuesta conjunta a las necesidades de los j\u00f3venes de Utrera que se encuentran en situaci\u00f3n de exclusi\u00f3n social. [&hellip;]","og_url":"https:\/\/utrera.salesianos.edu\/jovenesendificultad\/saludo-oberti\/","og_site_name":"Proyecto Oberti","article_modified_time":"2025-05-07T09:24:14+00:00","twitter_card":"summary_large_image","twitter_misc":{"Tiempo de lectura":"2 minutos"},"schema":{"@context":"https:\/\/schema.org","@graph":[{"@type":"WebPage","@id":"https:\/\/utrera.salesianos.edu\/jovenesendificultad\/saludo-oberti\/","url":"https:\/\/utrera.salesianos.edu\/jovenesendificultad\/saludo-oberti\/","name":"Saludo de la coordinadora - Proyecto Oberti","isPartOf":{"@id":"https:\/\/utrera.salesianos.edu\/jovenesendificultad\/#website"},"datePublished":"2018-08-30T14:27:55+00:00","dateModified":"2025-05-07T09:24:14+00:00","breadcrumb":{"@id":"https:\/\/utrera.salesianos.edu\/jovenesendificultad\/saludo-oberti\/#breadcrumb"},"inLanguage":"es","potentialAction":[{"@type":"ReadAction","target":["https:\/\/utrera.salesianos.edu\/jovenesendificultad\/saludo-oberti\/"]}]},{"@type":"BreadcrumbList","@id":"https:\/\/utrera.salesianos.edu\/jovenesendificultad\/saludo-oberti\/#breadcrumb","itemListElement":[{"@type":"ListItem","position":1,"name":"Portada","item":"https:\/\/utrera.salesianos.edu\/jovenesendificultad\/"},{"@type":"ListItem","position":2,"name":"Saludo de la coordinadora"}]},{"@type":"WebSite","@id":"https:\/\/utrera.salesianos.edu\/jovenesendificultad\/#website","url":"https:\/\/utrera.salesianos.edu\/jovenesendificultad\/","name":"Proyecto Oberti","description":"Pagina oficial del Proyecto Oberti de la Obra Salesiana en Utrera.","potentialAction":[{"@type":"SearchAction","target":{"@type":"EntryPoint","urlTemplate":"https:\/\/utrera.salesianos.edu\/jovenesendificultad\/?s={search_term_string}"},"query-input":{"@type":"PropertyValueSpecification","valueRequired":true,"valueName":"search_term_string"}}],"inLanguage":"es"}]}},"_links":{"self":[{"href":"https:\/\/utrera.salesianos.edu\/jovenesendificultad\/wp-json\/wp\/v2\/pages\/9428","targetHints":{"allow":["GET"]}}],"collection":[{"href":"https:\/\/utrera.salesianos.edu\/jovenesendificultad\/wp-json\/wp\/v2\/pages"}],"about":[{"href":"https:\/\/utrera.salesianos.edu\/jovenesendificultad\/wp-json\/wp\/v2\/types\/page"}],"author":[{"embeddable":true,"href":"https:\/\/utrera.salesianos.edu\/jovenesendificultad\/wp-json\/wp\/v2\/users\/5"}],"replies":[{"embeddable":true,"href":"https:\/\/utrera.salesianos.edu\/jovenesendificultad\/wp-json\/wp\/v2\/comments?post=9428"}],"version-history":[{"count":30,"href":"https:\/\/utrera.salesianos.edu\/jovenesendificultad\/wp-json\/wp\/v2\/pages\/9428\/revisions"}],"predecessor-version":[{"id":14820,"href":"https:\/\/utrera.salesianos.edu\/jovenesendificultad\/wp-json\/wp\/v2\/pages\/9428\/revisions\/14820"}],"wp:attachment":[{"href":"https:\/\/utrera.salesianos.edu\/jovenesendificultad\/wp-json\/wp\/v2\/media?parent=9428"}],"curies":[{"name":"wp","href":"https:\/\/api.w.org\/{rel}","templated":true}]}}