{"id":9484,"date":"2018-09-03T11:12:49","date_gmt":"2018-09-03T09:12:49","guid":{"rendered":"http:\/\/utrera.salesianos.edu\/jovenesendificultad\/?page_id=9484"},"modified":"2019-08-25T11:59:34","modified_gmt":"2019-08-25T09:59:34","slug":"programas","status":"publish","type":"page","link":"https:\/\/utrera.salesianos.edu\/jovenesendificultad\/programas\/","title":{"rendered":"Programas"},"content":{"rendered":"<div id=\"fb-root\"><\/div>\n<p>[et_pb_section bb_built=\u00bb1&#8243; fullwidth=\u00bbon\u00bb _builder_version=\u00bb3.0.47&#8243; next_background_color=\u00bb#000000&#8243;][et_pb_fullwidth_header title=\u00bbCON\u00d3CENOS\u00bb _builder_version=\u00bb3.7.1&#8243; background_image=\u00bbhttp:\/\/utrera.salesianos.edu\/jovenesendificultad\/wp-content\/uploads\/sites\/5\/2018\/09\/dibujos.jpg\u00bb module_class=\u00bbpagina-imagen-cabecera\u00bb background_layout=\u00bblight\u00bb max_width_tablet=\u00bb50px\u00bb background_repeat=\u00bbrepeat\u00bb background_color=\u00bbrgba(255, 255, 255, 0)\u00bb text_shadow_style=\u00bbpreset3&#8243; title_font=\u00bbLato||||||||\u00bb title_text_align=\u00bbleft\u00bb title_text_shadow_style=\u00bbpreset3&#8243; subhead=\u00bbQU\u00c9 HACEMOS\u00bb background_overlay_color=\u00bbrgba(224,43,32,0.70)\u00bb title_level=\u00bbh2&#8243; content_font=\u00bbLato||||||||\u00bb subhead_font=\u00bbLato|700|||||||\u00bb text_shadow_color=\u00bbrgba(255,255,255,0.4)\u00bb title_text_shadow_color=\u00bbrgba(255,255,255,0.4)\u00bb content_text_color=\u00bb#ffffff\u00bb subhead_text_color=\u00bb#ffffff\u00bb subhead_text_shadow_style=\u00bbpreset3&#8243; subhead_text_shadow_color=\u00bbrgba(255,255,255,0.4)\u00bb title_text_color=\u00bb#ffffff\u00bb content_text_shadow_style=\u00bbpreset3&#8243; saved_tabs=\u00bball\u00bb]<\/p>\n<p><strong>________<\/strong><\/p>\n<p>[\/et_pb_fullwidth_header][\/et_pb_section][et_pb_section bb_built=\u00bb1&#8243; fullwidth=\u00bboff\u00bb specialty=\u00bboff\u00bb prev_background_color=\u00bb#000000&#8243; next_background_color=\u00bb#000000&#8243;][et_pb_row][et_pb_column type=\u00bb2_3&#8243;][et_pb_text _builder_version=\u00bb3.7.1&#8243; background_size=\u00bbinitial\u00bb background_position=\u00bbtop_left\u00bb background_repeat=\u00bbrepeat\u00bb text_orientation=\u00bbjustified\u00bb]<\/p>\n<h1 style=\"text-align: center\"><strong>Proyecto Oberti<\/strong><\/h1>\n<p>Es un signo claro y visible del compromiso de la <a href=\"http:\/\/utrera.salesianos.edu\/familiasalesiana\/\" target=\"_blank\" rel=\"noopener noreferrer\">Familia Salesiana<\/a> para trabajar en favor de la juventud en dificultad y en situaci\u00f3n de riesgo. Este proyecto persigue ofrecer a este colectivo un acompa\u00f1amiento que les ayude a desarrollarse personalmente de modo integral, a mantener relaciones humanas constructivas dentro de los grupos sociales a los que pertenecen y al desarrollo de su comunidad.<\/p>\n<p>Del mismo modo, y como herramienta fundamental de cambio, se quiere disminuir el fracaso escolar apoyando educativamente en el proceso de ense\u00f1anza-aprendizaje: atendiendo las necesidades educativas individuales de los usuarios del proyecto, y colaborando en la intermediaci\u00f3n de las familias.<\/p>\n<p>Por este motivo, se desarrolla la \u201cescuela de familias\u201d, donde se trabaja con los padres y madres de estos menores con el objetivo de actualizar la formaci\u00f3n b\u00e1sica y facilitar el acceso a los diferentes niveles del sistema educativo a aquellas personas que lo desean, mejorar la cualificaci\u00f3n profesional o adquirir una preparaci\u00f3n para el ejercicio de otras profesiones y desarrollar su capacidad de participaci\u00f3n en la vida social, cultural, pol\u00edtica y econ\u00f3mica.<\/p>\n<p>La zona de intervenci\u00f3n se encuentra ubicado en unas de las barriadas con mayor numero de familias en riesgo de exclusi\u00f3n social, concretamente la Barriada de la Paz (Utrera), bas\u00e1ndose en solventar y cubrir las necesidades sociales, educativas y alimenticias de los menores.<\/p>\n<p>Dichos menores pertenecen a familias desestructuradas con un nivel bajo de alfabetizaci\u00f3n, con escasez de recursos econ\u00f3micos y materiales, y de necesidades sociales, ofreciendo durante el curso escolar y el periodo estival apoyo educativo y refuerzo de sus tareas escolares. Se trabaja \u00a0la educaci\u00f3n en valores para su crecimiento personal, emocional y social, y adem\u00e1s proporcionamos alternativas educativas, \u00a0al ocio y tiempo libre.<\/p>\n<p>[\/et_pb_text][\/et_pb_column][et_pb_column type=\u00bb1_3&#8243;][et_pb_image _builder_version=\u00bb3.7.1&#8243; src=\u00bbhttp:\/\/utrera.salesianos.edu\/jovenesendificultad\/wp-content\/uploads\/sites\/5\/2018\/09\/atenci\u00f3n.png\u00bb \/][et_pb_image _builder_version=\u00bb3.7.1&#8243; src=\u00bbhttp:\/\/utrera.salesianos.edu\/jovenesendificultad\/wp-content\/uploads\/sites\/5\/2018\/09\/piscina.png\u00bb \/][\/et_pb_column][\/et_pb_row][et_pb_row][et_pb_column type=\u00bb4_4&#8243;][et_pb_blurb _builder_version=\u00bb3.7.1&#8243; title=\u00bb\u00c1reas de intervenci\u00f3n\u00bb header_font=\u00bbPacifico||||||||\u00bb header_level=\u00bbh1&#8243; header_text_align=\u00bbcenter\u00bb header_font_size=\u00bb35&#8243; saved_tabs=\u00bball\u00bb \/][\/et_pb_column][\/et_pb_row][et_pb_row][et_pb_column type=\u00bb1_3&#8243;][et_pb_image _builder_version=\u00bb3.7.1&#8243; src=\u00bbhttp:\/\/utrera.salesianos.edu\/jovenesendificultad\/wp-content\/uploads\/sites\/5\/2018\/09\/apoyo.png\u00bb border_width_left=\u00bb10px\u00bb border_color_left=\u00bb#e02b20&#8243; border_radii=\u00bb|0px|0px|100px|0px\u00bb align=\u00bbcenter\u00bb force_fullwidth=\u00bbon\u00bb \/][et_pb_text _builder_version=\u00bb3.7.1&#8243;]<\/p>\n<h3 style=\"text-align: center\">Refuerzo educativo<\/h3>\n<p style=\"text-align: center\">Apoyo en las necesidades educativa, mejorando los procesos de integraci\u00f3n y \u00e9xito escolar entre los menores y j\u00f3venes. Se apuesta por grupos de estudios reducidos facilitando la atenci\u00f3n individualizada y personalizada.<\/p>\n<p>[\/et_pb_text][\/et_pb_column][et_pb_column type=\u00bb1_3&#8243;][et_pb_image _builder_version=\u00bb3.7.1&#8243; src=\u00bbhttp:\/\/utrera.salesianos.edu\/jovenesendificultad\/wp-content\/uploads\/sites\/5\/2018\/09\/ocio.png\u00bb border_width_left=\u00bb10px\u00bb border_color_left=\u00bb#e02b20&#8243; border_radii=\u00bb|0px|0px|100px|0px\u00bb align=\u00bbcenter\u00bb force_fullwidth=\u00bbon\u00bb \/][et_pb_text _builder_version=\u00bb3.7.1&#8243;]<\/p>\n<h3 style=\"text-align: center\">Ocio y Tiempo Libre<\/h3>\n<p style=\"text-align: center\">Educaci\u00f3n integral en el ocio y tiempo libre como ocurr\u00eda en el oratorio festivo de Don Bosco, ofreciendo una alternativa educativa al contexto social de los destinatarios\/as.<\/p>\n<p>[\/et_pb_text][\/et_pb_column][et_pb_column type=\u00bb1_3&#8243;][et_pb_image _builder_version=\u00bb3.7.1&#8243; src=\u00bbhttp:\/\/utrera.salesianos.edu\/jovenesendificultad\/wp-content\/uploads\/sites\/5\/2018\/09\/valores.png\u00bb border_width_left=\u00bb10px\u00bb border_color_left=\u00bb#e02b20&#8243; border_radii=\u00bb|0px|0px|100px|0px\u00bb align=\u00bbcenter\u00bb force_fullwidth=\u00bbon\u00bb \/][et_pb_text _builder_version=\u00bb3.7.1&#8243;]<\/p>\n<h3 style=\"text-align: center\">Educaci\u00f3n en valores<\/h3>\n<p style=\"text-align: center\">Extender el alcance de la educaci\u00f3n no formal, relacionado con el \u00e1mbito moral y el civismo, con objetivo final de\u00a0formar a honrados ciudadanos, construyendo\u00a0un mundo mucho m\u00e1s justo, inclusivo, equitativo e intercultural.<\/p>\n<p>[\/et_pb_text][\/et_pb_column][\/et_pb_row][et_pb_row][et_pb_column type=\u00bb1_3&#8243;][et_pb_image _builder_version=\u00bb3.7.1&#8243; src=\u00bbhttp:\/\/utrera.salesianos.edu\/jovenesendificultad\/wp-content\/uploads\/sites\/5\/2018\/09\/salud.png\u00bb border_width_left=\u00bb10px\u00bb border_color_left=\u00bb#e02b20&#8243; border_radii=\u00bb|0px|0px|100px|0px\u00bb align=\u00bbcenter\u00bb force_fullwidth=\u00bbon\u00bb \/][et_pb_text _builder_version=\u00bb3.7.1&#8243;]<\/p>\n<h3 style=\"text-align: center\">Salud y prevenci\u00f3n de drogodependencias<\/h3>\n<p style=\"text-align: center\">Previenen conductas que suponen un riesgo para la salud y favorecen actitudes que mejoran la calidad de vida, desarrollando actitudes y h\u00e1bitos positivos.<\/p>\n<p>[\/et_pb_text][\/et_pb_column][et_pb_column type=\u00bb1_3&#8243;][et_pb_image _builder_version=\u00bb3.7.1&#8243; src=\u00bbhttp:\/\/utrera.salesianos.edu\/jovenesendificultad\/wp-content\/uploads\/sites\/5\/2018\/09\/campamentos.png\u00bb border_width_left=\u00bb10px\u00bb border_color_left=\u00bb#e02b20&#8243; border_radii=\u00bb|0px|0px|100px|0px\u00bb align=\u00bbcenter\u00bb force_fullwidth=\u00bbon\u00bb \/][et_pb_text _builder_version=\u00bb3.7.1&#8243;]<\/p>\n<h3 style=\"text-align: center\">Programa estival<\/h3>\n<p style=\"text-align: center\">Realizaci\u00f3n de la \u00abEscuela de Verano\u00bb de actividades l\u00fadico-educativas durante el periodo de vacaciones de los menores, y el \u00abCampamento del Oratorio\u00bb, que consiste en el desarrollo de actividades de tiempo libre en r\u00e9gimen intensivo.<\/p>\n<p>[\/et_pb_text][\/et_pb_column][et_pb_column type=\u00bb1_3&#8243;][et_pb_image _builder_version=\u00bb3.7.1&#8243; src=\u00bbhttp:\/\/utrera.salesianos.edu\/jovenesendificultad\/wp-content\/uploads\/sites\/5\/2018\/09\/madres.png\u00bb border_width_left=\u00bb10px\u00bb border_color_left=\u00bb#e02b20&#8243; border_radii=\u00bb|0px|0px|100px|0px\u00bb align=\u00bbcenter\u00bb force_fullwidth=\u00bbon\u00bb \/][et_pb_text _builder_version=\u00bb3.7.1&#8243;]<\/p>\n<h3 style=\"text-align: center\">Intervenci\u00f3n familiar<\/h3>\n<p style=\"text-align: center\">Impulsan la formaci\u00f3n y capacitaci\u00f3n en las funciones b\u00e1sicas de la familia a trav\u00e9s de proyectos espec\u00edficos, transversales y globales desde una mirada sist\u00e9mica y relacional.<\/p>\n<p>[\/et_pb_text][\/et_pb_column][\/et_pb_row][et_pb_row][et_pb_column type=\u00bb1_3&#8243;][et_pb_image _builder_version=\u00bb3.7.1&#8243; src=\u00bbhttp:\/\/utrera.salesianos.edu\/jovenesendificultad\/wp-content\/uploads\/sites\/5\/2018\/09\/zambomba.png\u00bb border_width_left=\u00bb10px\u00bb border_color_left=\u00bb#e02b20&#8243; border_radii=\u00bb|0px|0px|100px|0px\u00bb align=\u00bbcenter\u00bb force_fullwidth=\u00bbon\u00bb \/][et_pb_text _builder_version=\u00bb3.7.1&#8243;]<\/p>\n<h3 style=\"text-align: center\">Actividades socio-culturales<\/h3>\n<div>Desarrollar la capacidad de participaci\u00f3n en la vida social, cultural, pol\u00edtica y econ\u00f3mica de los destinatarios\/as\u00a0como motor de transformaci\u00f3n social en la\u00a0zona de intervenci\u00f3n y en la localidad,<\/div>\n<p>[\/et_pb_text][\/et_pb_column][et_pb_column type=\u00bb1_3&#8243;][et_pb_image _builder_version=\u00bb3.7.1&#8243; src=\u00bbhttp:\/\/utrera.salesianos.edu\/jovenesendificultad\/wp-content\/uploads\/sites\/5\/2018\/09\/mapa.png\u00bb border_width_left=\u00bb10px\u00bb border_color_left=\u00bb#e02b20&#8243; border_radii=\u00bb|0px|0px|100px|0px\u00bb align=\u00bbcenter\u00bb force_fullwidth=\u00bbon\u00bb \/][et_pb_text _builder_version=\u00bb3.7.1&#8243;]<\/p>\n<h3 style=\"text-align: center\">Apoyo a las personas inmigrantes<\/h3>\n<p style=\"text-align: center\">Acompa\u00f1an los procesos de inserci\u00f3n social de j\u00f3venes y sus familias inmigradas que se encuentran con dificultades para incorporarse en plenitud de derechos y responsabilidades.<\/p>\n<p>[\/et_pb_text][\/et_pb_column][et_pb_column type=\u00bb1_3&#8243;][et_pb_image _builder_version=\u00bb3.7.1&#8243; src=\u00bbhttp:\/\/utrera.salesianos.edu\/jovenesendificultad\/wp-content\/uploads\/sites\/5\/2018\/09\/17155654_1107925669314183_4647903313700707467_n.jpg\u00bb border_width_left=\u00bb10px\u00bb border_color_left=\u00bb#e02b20&#8243; border_radii=\u00bb|0px|0px|100px|0px\u00bb align=\u00bbcenter\u00bb force_fullwidth=\u00bbon\u00bb \/][et_pb_text _builder_version=\u00bb3.7.1&#8243;]<\/p>\n<h3 style=\"text-align: center\">Mujer e igualdad de oportunidades<\/h3>\n<p style=\"text-align: center\">Promueven la igualdad de oportunidades, especialmente en lo referido a la promoci\u00f3n personal e inserci\u00f3n sociolaboral de las mujeres en situaci\u00f3n de vulnerabilidad.<\/p>\n<p>[\/et_pb_text][\/et_pb_column][\/et_pb_row][et_pb_row][et_pb_column type=\u00bb1_3&#8243;][et_pb_image _builder_version=\u00bb3.7.1&#8243; src=\u00bbhttp:\/\/utrera.salesianos.edu\/jovenesendificultad\/wp-content\/uploads\/sites\/5\/2018\/09\/formacion.png\u00bb border_width_left=\u00bb10px\u00bb border_color_left=\u00bb#e02b20&#8243; border_radii=\u00bb|0px|0px|100px|0px\u00bb align=\u00bbcenter\u00bb force_fullwidth=\u00bbon\u00bb \/][et_pb_text _builder_version=\u00bb3.7.1&#8243;]<\/p>\n<h3 style=\"text-align: center\">Inserci\u00f3n Sociolaboral<\/h3>\n<div style=\"text-align: center\">Generan las condiciones necesarias para desempleados mediante el dise\u00f1o de recorridos personalizados, continuos y completos que mejoren su empleabilidad.<\/div>\n<p>[\/et_pb_text][\/et_pb_column][et_pb_column type=\u00bb1_3&#8243;][et_pb_image _builder_version=\u00bb3.7.1&#8243; src=\u00bbhttp:\/\/utrera.salesianos.edu\/jovenesendificultad\/wp-content\/uploads\/sites\/5\/2018\/09\/reconoceee.png\u00bb border_width_left=\u00bb10px\u00bb border_color_left=\u00bb#e02b20&#8243; border_radii=\u00bb|0px|0px|100px|0px\u00bb align=\u00bbcenter\u00bb force_fullwidth=\u00bbon\u00bb url=\u00bbhttps:\/\/www.reconoce.org\/\u00bb url_new_window=\u00bbon\u00bb \/][et_pb_text _builder_version=\u00bb3.7.1&#8243;]<\/p>\n<h3 style=\"text-align: center\">Desarrollo comunitario y promoci\u00f3n del voluntariado<\/h3>\n<p style=\"text-align: center\">Promueven condiciones de dignidad, desarrollo y justicia en zonas desfavorecidas. Los proyectos de promoci\u00f3n del voluntariado potencian y canalizan la solidaridad. Acreditaci\u00f3n habilidades del voluntariado, que mejoran la empleabilidad de los y las j\u00f3venes.<\/p>\n<p>[\/et_pb_text][\/et_pb_column][et_pb_column type=\u00bb1_3&#8243;][\/et_pb_column][\/et_pb_row][\/et_pb_section][et_pb_section bb_built=\u00bb1&#8243; custom_padding=\u00bb0px|0px||\u00bb module_class=\u00bbpagina-seccion-contenido\u00bb _builder_version=\u00bb3.0.64&#8243; prev_background_color=\u00bb#000000&#8243;][et_pb_row disabled_on=\u00bbon|on|on\u00bb _builder_version=\u00bb3.0.71&#8243;][et_pb_column type=\u00bb4_4&#8243;][\/et_pb_column][\/et_pb_row][\/et_pb_section]<\/p>\n","protected":false},"excerpt":{"rendered":"<p>________ <div class=\"et_pb_row et_pb_row_0 et_pb_row_empty\">\n\t\t\t\t\n\t\t\t\t\n\t\t\t\t\n\t\t\t\t\n\t\t\t\t\n\t\t\t<\/div> Proyecto Oberti Es un signo claro y visible del compromiso de la Familia Salesiana para trabajar en favor de la juventud en dificultad y en situaci\u00f3n de riesgo. Este proyecto persigue ofrecer a este colectivo un acompa\u00f1amiento que les ayude a desarrollarse personalmente de modo integral, a mantener relaciones humanas constructivas dentro de [&hellip;]<\/p>\n","protected":false},"author":5,"featured_media":0,"parent":0,"menu_order":0,"comment_status":"closed","ping_status":"closed","template":"","meta":{"_et_pb_use_builder":"on","_et_pb_old_content":"","_et_gb_content_width":"","footnotes":""},"class_list":["post-9484","page","type-page","status-publish","hentry"],"yoast_head":"<!-- This site is optimized with the Yoast SEO plugin v27.2 - https:\/\/yoast.com\/product\/yoast-seo-wordpress\/ -->\n<title>Programas - Proyecto Oberti<\/title>\n<meta name=\"robots\" content=\"index, follow, max-snippet:-1, max-image-preview:large, max-video-preview:-1\" \/>\n<link rel=\"canonical\" href=\"https:\/\/utrera.salesianos.edu\/jovenesendificultad\/programas\/\" \/>\n<meta property=\"og:locale\" content=\"es_ES\" \/>\n<meta property=\"og:type\" content=\"article\" \/>\n<meta property=\"og:title\" content=\"Programas - Proyecto Oberti\" \/>\n<meta property=\"og:description\" content=\"________ Proyecto Oberti Es un signo claro y visible del compromiso de la Familia Salesiana para trabajar en favor de la juventud en dificultad y en situaci\u00f3n de riesgo. Este proyecto persigue ofrecer a este colectivo un acompa\u00f1amiento que les ayude a desarrollarse personalmente de modo integral, a mantener relaciones humanas constructivas dentro de [&hellip;]\" \/>\n<meta property=\"og:url\" content=\"https:\/\/utrera.salesianos.edu\/jovenesendificultad\/programas\/\" \/>\n<meta property=\"og:site_name\" content=\"Proyecto Oberti\" \/>\n<meta property=\"article:modified_time\" content=\"2019-08-25T09:59:34+00:00\" \/>\n<meta name=\"twitter:card\" content=\"summary_large_image\" \/>\n<meta name=\"twitter:label1\" content=\"Tiempo de lectura\" \/>\n\t<meta name=\"twitter:data1\" content=\"8 minutos\" \/>\n<script type=\"application\/ld+json\" class=\"yoast-schema-graph\">{\"@context\":\"https:\/\/schema.org\",\"@graph\":[{\"@type\":\"WebPage\",\"@id\":\"https:\/\/utrera.salesianos.edu\/jovenesendificultad\/programas\/\",\"url\":\"https:\/\/utrera.salesianos.edu\/jovenesendificultad\/programas\/\",\"name\":\"Programas - Proyecto Oberti\",\"isPartOf\":{\"@id\":\"https:\/\/utrera.salesianos.edu\/jovenesendificultad\/#website\"},\"datePublished\":\"2018-09-03T09:12:49+00:00\",\"dateModified\":\"2019-08-25T09:59:34+00:00\",\"breadcrumb\":{\"@id\":\"https:\/\/utrera.salesianos.edu\/jovenesendificultad\/programas\/#breadcrumb\"},\"inLanguage\":\"es\",\"potentialAction\":[{\"@type\":\"ReadAction\",\"target\":[\"https:\/\/utrera.salesianos.edu\/jovenesendificultad\/programas\/\"]}]},{\"@type\":\"BreadcrumbList\",\"@id\":\"https:\/\/utrera.salesianos.edu\/jovenesendificultad\/programas\/#breadcrumb\",\"itemListElement\":[{\"@type\":\"ListItem\",\"position\":1,\"name\":\"Portada\",\"item\":\"https:\/\/utrera.salesianos.edu\/jovenesendificultad\/\"},{\"@type\":\"ListItem\",\"position\":2,\"name\":\"Programas\"}]},{\"@type\":\"WebSite\",\"@id\":\"https:\/\/utrera.salesianos.edu\/jovenesendificultad\/#website\",\"url\":\"https:\/\/utrera.salesianos.edu\/jovenesendificultad\/\",\"name\":\"Proyecto Oberti\",\"description\":\"Pagina oficial del Proyecto Oberti de la Obra Salesiana en Utrera.\",\"potentialAction\":[{\"@type\":\"SearchAction\",\"target\":{\"@type\":\"EntryPoint\",\"urlTemplate\":\"https:\/\/utrera.salesianos.edu\/jovenesendificultad\/?s={search_term_string}\"},\"query-input\":{\"@type\":\"PropertyValueSpecification\",\"valueRequired\":true,\"valueName\":\"search_term_string\"}}],\"inLanguage\":\"es\"}]}<\/script>\n<!-- \/ Yoast SEO plugin. -->","yoast_head_json":{"title":"Programas - Proyecto Oberti","robots":{"index":"index","follow":"follow","max-snippet":"max-snippet:-1","max-image-preview":"max-image-preview:large","max-video-preview":"max-video-preview:-1"},"canonical":"https:\/\/utrera.salesianos.edu\/jovenesendificultad\/programas\/","og_locale":"es_ES","og_type":"article","og_title":"Programas - Proyecto Oberti","og_description":"________ Proyecto Oberti Es un signo claro y visible del compromiso de la Familia Salesiana para trabajar en favor de la juventud en dificultad y en situaci\u00f3n de riesgo. Este proyecto persigue ofrecer a este colectivo un acompa\u00f1amiento que les ayude a desarrollarse personalmente de modo integral, a mantener relaciones humanas constructivas dentro de [&hellip;]","og_url":"https:\/\/utrera.salesianos.edu\/jovenesendificultad\/programas\/","og_site_name":"Proyecto Oberti","article_modified_time":"2019-08-25T09:59:34+00:00","twitter_card":"summary_large_image","twitter_misc":{"Tiempo de lectura":"8 minutos"},"schema":{"@context":"https:\/\/schema.org","@graph":[{"@type":"WebPage","@id":"https:\/\/utrera.salesianos.edu\/jovenesendificultad\/programas\/","url":"https:\/\/utrera.salesianos.edu\/jovenesendificultad\/programas\/","name":"Programas - Proyecto Oberti","isPartOf":{"@id":"https:\/\/utrera.salesianos.edu\/jovenesendificultad\/#website"},"datePublished":"2018-09-03T09:12:49+00:00","dateModified":"2019-08-25T09:59:34+00:00","breadcrumb":{"@id":"https:\/\/utrera.salesianos.edu\/jovenesendificultad\/programas\/#breadcrumb"},"inLanguage":"es","potentialAction":[{"@type":"ReadAction","target":["https:\/\/utrera.salesianos.edu\/jovenesendificultad\/programas\/"]}]},{"@type":"BreadcrumbList","@id":"https:\/\/utrera.salesianos.edu\/jovenesendificultad\/programas\/#breadcrumb","itemListElement":[{"@type":"ListItem","position":1,"name":"Portada","item":"https:\/\/utrera.salesianos.edu\/jovenesendificultad\/"},{"@type":"ListItem","position":2,"name":"Programas"}]},{"@type":"WebSite","@id":"https:\/\/utrera.salesianos.edu\/jovenesendificultad\/#website","url":"https:\/\/utrera.salesianos.edu\/jovenesendificultad\/","name":"Proyecto Oberti","description":"Pagina oficial del Proyecto Oberti de la Obra Salesiana en Utrera.","potentialAction":[{"@type":"SearchAction","target":{"@type":"EntryPoint","urlTemplate":"https:\/\/utrera.salesianos.edu\/jovenesendificultad\/?s={search_term_string}"},"query-input":{"@type":"PropertyValueSpecification","valueRequired":true,"valueName":"search_term_string"}}],"inLanguage":"es"}]}},"_links":{"self":[{"href":"https:\/\/utrera.salesianos.edu\/jovenesendificultad\/wp-json\/wp\/v2\/pages\/9484","targetHints":{"allow":["GET"]}}],"collection":[{"href":"https:\/\/utrera.salesianos.edu\/jovenesendificultad\/wp-json\/wp\/v2\/pages"}],"about":[{"href":"https:\/\/utrera.salesianos.edu\/jovenesendificultad\/wp-json\/wp\/v2\/types\/page"}],"author":[{"embeddable":true,"href":"https:\/\/utrera.salesianos.edu\/jovenesendificultad\/wp-json\/wp\/v2\/users\/5"}],"replies":[{"embeddable":true,"href":"https:\/\/utrera.salesianos.edu\/jovenesendificultad\/wp-json\/wp\/v2\/comments?post=9484"}],"version-history":[{"count":45,"href":"https:\/\/utrera.salesianos.edu\/jovenesendificultad\/wp-json\/wp\/v2\/pages\/9484\/revisions"}],"predecessor-version":[{"id":14464,"href":"https:\/\/utrera.salesianos.edu\/jovenesendificultad\/wp-json\/wp\/v2\/pages\/9484\/revisions\/14464"}],"wp:attachment":[{"href":"https:\/\/utrera.salesianos.edu\/jovenesendificultad\/wp-json\/wp\/v2\/media?parent=9484"}],"curies":[{"name":"wp","href":"https:\/\/api.w.org\/{rel}","templated":true}]}}