{"id":9900,"date":"2018-10-12T17:06:16","date_gmt":"2018-10-12T15:06:16","guid":{"rendered":"http:\/\/utrera.salesianos.edu\/jovenesendificultad\/?page_id=9900"},"modified":"2025-09-07T18:29:42","modified_gmt":"2025-09-07T16:29:42","slug":"celebraciones-solidarias","status":"publish","type":"page","link":"https:\/\/utrera.salesianos.edu\/jovenesendificultad\/celebraciones-solidarias\/","title":{"rendered":"Celebraciones Solidarias"},"content":{"rendered":"<div id=\"fb-root\"><\/div>\n<p>[et_pb_section fb_built=\u00bb1&#8243; fullwidth=\u00bbon\u00bb _builder_version=\u00bb4.16&#8243; global_colors_info=\u00bb{}\u00bb][et_pb_fullwidth_header title=\u00bbCelebraciones Solidarias\u00bb subhead=\u00bbUn d\u00eda a\u00fan m\u00e1s especial\u00bb background_overlay_color=\u00bbrgba(224,43,32,0.70)\u00bb module_class=\u00bbpagina-imagen-cabecera\u00bb _builder_version=\u00bb4.16&#8243; title_level=\u00bbh2&#8243; title_font=\u00bbLato||||||||\u00bb title_text_align=\u00bbleft\u00bb title_text_color=\u00bb#ffffff\u00bb content_font=\u00bbLato||||||||\u00bb content_text_color=\u00bb#ffffff\u00bb subhead_font=\u00bbPacifico|700|||||||\u00bb subhead_text_color=\u00bb#ffffff\u00bb background_color=\u00bbrgba(255, 255, 255, 0)\u00bb background_image=\u00bbhttp:\/\/utrera.salesianos.edu\/jovenesendificultad\/wp-content\/uploads\/sites\/5\/2018\/10\/OBFM1U0-1.jpg\u00bb background_repeat=\u00bbrepeat\u00bb background_layout=\u00bblight\u00bb max_width_tablet=\u00bb50px\u00bb title_text_shadow_style=\u00bbpreset3&#8243; title_text_shadow_color=\u00bbrgba(255,255,255,0.4)\u00bb content_text_shadow_style=\u00bbpreset3&#8243; subhead_text_shadow_style=\u00bbpreset3&#8243; subhead_text_shadow_color=\u00bbrgba(255,255,255,0.4)\u00bb text_shadow_style=\u00bbpreset3&#8243; text_shadow_color=\u00bbrgba(255,255,255,0.4)\u00bb saved_tabs=\u00bball\u00bb global_colors_info=\u00bb{}\u00bb button_one_text_size__hover_enabled=\u00bboff\u00bb button_one_text_size__hover=\u00bbnull\u00bb button_two_text_size__hover_enabled=\u00bboff\u00bb button_two_text_size__hover=\u00bbnull\u00bb button_one_text_color__hover_enabled=\u00bboff\u00bb button_one_text_color__hover=\u00bbnull\u00bb button_two_text_color__hover_enabled=\u00bboff\u00bb button_two_text_color__hover=\u00bbnull\u00bb button_one_border_width__hover_enabled=\u00bboff\u00bb button_one_border_width__hover=\u00bbnull\u00bb button_two_border_width__hover_enabled=\u00bboff\u00bb button_two_border_width__hover=\u00bbnull\u00bb button_one_border_color__hover_enabled=\u00bboff\u00bb button_one_border_color__hover=\u00bbnull\u00bb button_two_border_color__hover_enabled=\u00bboff\u00bb button_two_border_color__hover=\u00bbnull\u00bb button_one_border_radius__hover_enabled=\u00bboff\u00bb button_one_border_radius__hover=\u00bbnull\u00bb button_two_border_radius__hover_enabled=\u00bboff\u00bb button_two_border_radius__hover=\u00bbnull\u00bb button_one_letter_spacing__hover_enabled=\u00bboff\u00bb button_one_letter_spacing__hover=\u00bbnull\u00bb button_two_letter_spacing__hover_enabled=\u00bboff\u00bb button_two_letter_spacing__hover=\u00bbnull\u00bb button_one_bg_color__hover_enabled=\u00bboff\u00bb button_one_bg_color__hover=\u00bbnull\u00bb button_two_bg_color__hover_enabled=\u00bboff\u00bb button_two_bg_color__hover=\u00bbnull\u00bb]<strong>_____<\/strong><br \/>\n[\/et_pb_fullwidth_header][\/et_pb_section][et_pb_section fb_built=\u00bb1&#8243; _builder_version=\u00bb4.16&#8243; global_colors_info=\u00bb{}\u00bb][et_pb_row column_structure=\u00bb3_4,1_4&#8243; _builder_version=\u00bb4.16&#8243; background_size=\u00bbinitial\u00bb background_position=\u00bbtop_left\u00bb background_repeat=\u00bbrepeat\u00bb global_colors_info=\u00bb{}\u00bb][et_pb_column type=\u00bb3_4&#8243; _builder_version=\u00bb4.16&#8243; custom_padding=\u00bb|||\u00bb global_colors_info=\u00bb{}\u00bb custom_padding__hover=\u00bb|||\u00bb][et_pb_text _builder_version=\u00bb4.16&#8243; header_text_color=\u00bb#e02b20&#8243; header_font_size=\u00bb40&#8243; global_colors_info=\u00bb{}\u00bb]<\/p>\n<h1>Celebraciones solidarios<\/h1>\n<h1>_____<\/h1>\n<p>[\/et_pb_text][et_pb_text _builder_version=\u00bb4.16&#8243; text_font=\u00bbLato||||||||\u00bb header_font=\u00bbLato||||||||\u00bb header_text_align=\u00bbjustify\u00bb text_orientation=\u00bbjustified\u00bb global_colors_info=\u00bb{}\u00bb]<\/p>\n<h3><\/h3>\n<h3><strong>Contigo<\/strong> construimos un <strong>mundo mejor<\/strong><\/h3>\n<p>Para hacer de vuestro enlace o comuni\u00f3n <strong>un d\u00eda a\u00fan m\u00e1s especial<\/strong>, qu\u00e9 mejor que sorprender a vuestros invitados con un regalo solidario.<\/p>\n<p>Pod\u00e9is convertir el detalle de recuerdo de vuestra boda en\u00a0<strong>un donativo para el Proyecto Oberti<\/strong>.<\/p>\n<p>Para contar que hab\u00e9is transformado el obsequio de vuestra boda o comuni\u00f3n en un gesto solidario, podr\u00e9is repartir unas <strong>originales tarjetas<\/strong>\u00a0entre vuestros seres queridos. Y es que merece la pena que sepan que, gracias a vuestro donativo, muchas menores y j\u00f3venes <strong>en exclusi\u00f3n social ser\u00e1n atendidos <\/strong>en Utrera (Sevilla).<\/p>\n<p>Adem\u00e1s, podr\u00e9is\u00a0<strong>personalizar\u00a0<\/strong>vuestras tarjetas gracias a las ilustraciones y dise\u00f1os que hemos preparado con todo el cari\u00f1o para vosotros. Si lo prefer\u00eds, tambi\u00e9n pod\u00e9is usar la foto que elij\u00e1is.<\/p>\n<p>En el reverso de la tarjeta, junto a un mapa del mundo, pod\u00e9is explicar a todos los invitados\u00a0<strong>vuestro compromiso<\/strong>\u00a0con nosotros. Hemos preparado un texto para hac\u00e9roslo m\u00e1s f\u00e1cil, aunque tambi\u00e9n pod\u00e9is redactarlo a vuestro gusto.<\/p>\n<p>[\/et_pb_text][et_pb_gallery gallery_ids=\u00bb9908,9909,9910,9911,9912,14823,14828&#8243; posts_number=\u00bb6&#8243; show_title_and_caption=\u00bboff\u00bb _builder_version=\u00bb4.27.4&#8243; global_colors_info=\u00bb{}\u00bb][\/et_pb_gallery][\/et_pb_column][et_pb_column type=\u00bb1_4&#8243; _builder_version=\u00bb4.16&#8243; custom_padding=\u00bb|||\u00bb global_colors_info=\u00bb{}\u00bb custom_padding__hover=\u00bb|||\u00bb][et_pb_text _builder_version=\u00bb4.27.4&#8243; text_font=\u00bbLato||||||||\u00bb header_font=\u00bbLato||||||||\u00bb header_text_align=\u00bbjustify\u00bb text_orientation=\u00bbjustified\u00bb global_colors_info=\u00bb{}\u00bb]<\/p>\n<h3><\/h3>\n<h4><strong>\u00a1QUIERO QUE MI EVENTO SEA SOLIDARIA!<\/strong><\/h4>\n<p>D\u00e9janos tus datos y te contactaremos lo antes posible para que puedas hacer de tu boda un d\u00eda solidario.<\/p>\n<p>[\/et_pb_text][et_pb_contact_form email=\u00bbproyectooberti.utrera@salesianos.edu\u00bb success_message=\u00bbMuchas gracias por querer hacer de tu boda un d\u00eda solidario, en breve nos pondremos en contacto contigo.\u00bb _builder_version=\u00bb4.27.4&#8243; _unique_id=\u00bb7434fffd-1d6a-429f-804c-181a36db2bdb\u00bb title_font=\u00bbPacifico||||||||\u00bb title_text_align=\u00bbcenter\u00bb text_orientation=\u00bbleft\u00bb global_colors_info=\u00bb{}\u00bb][et_pb_contact_field field_id=\u00bbName\u00bb field_title=\u00bbNombre y apellidos\u00bb fullwidth_field=\u00bbon\u00bb _builder_version=\u00bb4.16&#8243; global_colors_info=\u00bb{}\u00bb button_text_size__hover_enabled=\u00bboff\u00bb button_one_text_size__hover_enabled=\u00bboff\u00bb button_two_text_size__hover_enabled=\u00bboff\u00bb button_text_color__hover_enabled=\u00bboff\u00bb button_one_text_color__hover_enabled=\u00bboff\u00bb button_two_text_color__hover_enabled=\u00bboff\u00bb button_border_width__hover_enabled=\u00bboff\u00bb button_one_border_width__hover_enabled=\u00bboff\u00bb button_two_border_width__hover_enabled=\u00bboff\u00bb button_border_color__hover_enabled=\u00bboff\u00bb button_one_border_color__hover_enabled=\u00bboff\u00bb button_two_border_color__hover_enabled=\u00bboff\u00bb button_border_radius__hover_enabled=\u00bboff\u00bb button_one_border_radius__hover_enabled=\u00bboff\u00bb button_two_border_radius__hover_enabled=\u00bboff\u00bb button_letter_spacing__hover_enabled=\u00bboff\u00bb button_one_letter_spacing__hover_enabled=\u00bboff\u00bb button_two_letter_spacing__hover_enabled=\u00bboff\u00bb button_bg_color__hover_enabled=\u00bboff\u00bb button_one_bg_color__hover_enabled=\u00bboff\u00bb button_two_bg_color__hover_enabled=\u00bboff\u00bb][\/et_pb_contact_field][et_pb_contact_field field_id=\u00bbEmail\u00bb field_title=\u00bbCorreo-e\u00bb field_type=\u00bbemail\u00bb fullwidth_field=\u00bbon\u00bb _builder_version=\u00bb4.16&#8243; global_colors_info=\u00bb{}\u00bb button_text_size__hover_enabled=\u00bboff\u00bb button_one_text_size__hover_enabled=\u00bboff\u00bb button_two_text_size__hover_enabled=\u00bboff\u00bb button_text_color__hover_enabled=\u00bboff\u00bb button_one_text_color__hover_enabled=\u00bboff\u00bb button_two_text_color__hover_enabled=\u00bboff\u00bb button_border_width__hover_enabled=\u00bboff\u00bb button_one_border_width__hover_enabled=\u00bboff\u00bb button_two_border_width__hover_enabled=\u00bboff\u00bb button_border_color__hover_enabled=\u00bboff\u00bb button_one_border_color__hover_enabled=\u00bboff\u00bb button_two_border_color__hover_enabled=\u00bboff\u00bb button_border_radius__hover_enabled=\u00bboff\u00bb button_one_border_radius__hover_enabled=\u00bboff\u00bb button_two_border_radius__hover_enabled=\u00bboff\u00bb button_letter_spacing__hover_enabled=\u00bboff\u00bb button_one_letter_spacing__hover_enabled=\u00bboff\u00bb button_two_letter_spacing__hover_enabled=\u00bboff\u00bb button_bg_color__hover_enabled=\u00bboff\u00bb button_one_bg_color__hover_enabled=\u00bboff\u00bb button_two_bg_color__hover_enabled=\u00bboff\u00bb][\/et_pb_contact_field][et_pb_contact_field field_id=\u00bbTel\u00e9fono\u00bb field_title=\u00bbTel\u00e9fono\u00bb fullwidth_field=\u00bbon\u00bb _builder_version=\u00bb4.16&#8243; global_colors_info=\u00bb{}\u00bb button_text_size__hover_enabled=\u00bboff\u00bb button_one_text_size__hover_enabled=\u00bboff\u00bb button_two_text_size__hover_enabled=\u00bboff\u00bb button_text_color__hover_enabled=\u00bboff\u00bb button_one_text_color__hover_enabled=\u00bboff\u00bb button_two_text_color__hover_enabled=\u00bboff\u00bb button_border_width__hover_enabled=\u00bboff\u00bb button_one_border_width__hover_enabled=\u00bboff\u00bb button_two_border_width__hover_enabled=\u00bboff\u00bb button_border_color__hover_enabled=\u00bboff\u00bb button_one_border_color__hover_enabled=\u00bboff\u00bb button_two_border_color__hover_enabled=\u00bboff\u00bb button_border_radius__hover_enabled=\u00bboff\u00bb button_one_border_radius__hover_enabled=\u00bboff\u00bb button_two_border_radius__hover_enabled=\u00bboff\u00bb button_letter_spacing__hover_enabled=\u00bboff\u00bb button_one_letter_spacing__hover_enabled=\u00bboff\u00bb button_two_letter_spacing__hover_enabled=\u00bboff\u00bb button_bg_color__hover_enabled=\u00bboff\u00bb button_one_bg_color__hover_enabled=\u00bboff\u00bb button_two_bg_color__hover_enabled=\u00bboff\u00bb][\/et_pb_contact_field][et_pb_contact_field field_id=\u00bbEvento\u00bb field_title=\u00bbEvento\u00bb field_type=\u00bbselect\u00bb select_options=\u00bb%91{%22value%22:%22Bautizo%22,%22checked%22:0,%22dragID%22:-1},{%22value%22:%22Comuni\u00f3n%22,%22checked%22:0,%22dragID%22:0},{%22value%22:%22Boda%22,%22checked%22:0,%22dragID%22:1},{%22value%22:%22Otro evento%22,%22checked%22:0,%22dragID%22:2}%93&#8243; fullwidth_field=\u00bbon\u00bb _builder_version=\u00bb4.27.4&#8243; _module_preset=\u00bbdefault\u00bb global_colors_info=\u00bb{}\u00bb][\/et_pb_contact_field][et_pb_contact_field field_id=\u00bbfecha_evento\u00bb field_title=\u00bbFecha del evento\u00bb fullwidth_field=\u00bbon\u00bb _builder_version=\u00bb4.27.4&#8243; global_colors_info=\u00bb{}\u00bb button_text_size__hover_enabled=\u00bboff\u00bb button_one_text_size__hover_enabled=\u00bboff\u00bb button_two_text_size__hover_enabled=\u00bboff\u00bb button_text_color__hover_enabled=\u00bboff\u00bb button_one_text_color__hover_enabled=\u00bboff\u00bb button_two_text_color__hover_enabled=\u00bboff\u00bb button_border_width__hover_enabled=\u00bboff\u00bb button_one_border_width__hover_enabled=\u00bboff\u00bb button_two_border_width__hover_enabled=\u00bboff\u00bb button_border_color__hover_enabled=\u00bboff\u00bb button_one_border_color__hover_enabled=\u00bboff\u00bb button_two_border_color__hover_enabled=\u00bboff\u00bb button_border_radius__hover_enabled=\u00bboff\u00bb button_one_border_radius__hover_enabled=\u00bboff\u00bb button_two_border_radius__hover_enabled=\u00bboff\u00bb button_letter_spacing__hover_enabled=\u00bboff\u00bb button_one_letter_spacing__hover_enabled=\u00bboff\u00bb button_two_letter_spacing__hover_enabled=\u00bboff\u00bb button_bg_color__hover_enabled=\u00bboff\u00bb button_one_bg_color__hover_enabled=\u00bboff\u00bb button_two_bg_color__hover_enabled=\u00bboff\u00bb][\/et_pb_contact_field][et_pb_contact_field field_id=\u00bb+_datos\u00bb field_title=\u00bbCu\u00e9ntanos tu idea\u00bb required_mark=\u00bboff\u00bb fullwidth_field=\u00bbon\u00bb _builder_version=\u00bb4.27.4&#8243; _module_preset=\u00bbdefault\u00bb global_colors_info=\u00bb{}\u00bb][\/et_pb_contact_field][et_pb_contact_field field_id=\u00bbaceptaci\u00f3n_terminos\u00bb field_title=\u00bbAviso legal\u00bb field_type=\u00bbcheckbox\u00bb checkbox_options=\u00bb%91{%22value%22:%22Acepto la pol\u00edtica de privacidad del sitio%22,%22checked%22:0}%93&#8243; fullwidth_field=\u00bbon\u00bb _builder_version=\u00bb4.16&#8243; global_colors_info=\u00bb{}\u00bb button_text_size__hover_enabled=\u00bboff\u00bb button_one_text_size__hover_enabled=\u00bboff\u00bb button_two_text_size__hover_enabled=\u00bboff\u00bb button_text_color__hover_enabled=\u00bboff\u00bb button_one_text_color__hover_enabled=\u00bboff\u00bb button_two_text_color__hover_enabled=\u00bboff\u00bb button_border_width__hover_enabled=\u00bboff\u00bb button_one_border_width__hover_enabled=\u00bboff\u00bb button_two_border_width__hover_enabled=\u00bboff\u00bb button_border_color__hover_enabled=\u00bboff\u00bb button_one_border_color__hover_enabled=\u00bboff\u00bb button_two_border_color__hover_enabled=\u00bboff\u00bb button_border_radius__hover_enabled=\u00bboff\u00bb button_one_border_radius__hover_enabled=\u00bboff\u00bb button_two_border_radius__hover_enabled=\u00bboff\u00bb button_letter_spacing__hover_enabled=\u00bboff\u00bb button_one_letter_spacing__hover_enabled=\u00bboff\u00bb button_two_letter_spacing__hover_enabled=\u00bboff\u00bb button_bg_color__hover_enabled=\u00bboff\u00bb button_one_bg_color__hover_enabled=\u00bboff\u00bb button_two_bg_color__hover_enabled=\u00bboff\u00bb][\/et_pb_contact_field][\/et_pb_contact_form][\/et_pb_column][\/et_pb_row][et_pb_row _builder_version=\u00bb4.16&#8243; background_size=\u00bbinitial\u00bb background_position=\u00bbtop_left\u00bb background_repeat=\u00bbrepeat\u00bb global_colors_info=\u00bb{}\u00bb][\/et_pb_row][\/et_pb_section]<\/p>\n","protected":false},"excerpt":{"rendered":"<p>_____ Celebraciones solidarios _____ Contigo construimos un mundo mejor Para hacer de vuestro enlace o comuni\u00f3n un d\u00eda a\u00fan m\u00e1s especial, qu\u00e9 mejor que sorprender a vuestros invitados con un regalo solidario. Pod\u00e9is convertir el detalle de recuerdo de vuestra boda en\u00a0un donativo para el Proyecto Oberti. Para contar que hab\u00e9is transformado el obsequio de [&hellip;]<\/p>\n","protected":false},"author":5,"featured_media":0,"parent":0,"menu_order":0,"comment_status":"closed","ping_status":"closed","template":"","meta":{"_et_pb_use_builder":"on","_et_pb_old_content":"","_et_gb_content_width":"","footnotes":""},"class_list":["post-9900","page","type-page","status-publish","hentry"],"yoast_head":"<!-- This site is optimized with the Yoast SEO plugin v27.4 - https:\/\/yoast.com\/product\/yoast-seo-wordpress\/ -->\n<title>Celebraciones Solidarias - Proyecto Oberti<\/title>\n<meta name=\"robots\" content=\"index, follow, max-snippet:-1, max-image-preview:large, max-video-preview:-1\" \/>\n<link rel=\"canonical\" href=\"https:\/\/utrera.salesianos.edu\/jovenesendificultad\/celebraciones-solidarias\/\" \/>\n<meta property=\"og:locale\" content=\"es_ES\" \/>\n<meta property=\"og:type\" content=\"article\" \/>\n<meta property=\"og:title\" content=\"Celebraciones Solidarias - Proyecto Oberti\" \/>\n<meta property=\"og:description\" content=\"_____ Celebraciones solidarios _____ Contigo construimos un mundo mejor Para hacer de vuestro enlace o comuni\u00f3n un d\u00eda a\u00fan m\u00e1s especial, qu\u00e9 mejor que sorprender a vuestros invitados con un regalo solidario. Pod\u00e9is convertir el detalle de recuerdo de vuestra boda en\u00a0un donativo para el Proyecto Oberti. Para contar que hab\u00e9is transformado el obsequio de [&hellip;]\" \/>\n<meta property=\"og:url\" content=\"https:\/\/utrera.salesianos.edu\/jovenesendificultad\/celebraciones-solidarias\/\" \/>\n<meta property=\"og:site_name\" content=\"Proyecto Oberti\" \/>\n<meta property=\"article:modified_time\" content=\"2025-09-07T16:29:42+00:00\" \/>\n<meta name=\"twitter:card\" content=\"summary_large_image\" \/>\n<meta name=\"twitter:label1\" content=\"Tiempo de lectura\" \/>\n\t<meta name=\"twitter:data1\" content=\"3 minutos\" \/>\n<script type=\"application\/ld+json\" class=\"yoast-schema-graph\">{\"@context\":\"https:\\\/\\\/schema.org\",\"@graph\":[{\"@type\":\"WebPage\",\"@id\":\"https:\\\/\\\/utrera.salesianos.edu\\\/jovenesendificultad\\\/celebraciones-solidarias\\\/\",\"url\":\"https:\\\/\\\/utrera.salesianos.edu\\\/jovenesendificultad\\\/celebraciones-solidarias\\\/\",\"name\":\"Celebraciones Solidarias - Proyecto Oberti\",\"isPartOf\":{\"@id\":\"https:\\\/\\\/utrera.salesianos.edu\\\/jovenesendificultad\\\/#website\"},\"datePublished\":\"2018-10-12T15:06:16+00:00\",\"dateModified\":\"2025-09-07T16:29:42+00:00\",\"breadcrumb\":{\"@id\":\"https:\\\/\\\/utrera.salesianos.edu\\\/jovenesendificultad\\\/celebraciones-solidarias\\\/#breadcrumb\"},\"inLanguage\":\"es\",\"potentialAction\":[{\"@type\":\"ReadAction\",\"target\":[\"https:\\\/\\\/utrera.salesianos.edu\\\/jovenesendificultad\\\/celebraciones-solidarias\\\/\"]}]},{\"@type\":\"BreadcrumbList\",\"@id\":\"https:\\\/\\\/utrera.salesianos.edu\\\/jovenesendificultad\\\/celebraciones-solidarias\\\/#breadcrumb\",\"itemListElement\":[{\"@type\":\"ListItem\",\"position\":1,\"name\":\"Portada\",\"item\":\"https:\\\/\\\/utrera.salesianos.edu\\\/jovenesendificultad\\\/\"},{\"@type\":\"ListItem\",\"position\":2,\"name\":\"Celebraciones Solidarias\"}]},{\"@type\":\"WebSite\",\"@id\":\"https:\\\/\\\/utrera.salesianos.edu\\\/jovenesendificultad\\\/#website\",\"url\":\"https:\\\/\\\/utrera.salesianos.edu\\\/jovenesendificultad\\\/\",\"name\":\"Proyecto Oberti\",\"description\":\"Pagina oficial del Proyecto Oberti de la Obra Salesiana en Utrera.\",\"potentialAction\":[{\"@type\":\"SearchAction\",\"target\":{\"@type\":\"EntryPoint\",\"urlTemplate\":\"https:\\\/\\\/utrera.salesianos.edu\\\/jovenesendificultad\\\/?s={search_term_string}\"},\"query-input\":{\"@type\":\"PropertyValueSpecification\",\"valueRequired\":true,\"valueName\":\"search_term_string\"}}],\"inLanguage\":\"es\"}]}<\/script>\n<!-- \/ Yoast SEO plugin. -->","yoast_head_json":{"title":"Celebraciones Solidarias - Proyecto Oberti","robots":{"index":"index","follow":"follow","max-snippet":"max-snippet:-1","max-image-preview":"max-image-preview:large","max-video-preview":"max-video-preview:-1"},"canonical":"https:\/\/utrera.salesianos.edu\/jovenesendificultad\/celebraciones-solidarias\/","og_locale":"es_ES","og_type":"article","og_title":"Celebraciones Solidarias - Proyecto Oberti","og_description":"_____ Celebraciones solidarios _____ Contigo construimos un mundo mejor Para hacer de vuestro enlace o comuni\u00f3n un d\u00eda a\u00fan m\u00e1s especial, qu\u00e9 mejor que sorprender a vuestros invitados con un regalo solidario. Pod\u00e9is convertir el detalle de recuerdo de vuestra boda en\u00a0un donativo para el Proyecto Oberti. Para contar que hab\u00e9is transformado el obsequio de [&hellip;]","og_url":"https:\/\/utrera.salesianos.edu\/jovenesendificultad\/celebraciones-solidarias\/","og_site_name":"Proyecto Oberti","article_modified_time":"2025-09-07T16:29:42+00:00","twitter_card":"summary_large_image","twitter_misc":{"Tiempo de lectura":"3 minutos"},"schema":{"@context":"https:\/\/schema.org","@graph":[{"@type":"WebPage","@id":"https:\/\/utrera.salesianos.edu\/jovenesendificultad\/celebraciones-solidarias\/","url":"https:\/\/utrera.salesianos.edu\/jovenesendificultad\/celebraciones-solidarias\/","name":"Celebraciones Solidarias - Proyecto Oberti","isPartOf":{"@id":"https:\/\/utrera.salesianos.edu\/jovenesendificultad\/#website"},"datePublished":"2018-10-12T15:06:16+00:00","dateModified":"2025-09-07T16:29:42+00:00","breadcrumb":{"@id":"https:\/\/utrera.salesianos.edu\/jovenesendificultad\/celebraciones-solidarias\/#breadcrumb"},"inLanguage":"es","potentialAction":[{"@type":"ReadAction","target":["https:\/\/utrera.salesianos.edu\/jovenesendificultad\/celebraciones-solidarias\/"]}]},{"@type":"BreadcrumbList","@id":"https:\/\/utrera.salesianos.edu\/jovenesendificultad\/celebraciones-solidarias\/#breadcrumb","itemListElement":[{"@type":"ListItem","position":1,"name":"Portada","item":"https:\/\/utrera.salesianos.edu\/jovenesendificultad\/"},{"@type":"ListItem","position":2,"name":"Celebraciones Solidarias"}]},{"@type":"WebSite","@id":"https:\/\/utrera.salesianos.edu\/jovenesendificultad\/#website","url":"https:\/\/utrera.salesianos.edu\/jovenesendificultad\/","name":"Proyecto Oberti","description":"Pagina oficial del Proyecto Oberti de la Obra Salesiana en Utrera.","potentialAction":[{"@type":"SearchAction","target":{"@type":"EntryPoint","urlTemplate":"https:\/\/utrera.salesianos.edu\/jovenesendificultad\/?s={search_term_string}"},"query-input":{"@type":"PropertyValueSpecification","valueRequired":true,"valueName":"search_term_string"}}],"inLanguage":"es"}]}},"_links":{"self":[{"href":"https:\/\/utrera.salesianos.edu\/jovenesendificultad\/wp-json\/wp\/v2\/pages\/9900","targetHints":{"allow":["GET"]}}],"collection":[{"href":"https:\/\/utrera.salesianos.edu\/jovenesendificultad\/wp-json\/wp\/v2\/pages"}],"about":[{"href":"https:\/\/utrera.salesianos.edu\/jovenesendificultad\/wp-json\/wp\/v2\/types\/page"}],"author":[{"embeddable":true,"href":"https:\/\/utrera.salesianos.edu\/jovenesendificultad\/wp-json\/wp\/v2\/users\/5"}],"replies":[{"embeddable":true,"href":"https:\/\/utrera.salesianos.edu\/jovenesendificultad\/wp-json\/wp\/v2\/comments?post=9900"}],"version-history":[{"count":13,"href":"https:\/\/utrera.salesianos.edu\/jovenesendificultad\/wp-json\/wp\/v2\/pages\/9900\/revisions"}],"predecessor-version":[{"id":14839,"href":"https:\/\/utrera.salesianos.edu\/jovenesendificultad\/wp-json\/wp\/v2\/pages\/9900\/revisions\/14839"}],"wp:attachment":[{"href":"https:\/\/utrera.salesianos.edu\/jovenesendificultad\/wp-json\/wp\/v2\/media?parent=9900"}],"curies":[{"name":"wp","href":"https:\/\/api.w.org\/{rel}","templated":true}]}}