{"id":9428,"date":"2018-10-17T15:27:24","date_gmt":"2018-10-17T13:27:24","guid":{"rendered":"http:\/\/utrera.salesianos.edu\/obrasalesiana\/comunidad-salesiana-2\/"},"modified":"2026-02-23T13:57:53","modified_gmt":"2026-02-23T12:57:53","slug":"comunidad-salesiana-2","status":"publish","type":"page","link":"https:\/\/utrera.salesianos.edu\/obrasalesiana\/comunidad-salesiana-2\/","title":{"rendered":"Comunidad Salesiana"},"content":{"rendered":"<div id=\"fb-root\"><\/div>\n<p>[et_pb_section fb_built=\u00bb1&#8243; fullwidth=\u00bbon\u00bb _builder_version=\u00bb4.16&#8243; global_colors_info=\u00bb{}\u00bb][et_pb_fullwidth_header title=\u00bbComunidad Salesiana\u00bb module_class=\u00bbpagina-imagen-cabecera\u00bb _builder_version=\u00bb4.23&#8243; title_font=\u00bbAmatic SC||||||||\u00bb title_text_color=\u00bb#ffffff\u00bb title_font_size=\u00bb40px\u00bb background_color=\u00bbrgba(255, 255, 255, 0)\u00bb background_image=\u00bbhttps:\/\/inspectoria.salesianos.edu\/wp-content\/uploads\/2017\/09\/ImagenPAGINA.jpg\u00bb background_layout=\u00bblight\u00bb max_width_tablet=\u00bb50px\u00bb text_shadow_style=\u00bbpreset3&#8243; global_colors_info=\u00bb{}\u00bb button_one_text_size__hover_enabled=\u00bboff\u00bb button_one_text_size__hover=\u00bbnull\u00bb button_two_text_size__hover_enabled=\u00bboff\u00bb button_two_text_size__hover=\u00bbnull\u00bb button_one_text_color__hover_enabled=\u00bboff\u00bb button_one_text_color__hover=\u00bbnull\u00bb button_two_text_color__hover_enabled=\u00bboff\u00bb button_two_text_color__hover=\u00bbnull\u00bb button_one_border_width__hover_enabled=\u00bboff\u00bb button_one_border_width__hover=\u00bbnull\u00bb button_two_border_width__hover_enabled=\u00bboff\u00bb button_two_border_width__hover=\u00bbnull\u00bb button_one_border_color__hover_enabled=\u00bboff\u00bb button_one_border_color__hover=\u00bbnull\u00bb button_two_border_color__hover_enabled=\u00bboff\u00bb button_two_border_color__hover=\u00bbnull\u00bb button_one_border_radius__hover_enabled=\u00bboff\u00bb button_one_border_radius__hover=\u00bbnull\u00bb button_two_border_radius__hover_enabled=\u00bboff\u00bb button_two_border_radius__hover=\u00bbnull\u00bb button_one_letter_spacing__hover_enabled=\u00bboff\u00bb button_one_letter_spacing__hover=\u00bbnull\u00bb button_two_letter_spacing__hover_enabled=\u00bboff\u00bb button_two_letter_spacing__hover=\u00bbnull\u00bb button_one_bg_color__hover_enabled=\u00bboff\u00bb button_one_bg_color__hover=\u00bbnull\u00bb button_two_bg_color__hover_enabled=\u00bboff\u00bb button_two_bg_color__hover=\u00bbnull\u00bb][\/et_pb_fullwidth_header][\/et_pb_section][et_pb_section fb_built=\u00bb1&#8243; module_class=\u00bbpagina-seccion-contenido\u00bb _builder_version=\u00bb4.16&#8243; custom_padding=\u00bb-4%|||\u00bb global_colors_info=\u00bb{}\u00bb][et_pb_row column_structure=\u00bb1_2,1_2&#8243; _builder_version=\u00bb4.16&#8243; background_size=\u00bbinitial\u00bb background_position=\u00bbtop_left\u00bb background_repeat=\u00bbrepeat\u00bb global_colors_info=\u00bb{}\u00bb][et_pb_column type=\u00bb1_2&#8243; _builder_version=\u00bb4.16&#8243; custom_padding=\u00bb|||\u00bb global_colors_info=\u00bb{}\u00bb custom_padding__hover=\u00bb|||\u00bb][et_pb_text _builder_version=\u00bb4.16&#8243; background_size=\u00bbinitial\u00bb background_position=\u00bbtop_left\u00bb background_repeat=\u00bbrepeat\u00bb global_colors_info=\u00bb{}\u00bb]<\/p>\n<h1>\u00bfQui\u00e9nes formamos la Comunidad Salesiana?<\/h1>\n<p>[\/et_pb_text][et_pb_text _builder_version=\u00bb4.16&#8243; vertical_offset_tablet=\u00bb0&#8243; horizontal_offset_tablet=\u00bb0&#8243; z_index_tablet=\u00bb0&#8243; text_text_shadow_horizontal_length_tablet=\u00bb0px\u00bb text_text_shadow_vertical_length_tablet=\u00bb0px\u00bb text_text_shadow_blur_strength_tablet=\u00bb1px\u00bb link_text_shadow_horizontal_length_tablet=\u00bb0px\u00bb link_text_shadow_vertical_length_tablet=\u00bb0px\u00bb link_text_shadow_blur_strength_tablet=\u00bb1px\u00bb ul_text_shadow_horizontal_length_tablet=\u00bb0px\u00bb ul_text_shadow_vertical_length_tablet=\u00bb0px\u00bb ul_text_shadow_blur_strength_tablet=\u00bb1px\u00bb ol_text_shadow_horizontal_length_tablet=\u00bb0px\u00bb ol_text_shadow_vertical_length_tablet=\u00bb0px\u00bb ol_text_shadow_blur_strength_tablet=\u00bb1px\u00bb quote_text_shadow_horizontal_length_tablet=\u00bb0px\u00bb quote_text_shadow_vertical_length_tablet=\u00bb0px\u00bb quote_text_shadow_blur_strength_tablet=\u00bb1px\u00bb header_text_shadow_horizontal_length_tablet=\u00bb0px\u00bb header_text_shadow_vertical_length_tablet=\u00bb0px\u00bb header_text_shadow_blur_strength_tablet=\u00bb1px\u00bb header_2_text_shadow_horizontal_length_tablet=\u00bb0px\u00bb header_2_text_shadow_vertical_length_tablet=\u00bb0px\u00bb header_2_text_shadow_blur_strength_tablet=\u00bb1px\u00bb header_3_text_shadow_horizontal_length_tablet=\u00bb0px\u00bb header_3_text_shadow_vertical_length_tablet=\u00bb0px\u00bb header_3_text_shadow_blur_strength_tablet=\u00bb1px\u00bb header_4_text_shadow_horizontal_length_tablet=\u00bb0px\u00bb header_4_text_shadow_vertical_length_tablet=\u00bb0px\u00bb header_4_text_shadow_blur_strength_tablet=\u00bb1px\u00bb header_5_text_shadow_horizontal_length_tablet=\u00bb0px\u00bb header_5_text_shadow_vertical_length_tablet=\u00bb0px\u00bb header_5_text_shadow_blur_strength_tablet=\u00bb1px\u00bb header_6_text_shadow_horizontal_length_tablet=\u00bb0px\u00bb header_6_text_shadow_vertical_length_tablet=\u00bb0px\u00bb header_6_text_shadow_blur_strength_tablet=\u00bb1px\u00bb box_shadow_horizontal_tablet=\u00bb0px\u00bb box_shadow_vertical_tablet=\u00bb0px\u00bb box_shadow_blur_tablet=\u00bb40px\u00bb box_shadow_spread_tablet=\u00bb0px\u00bb global_colors_info=\u00bb{}\u00bb]<\/p>\n<p>La comunidad religiosa de Salesianos de Don Bosco es el n\u00facleo animador de la tarea educativo-pastoral de la Obra, y es la encargada de continuar con el carisma de San Juan Bosco,\u00a0llevando la salvaci\u00f3n a los m\u00e1s j\u00f3venes.<\/p>\n<p>Nuestra Obra Salesiana de Utrera, es una<strong>\u00a0casa habitada<\/strong>\u00a0por una comunidad de Salesianos que se dedica a tiempo pleno a acompa\u00f1ar, rezar y animar a los diversos proyectos y ambientes educativo-pastorales.<\/p>\n<p>Participamos de muy diversas maneras en la animaci\u00f3n de toda la Obra Salesiana de Utrera, prodigando tiempos, atenci\u00f3n y trabajo en horarios, lugares y actividades muy diversas, como las que nuestra \u201cextensa\u201d casa salesiana tiene.<\/p>\n<p>Actualmente, la Comunidad Salesiana de la Obra de Utrera, est\u00e1 formada por los siguientes Salesianos de Don Bosco:<\/p>\n<p>&#8211; D. Ram\u00f3n Ronda Segrelles, director<\/p>\n<p>&#8211; D.\u00a0 Manuel Mu\u00f1oz R\u00edos, vicario.<\/p>\n<p>&#8211; D. Jos\u00e9 Mar\u00eda Mart\u00edn Flores<\/p>\n<p>&#8211; D. Marcial Portillo Rodr\u00edguez<\/p>\n<p>&#8211; D. Jos\u00e9 Palmero Gonz\u00e1lez<\/p>\n<p>&#8211; D. Marco Mart\u00ednez Moreno<\/p>\n<p>&#8211; D. Valent\u00edn Viguera Franco\u00a0<\/p>\n<p>[\/et_pb_text][\/et_pb_column][et_pb_column type=\u00bb1_2&#8243; _builder_version=\u00bb4.16&#8243; custom_padding=\u00bb|||\u00bb global_colors_info=\u00bb{}\u00bb custom_padding__hover=\u00bb|||\u00bb][et_pb_image align_tablet=\u00bbcenter\u00bb align_phone=\u00bb\u00bb align_last_edited=\u00bbon|desktop\u00bb _builder_version=\u00bb4.16&#8243; vertical_offset_tablet=\u00bb0&#8243; horizontal_offset_tablet=\u00bb0&#8243; z_index_tablet=\u00bb0&#8243; box_shadow_horizontal_tablet=\u00bb0px\u00bb box_shadow_vertical_tablet=\u00bb0px\u00bb box_shadow_blur_tablet=\u00bb40px\u00bb box_shadow_spread_tablet=\u00bb0px\u00bb global_colors_info=\u00bb{}\u00bb][\/et_pb_image][et_pb_image align_tablet=\u00bbcenter\u00bb align_phone=\u00bb\u00bb align_last_edited=\u00bbon|desktop\u00bb _builder_version=\u00bb4.16&#8243; vertical_offset_tablet=\u00bb0&#8243; horizontal_offset_tablet=\u00bb0&#8243; z_index_tablet=\u00bb0&#8243; box_shadow_horizontal_tablet=\u00bb0px\u00bb box_shadow_vertical_tablet=\u00bb0px\u00bb box_shadow_blur_tablet=\u00bb40px\u00bb box_shadow_spread_tablet=\u00bb0px\u00bb global_colors_info=\u00bb{}\u00bb][\/et_pb_image][\/et_pb_column][\/et_pb_row][\/et_pb_section]<\/p>\n","protected":false},"excerpt":{"rendered":"<p>\u00bfQui\u00e9nes formamos la Comunidad Salesiana? La comunidad religiosa de Salesianos de Don Bosco es el n\u00facleo animador de la tarea educativo-pastoral de la Obra, y es la encargada de continuar con el carisma de San Juan Bosco,\u00a0llevando la salvaci\u00f3n a los m\u00e1s j\u00f3venes. Nuestra Obra Salesiana de Utrera, es una\u00a0casa habitada\u00a0por una comunidad de Salesianos [&hellip;]<\/p>\n","protected":false},"author":2,"featured_media":0,"parent":0,"menu_order":0,"comment_status":"closed","ping_status":"closed","template":"","meta":{"_et_pb_use_builder":"on","_et_pb_old_content":"","_et_gb_content_width":"","footnotes":""},"class_list":["post-9428","page","type-page","status-publish","hentry"],"yoast_head":"<!-- This site is optimized with the Yoast SEO plugin v27.4 - https:\/\/yoast.com\/product\/yoast-seo-wordpress\/ -->\n<title>Comunidad Salesiana - Obra Salesiana<\/title>\n<meta name=\"robots\" content=\"index, follow, max-snippet:-1, max-image-preview:large, max-video-preview:-1\" \/>\n<link rel=\"canonical\" href=\"https:\/\/utrera.salesianos.edu\/obrasalesiana\/comunidad-salesiana-2\/\" \/>\n<meta property=\"og:locale\" content=\"es_ES\" \/>\n<meta property=\"og:type\" content=\"article\" \/>\n<meta property=\"og:title\" content=\"Comunidad Salesiana - Obra Salesiana\" \/>\n<meta property=\"og:description\" content=\"\u00bfQui\u00e9nes formamos la Comunidad Salesiana? La comunidad religiosa de Salesianos de Don Bosco es el n\u00facleo animador de la tarea educativo-pastoral de la Obra, y es la encargada de continuar con el carisma de San Juan Bosco,\u00a0llevando la salvaci\u00f3n a los m\u00e1s j\u00f3venes. Nuestra Obra Salesiana de Utrera, es una\u00a0casa habitada\u00a0por una comunidad de Salesianos [&hellip;]\" \/>\n<meta property=\"og:url\" content=\"https:\/\/utrera.salesianos.edu\/obrasalesiana\/comunidad-salesiana-2\/\" \/>\n<meta property=\"og:site_name\" content=\"Obra Salesiana\" \/>\n<meta property=\"article:modified_time\" content=\"2026-02-23T12:57:53+00:00\" \/>\n<meta name=\"twitter:card\" content=\"summary_large_image\" \/>\n<meta name=\"twitter:label1\" content=\"Tiempo de lectura\" \/>\n\t<meta name=\"twitter:data1\" content=\"2 minutos\" \/>\n<script type=\"application\/ld+json\" class=\"yoast-schema-graph\">{\"@context\":\"https:\\\/\\\/schema.org\",\"@graph\":[{\"@type\":\"WebPage\",\"@id\":\"https:\\\/\\\/utrera.salesianos.edu\\\/obrasalesiana\\\/comunidad-salesiana-2\\\/\",\"url\":\"https:\\\/\\\/utrera.salesianos.edu\\\/obrasalesiana\\\/comunidad-salesiana-2\\\/\",\"name\":\"Comunidad Salesiana - Obra Salesiana\",\"isPartOf\":{\"@id\":\"https:\\\/\\\/utrera.salesianos.edu\\\/obrasalesiana\\\/#website\"},\"datePublished\":\"2018-10-17T13:27:24+00:00\",\"dateModified\":\"2026-02-23T12:57:53+00:00\",\"breadcrumb\":{\"@id\":\"https:\\\/\\\/utrera.salesianos.edu\\\/obrasalesiana\\\/comunidad-salesiana-2\\\/#breadcrumb\"},\"inLanguage\":\"es\",\"potentialAction\":[{\"@type\":\"ReadAction\",\"target\":[\"https:\\\/\\\/utrera.salesianos.edu\\\/obrasalesiana\\\/comunidad-salesiana-2\\\/\"]}]},{\"@type\":\"BreadcrumbList\",\"@id\":\"https:\\\/\\\/utrera.salesianos.edu\\\/obrasalesiana\\\/comunidad-salesiana-2\\\/#breadcrumb\",\"itemListElement\":[{\"@type\":\"ListItem\",\"position\":1,\"name\":\"Portada\",\"item\":\"https:\\\/\\\/utrera.salesianos.edu\\\/obrasalesiana\\\/\"},{\"@type\":\"ListItem\",\"position\":2,\"name\":\"Comunidad Salesiana\"}]},{\"@type\":\"WebSite\",\"@id\":\"https:\\\/\\\/utrera.salesianos.edu\\\/obrasalesiana\\\/#website\",\"url\":\"https:\\\/\\\/utrera.salesianos.edu\\\/obrasalesiana\\\/\",\"name\":\"Obra Salesiana\",\"description\":\"P\u00e1gina oficial Salesianos Utrera\",\"potentialAction\":[{\"@type\":\"SearchAction\",\"target\":{\"@type\":\"EntryPoint\",\"urlTemplate\":\"https:\\\/\\\/utrera.salesianos.edu\\\/obrasalesiana\\\/?s={search_term_string}\"},\"query-input\":{\"@type\":\"PropertyValueSpecification\",\"valueRequired\":true,\"valueName\":\"search_term_string\"}}],\"inLanguage\":\"es\"}]}<\/script>\n<!-- \/ Yoast SEO plugin. -->","yoast_head_json":{"title":"Comunidad Salesiana - Obra Salesiana","robots":{"index":"index","follow":"follow","max-snippet":"max-snippet:-1","max-image-preview":"max-image-preview:large","max-video-preview":"max-video-preview:-1"},"canonical":"https:\/\/utrera.salesianos.edu\/obrasalesiana\/comunidad-salesiana-2\/","og_locale":"es_ES","og_type":"article","og_title":"Comunidad Salesiana - Obra Salesiana","og_description":"\u00bfQui\u00e9nes formamos la Comunidad Salesiana? La comunidad religiosa de Salesianos de Don Bosco es el n\u00facleo animador de la tarea educativo-pastoral de la Obra, y es la encargada de continuar con el carisma de San Juan Bosco,\u00a0llevando la salvaci\u00f3n a los m\u00e1s j\u00f3venes. Nuestra Obra Salesiana de Utrera, es una\u00a0casa habitada\u00a0por una comunidad de Salesianos [&hellip;]","og_url":"https:\/\/utrera.salesianos.edu\/obrasalesiana\/comunidad-salesiana-2\/","og_site_name":"Obra Salesiana","article_modified_time":"2026-02-23T12:57:53+00:00","twitter_card":"summary_large_image","twitter_misc":{"Tiempo de lectura":"2 minutos"},"schema":{"@context":"https:\/\/schema.org","@graph":[{"@type":"WebPage","@id":"https:\/\/utrera.salesianos.edu\/obrasalesiana\/comunidad-salesiana-2\/","url":"https:\/\/utrera.salesianos.edu\/obrasalesiana\/comunidad-salesiana-2\/","name":"Comunidad Salesiana - Obra Salesiana","isPartOf":{"@id":"https:\/\/utrera.salesianos.edu\/obrasalesiana\/#website"},"datePublished":"2018-10-17T13:27:24+00:00","dateModified":"2026-02-23T12:57:53+00:00","breadcrumb":{"@id":"https:\/\/utrera.salesianos.edu\/obrasalesiana\/comunidad-salesiana-2\/#breadcrumb"},"inLanguage":"es","potentialAction":[{"@type":"ReadAction","target":["https:\/\/utrera.salesianos.edu\/obrasalesiana\/comunidad-salesiana-2\/"]}]},{"@type":"BreadcrumbList","@id":"https:\/\/utrera.salesianos.edu\/obrasalesiana\/comunidad-salesiana-2\/#breadcrumb","itemListElement":[{"@type":"ListItem","position":1,"name":"Portada","item":"https:\/\/utrera.salesianos.edu\/obrasalesiana\/"},{"@type":"ListItem","position":2,"name":"Comunidad Salesiana"}]},{"@type":"WebSite","@id":"https:\/\/utrera.salesianos.edu\/obrasalesiana\/#website","url":"https:\/\/utrera.salesianos.edu\/obrasalesiana\/","name":"Obra Salesiana","description":"P\u00e1gina oficial Salesianos Utrera","potentialAction":[{"@type":"SearchAction","target":{"@type":"EntryPoint","urlTemplate":"https:\/\/utrera.salesianos.edu\/obrasalesiana\/?s={search_term_string}"},"query-input":{"@type":"PropertyValueSpecification","valueRequired":true,"valueName":"search_term_string"}}],"inLanguage":"es"}]}},"_links":{"self":[{"href":"https:\/\/utrera.salesianos.edu\/obrasalesiana\/wp-json\/wp\/v2\/pages\/9428","targetHints":{"allow":["GET"]}}],"collection":[{"href":"https:\/\/utrera.salesianos.edu\/obrasalesiana\/wp-json\/wp\/v2\/pages"}],"about":[{"href":"https:\/\/utrera.salesianos.edu\/obrasalesiana\/wp-json\/wp\/v2\/types\/page"}],"author":[{"embeddable":true,"href":"https:\/\/utrera.salesianos.edu\/obrasalesiana\/wp-json\/wp\/v2\/users\/2"}],"replies":[{"embeddable":true,"href":"https:\/\/utrera.salesianos.edu\/obrasalesiana\/wp-json\/wp\/v2\/comments?post=9428"}],"version-history":[{"count":11,"href":"https:\/\/utrera.salesianos.edu\/obrasalesiana\/wp-json\/wp\/v2\/pages\/9428\/revisions"}],"predecessor-version":[{"id":9563,"href":"https:\/\/utrera.salesianos.edu\/obrasalesiana\/wp-json\/wp\/v2\/pages\/9428\/revisions\/9563"}],"wp:attachment":[{"href":"https:\/\/utrera.salesianos.edu\/obrasalesiana\/wp-json\/wp\/v2\/media?parent=9428"}],"curies":[{"name":"wp","href":"https:\/\/api.w.org\/{rel}","templated":true}]}}