{"id":9429,"date":"2018-10-17T15:28:49","date_gmt":"2018-10-17T13:28:49","guid":{"rendered":"http:\/\/utrera.salesianos.edu\/obrasalesiana\/proyecto\/"},"modified":"2023-11-06T19:42:45","modified_gmt":"2023-11-06T18:42:45","slug":"proyecto","status":"publish","type":"page","link":"https:\/\/utrera.salesianos.edu\/obrasalesiana\/proyecto\/","title":{"rendered":"Proyecto"},"content":{"rendered":"<div id=\"fb-root\"><\/div>\n<p>[et_pb_section fb_built=\u00bb1&#8243; fullwidth=\u00bbon\u00bb _builder_version=\u00bb4.16&#8243; global_colors_info=\u00bb{}\u00bb][et_pb_fullwidth_header title=\u00bbNuestro Proyecto\u00bb module_class=\u00bbpagina-imagen-cabecera\u00bb _builder_version=\u00bb4.23&#8243; title_font=\u00bbAmatic SC|700|||||||\u00bb background_image=\u00bbhttps:\/\/inspectoria.salesianos.edu\/wp-content\/uploads\/2017\/09\/ImagenPAGINA.jpg\u00bb background_layout=\u00bblight\u00bb max_width_tablet=\u00bb50px\u00bb text_shadow_style=\u00bbpreset3&#8243; global_colors_info=\u00bb{}\u00bb button_one_text_size__hover_enabled=\u00bboff\u00bb button_two_text_size__hover_enabled=\u00bboff\u00bb button_one_text_color__hover_enabled=\u00bboff\u00bb button_two_text_color__hover_enabled=\u00bboff\u00bb button_one_border_width__hover_enabled=\u00bboff\u00bb button_two_border_width__hover_enabled=\u00bboff\u00bb button_one_border_color__hover_enabled=\u00bboff\u00bb button_two_border_color__hover_enabled=\u00bboff\u00bb button_one_border_radius__hover_enabled=\u00bboff\u00bb button_two_border_radius__hover_enabled=\u00bboff\u00bb button_one_letter_spacing__hover_enabled=\u00bboff\u00bb button_two_letter_spacing__hover_enabled=\u00bboff\u00bb button_one_bg_color__hover_enabled=\u00bboff\u00bb button_two_bg_color__hover_enabled=\u00bboff\u00bb][\/et_pb_fullwidth_header][\/et_pb_section][et_pb_section fb_built=\u00bb1&#8243; admin_label=\u00bbsection\u00bb _builder_version=\u00bb4.16&#8243; global_colors_info=\u00bb{}\u00bb][et_pb_row column_structure=\u00bb2_3,1_3&#8243; _builder_version=\u00bb4.16&#8243; custom_margin=\u00bb25px|||\u00bb custom_padding=\u00bb25px|||\u00bb global_colors_info=\u00bb{}\u00bb][et_pb_column type=\u00bb2_3&#8243; _builder_version=\u00bb4.16&#8243; custom_padding=\u00bb|||\u00bb global_colors_info=\u00bb{}\u00bb custom_padding__hover=\u00bb|||\u00bb][et_pb_text _builder_version=\u00bb4.23&#8243; text_font=\u00bbAmatic SC|700|||||||\u00bb text_font_size=\u00bb25px\u00bb header_font=\u00bbAmatic SC|700|||||||\u00bb header_font_size=\u00bb33px\u00bb global_colors_info=\u00bb{}\u00bb]<\/p>\n<h1>Proyecto Educativo Pastoral Salesiano<\/h1>\n<p>[\/et_pb_text][et_pb_text _builder_version=\u00bb4.17.3&#8243; border_style=\u00bbsolid\u00bb global_colors_info=\u00bb{}\u00bb]<\/p>\n<div class=\"et_pb_column et_pb_column_3_4 et_pb_column_0 et_pb_css_mix_blend_mode_passthrough\">\n<div class=\"et_pb_module et_pb_text et_pb_text_1 et_pb_bg_layout_light et_pb_text_align_left\">\n<div class=\"et_pb_text_inner\">\n<p>Para llevar a cabo de una manera conjunta y coordinada la misi\u00f3n salesiana de esta obra, la<strong>\u00a0Casa Salesiana de Utrera\u00a0<\/strong>elabora este\u00a0<strong>Proyecto Educativo Pastoral (PEPS),<\/strong>\u00a0que recoge los objetivos que quieren lograr todos los ambientes de la obra y los medios necesarios para hacerlo.<\/p>\n<p>La duraci\u00f3n de este proyecto ser\u00e1 de dos a\u00f1os\u00a0<strong>(2022 \u2013 2025)<\/strong>, se concretar\u00e1 en programas anuales e implica a los siguientes colectivos de la Obra:<\/p>\n<ul>\n<li>Comunidad Salesiana.<\/li>\n<li>Familia Salesiana: Salesianos Cooperadores, AA.AA., ADMA, Hermandad del Amor, Hogares Don Bosco<\/li>\n<li>Colegio Ntra. Sra. del Carmen<\/li>\n<li>Centro Juvenil Aldaba<\/li>\n<li>Proyecto J\u00f3venes en Dificultad \u00abOberti\u00bb<\/li>\n<\/ul>\n<\/div>\n<\/div>\n<\/div>\n<div class=\"et_pb_column et_pb_column_1_4 et_pb_column_1 et_pb_css_mix_blend_mode_passthrough et-last-child\">\n<div class=\"et_pb_module et_pb_blurb et_pb_blurb_0 et_pb_bg_layout_light et_pb_text_align_center et_pb_blurb_position_top\">\n<div class=\"et_pb_blurb_content\">\n<div class=\"et_pb_main_blurb_image\">\u00a0<\/div>\n<\/div>\n<\/div>\n<\/div>\n<p>[\/et_pb_text][\/et_pb_column][et_pb_column type=\u00bb1_3&#8243; _builder_version=\u00bb4.16&#8243; custom_padding=\u00bb|||\u00bb global_colors_info=\u00bb{}\u00bb custom_padding__hover=\u00bb|||\u00bb][et_pb_blurb title=\u00bbDescarga PEPS\u00bb url=\u00bb@ET-DC@eyJkeW5hbWljIjp0cnVlLCJjb250ZW50IjoicG9zdF9saW5rX3VybF9hdHRhY2htZW50Iiwic2V0dGluZ3MiOnsicG9zdF9pZCI6Ijk0ODgifX0=@\u00bb image=\u00bbhttps:\/\/utrera.salesianos.edu\/obrasalesiana\/wp-content\/uploads\/sites\/7\/2023\/11\/LOGO-CORAZON.png\u00bb image_icon_width=\u00bb124px\u00bb _builder_version=\u00bb4.23&#8243; _dynamic_attributes=\u00bburl\u00bb header_font=\u00bbAmatic SC|700|||||||\u00bb header_font_size=\u00bb30px\u00bb background_enable_image=\u00bboff\u00bb background_size=\u00bbcontain\u00bb background_blend=\u00bbluminosity\u00bb text_orientation=\u00bbcenter\u00bb hover_enabled=\u00bb0&#8243; box_shadow_style_image=\u00bbpreset2&#8243; text_shadow_style=\u00bbpreset1&#8243; text_shadow_color=\u00bb#FFFFFF\u00bb icon_font_size=\u00bb106px\u00bb global_colors_info=\u00bb{}\u00bb header_text_shadow_style=\u00bbpreset1&#8243; sticky_enabled=\u00bb0&#8243;][\/et_pb_blurb][\/et_pb_column][\/et_pb_row][et_pb_row _builder_version=\u00bb4.16&#8243; global_colors_info=\u00bb{}\u00bb][et_pb_column type=\u00bb4_4&#8243; _builder_version=\u00bb4.16&#8243; custom_padding=\u00bb|||\u00bb global_colors_info=\u00bb{}\u00bb custom_padding__hover=\u00bb|||\u00bb][\/et_pb_column][\/et_pb_row][\/et_pb_section]<\/p>\n","protected":false},"excerpt":{"rendered":"<p>Proyecto Educativo Pastoral Salesiano Para llevar a cabo de una manera conjunta y coordinada la misi\u00f3n salesiana de esta obra, la\u00a0Casa Salesiana de Utrera\u00a0elabora este\u00a0Proyecto Educativo Pastoral (PEPS),\u00a0que recoge los objetivos que quieren lograr todos los ambientes de la obra y los medios necesarios para hacerlo. La duraci\u00f3n de este proyecto ser\u00e1 de dos a\u00f1os\u00a0(2022 [&hellip;]<\/p>\n","protected":false},"author":2,"featured_media":0,"parent":0,"menu_order":0,"comment_status":"closed","ping_status":"closed","template":"","meta":{"_et_pb_use_builder":"on","_et_pb_old_content":"","_et_gb_content_width":"","footnotes":""},"class_list":["post-9429","page","type-page","status-publish","hentry"],"yoast_head":"<!-- This site is optimized with the Yoast SEO plugin v27.4 - https:\/\/yoast.com\/product\/yoast-seo-wordpress\/ -->\n<title>Proyecto - Obra Salesiana<\/title>\n<meta name=\"robots\" content=\"index, follow, max-snippet:-1, max-image-preview:large, max-video-preview:-1\" \/>\n<link rel=\"canonical\" href=\"https:\/\/utrera.salesianos.edu\/obrasalesiana\/proyecto\/\" \/>\n<meta property=\"og:locale\" content=\"es_ES\" \/>\n<meta property=\"og:type\" content=\"article\" \/>\n<meta property=\"og:title\" content=\"Proyecto - Obra Salesiana\" \/>\n<meta property=\"og:description\" content=\"Proyecto Educativo Pastoral Salesiano Para llevar a cabo de una manera conjunta y coordinada la misi\u00f3n salesiana de esta obra, la\u00a0Casa Salesiana de Utrera\u00a0elabora este\u00a0Proyecto Educativo Pastoral (PEPS),\u00a0que recoge los objetivos que quieren lograr todos los ambientes de la obra y los medios necesarios para hacerlo. La duraci\u00f3n de este proyecto ser\u00e1 de dos a\u00f1os\u00a0(2022 [&hellip;]\" \/>\n<meta property=\"og:url\" content=\"https:\/\/utrera.salesianos.edu\/obrasalesiana\/proyecto\/\" \/>\n<meta property=\"og:site_name\" content=\"Obra Salesiana\" \/>\n<meta property=\"article:modified_time\" content=\"2023-11-06T18:42:45+00:00\" \/>\n<meta name=\"twitter:card\" content=\"summary_large_image\" \/>\n<meta name=\"twitter:label1\" content=\"Tiempo de lectura\" \/>\n\t<meta name=\"twitter:data1\" content=\"1 minuto\" \/>\n<script type=\"application\/ld+json\" class=\"yoast-schema-graph\">{\"@context\":\"https:\\\/\\\/schema.org\",\"@graph\":[{\"@type\":\"WebPage\",\"@id\":\"https:\\\/\\\/utrera.salesianos.edu\\\/obrasalesiana\\\/proyecto\\\/\",\"url\":\"https:\\\/\\\/utrera.salesianos.edu\\\/obrasalesiana\\\/proyecto\\\/\",\"name\":\"Proyecto - Obra Salesiana\",\"isPartOf\":{\"@id\":\"https:\\\/\\\/utrera.salesianos.edu\\\/obrasalesiana\\\/#website\"},\"datePublished\":\"2018-10-17T13:28:49+00:00\",\"dateModified\":\"2023-11-06T18:42:45+00:00\",\"breadcrumb\":{\"@id\":\"https:\\\/\\\/utrera.salesianos.edu\\\/obrasalesiana\\\/proyecto\\\/#breadcrumb\"},\"inLanguage\":\"es\",\"potentialAction\":[{\"@type\":\"ReadAction\",\"target\":[\"https:\\\/\\\/utrera.salesianos.edu\\\/obrasalesiana\\\/proyecto\\\/\"]}]},{\"@type\":\"BreadcrumbList\",\"@id\":\"https:\\\/\\\/utrera.salesianos.edu\\\/obrasalesiana\\\/proyecto\\\/#breadcrumb\",\"itemListElement\":[{\"@type\":\"ListItem\",\"position\":1,\"name\":\"Portada\",\"item\":\"https:\\\/\\\/utrera.salesianos.edu\\\/obrasalesiana\\\/\"},{\"@type\":\"ListItem\",\"position\":2,\"name\":\"Proyecto\"}]},{\"@type\":\"WebSite\",\"@id\":\"https:\\\/\\\/utrera.salesianos.edu\\\/obrasalesiana\\\/#website\",\"url\":\"https:\\\/\\\/utrera.salesianos.edu\\\/obrasalesiana\\\/\",\"name\":\"Obra Salesiana\",\"description\":\"P\u00e1gina oficial Salesianos Utrera\",\"potentialAction\":[{\"@type\":\"SearchAction\",\"target\":{\"@type\":\"EntryPoint\",\"urlTemplate\":\"https:\\\/\\\/utrera.salesianos.edu\\\/obrasalesiana\\\/?s={search_term_string}\"},\"query-input\":{\"@type\":\"PropertyValueSpecification\",\"valueRequired\":true,\"valueName\":\"search_term_string\"}}],\"inLanguage\":\"es\"}]}<\/script>\n<!-- \/ Yoast SEO plugin. -->","yoast_head_json":{"title":"Proyecto - Obra Salesiana","robots":{"index":"index","follow":"follow","max-snippet":"max-snippet:-1","max-image-preview":"max-image-preview:large","max-video-preview":"max-video-preview:-1"},"canonical":"https:\/\/utrera.salesianos.edu\/obrasalesiana\/proyecto\/","og_locale":"es_ES","og_type":"article","og_title":"Proyecto - Obra Salesiana","og_description":"Proyecto Educativo Pastoral Salesiano Para llevar a cabo de una manera conjunta y coordinada la misi\u00f3n salesiana de esta obra, la\u00a0Casa Salesiana de Utrera\u00a0elabora este\u00a0Proyecto Educativo Pastoral (PEPS),\u00a0que recoge los objetivos que quieren lograr todos los ambientes de la obra y los medios necesarios para hacerlo. La duraci\u00f3n de este proyecto ser\u00e1 de dos a\u00f1os\u00a0(2022 [&hellip;]","og_url":"https:\/\/utrera.salesianos.edu\/obrasalesiana\/proyecto\/","og_site_name":"Obra Salesiana","article_modified_time":"2023-11-06T18:42:45+00:00","twitter_card":"summary_large_image","twitter_misc":{"Tiempo de lectura":"1 minuto"},"schema":{"@context":"https:\/\/schema.org","@graph":[{"@type":"WebPage","@id":"https:\/\/utrera.salesianos.edu\/obrasalesiana\/proyecto\/","url":"https:\/\/utrera.salesianos.edu\/obrasalesiana\/proyecto\/","name":"Proyecto - Obra Salesiana","isPartOf":{"@id":"https:\/\/utrera.salesianos.edu\/obrasalesiana\/#website"},"datePublished":"2018-10-17T13:28:49+00:00","dateModified":"2023-11-06T18:42:45+00:00","breadcrumb":{"@id":"https:\/\/utrera.salesianos.edu\/obrasalesiana\/proyecto\/#breadcrumb"},"inLanguage":"es","potentialAction":[{"@type":"ReadAction","target":["https:\/\/utrera.salesianos.edu\/obrasalesiana\/proyecto\/"]}]},{"@type":"BreadcrumbList","@id":"https:\/\/utrera.salesianos.edu\/obrasalesiana\/proyecto\/#breadcrumb","itemListElement":[{"@type":"ListItem","position":1,"name":"Portada","item":"https:\/\/utrera.salesianos.edu\/obrasalesiana\/"},{"@type":"ListItem","position":2,"name":"Proyecto"}]},{"@type":"WebSite","@id":"https:\/\/utrera.salesianos.edu\/obrasalesiana\/#website","url":"https:\/\/utrera.salesianos.edu\/obrasalesiana\/","name":"Obra Salesiana","description":"P\u00e1gina oficial Salesianos Utrera","potentialAction":[{"@type":"SearchAction","target":{"@type":"EntryPoint","urlTemplate":"https:\/\/utrera.salesianos.edu\/obrasalesiana\/?s={search_term_string}"},"query-input":{"@type":"PropertyValueSpecification","valueRequired":true,"valueName":"search_term_string"}}],"inLanguage":"es"}]}},"_links":{"self":[{"href":"https:\/\/utrera.salesianos.edu\/obrasalesiana\/wp-json\/wp\/v2\/pages\/9429","targetHints":{"allow":["GET"]}}],"collection":[{"href":"https:\/\/utrera.salesianos.edu\/obrasalesiana\/wp-json\/wp\/v2\/pages"}],"about":[{"href":"https:\/\/utrera.salesianos.edu\/obrasalesiana\/wp-json\/wp\/v2\/types\/page"}],"author":[{"embeddable":true,"href":"https:\/\/utrera.salesianos.edu\/obrasalesiana\/wp-json\/wp\/v2\/users\/2"}],"replies":[{"embeddable":true,"href":"https:\/\/utrera.salesianos.edu\/obrasalesiana\/wp-json\/wp\/v2\/comments?post=9429"}],"version-history":[{"count":12,"href":"https:\/\/utrera.salesianos.edu\/obrasalesiana\/wp-json\/wp\/v2\/pages\/9429\/revisions"}],"predecessor-version":[{"id":9558,"href":"https:\/\/utrera.salesianos.edu\/obrasalesiana\/wp-json\/wp\/v2\/pages\/9429\/revisions\/9558"}],"wp:attachment":[{"href":"https:\/\/utrera.salesianos.edu\/obrasalesiana\/wp-json\/wp\/v2\/media?parent=9429"}],"curies":[{"name":"wp","href":"https:\/\/api.w.org\/{rel}","templated":true}]}}